{"id":13121,"date":"2025-11-05T16:19:08","date_gmt":"2025-11-05T14:19:08","guid":{"rendered":"https:\/\/banques-ecoles.fr\/cms\/?page_id=13121"},"modified":"2025-11-24T12:03:09","modified_gmt":"2025-11-24T10:03:09","slug":"session-2025","status":"publish","type":"page","link":"https:\/\/banques-ecoles.fr\/cms\/session-2025\/","title":{"rendered":"Session 2025"},"content":{"rendered":"\n<p><strong>Rapports de la banque PC de la session 2025 : <\/strong><\/p>\n<p><a href=\"https:\/\/banques-ecoles.fr\/cms\/wp-content\/uploads\/2025\/11\/2025_rapport_Ecrits_PC_Maths.pdf\" target=\"_blank\" rel=\"noopener\">\u00c9preuve \u00e9crite de math\u00e9matique<\/a><\/p>\n<p><a href=\"https:\/\/banques-ecoles.fr\/cms\/wp-content\/uploads\/2025\/11\/2025_rapport_Ecrits_PC_francais.pdf\" target=\"_blank\" rel=\"noopener\">\u00c9preuve \u00e9crite de fran\u00e7ais<\/a><\/p>\n<p><a href=\"https:\/\/banques-ecoles.fr\/cms\/wp-content\/uploads\/2025\/11\/2025_rapport_Ecrits_PC_ChimieA.pdf\" target=\"_blank\" rel=\"noopener\">\u00c9preuve \u00e9crite de chimie A<\/a><\/p>\n<p><a href=\"https:\/\/banques-ecoles.fr\/cms\/wp-content\/uploads\/2025\/11\/2025_rapport_Ecrits_PC_PhysiqueA.pdf\" target=\"_blank\" rel=\"noopener\">\u00c9preuve \u00e9crite de physique A<\/a><\/p>\n<p><a href=\"https:\/\/banques-ecoles.fr\/cms\/wp-content\/uploads\/2025\/11\/2025_rapport_Ecrits_PC_PhysiqueB.pdf\" target=\"_blank\" rel=\"noopener\">\u00c9preuve \u00e9crite de physique B<\/a><\/p>\n<p><a href=\"https:\/\/banques-ecoles.fr\/cms\/wp-content\/uploads\/2025\/11\/2025_rapport_Ecrits_PC_anglais.pdf\" target=\"_blank\" rel=\"noopener\">\u00c9preuve \u00e9crite d&rsquo;anglais<\/a><\/p>\n<p><a href=\"https:\/\/banques-ecoles.fr\/cms\/wp-content\/uploads\/2025\/11\/2025_rapport_Ecrits_PC_allemand.pdf\" target=\"_blank\" rel=\"noopener\">\u00c9preuve \u00e9crite d&rsquo;allemand<\/a><\/p>\n<p><a href=\"https:\/\/banques-ecoles.fr\/cms\/wp-content\/uploads\/2025\/11\/2025_rapport_Ecrits_PC_espagnol.pdf\" target=\"_blank\" rel=\"noopener\">\u00c9preuve \u00e9crite d&rsquo;espagnol<\/a><\/p>\n<p><a href=\"https:\/\/banques-ecoles.fr\/cms\/wp-content\/uploads\/2025\/11\/2025_rapport_Ecrits_PC_arabe.pdf\" target=\"_blank\" rel=\"noopener\">\u00c9preuve \u00e9crite d&rsquo;arabe<\/a><\/p>\n<p><a href=\"https:\/\/banques-ecoles.fr\/cms\/wp-content\/uploads\/2025\/11\/2025_rapport_Ecrits_PC_PhysiqueC.pdf\" target=\"_blank\" rel=\"noopener\">\u00c9preuve \u00e9crite de physique C<\/a><\/p>\n<p><a href=\"https:\/\/banques-ecoles.fr\/cms\/wp-content\/uploads\/2025\/11\/Rapport_jury_Ecrit_Chimie_B_U_PC_2025.pdf\" target=\"_blank\" rel=\"noopener\">\u00c9preuve \u00e9crite de chimie B<\/a><\/p>\n<p><a href=\"https:\/\/banques-ecoles.fr\/cms\/wp-content\/uploads\/2025\/11\/2025_rapport_Ecrits_PC_infoB.pdf\" target=\"_blank\" rel=\"noopener\">\u00c9preuve \u00e9crite informatique B<\/a><\/p>\n<p><a href=\"https:\/\/banques-ecoles.fr\/cms\/wp-content\/uploads\/2025\/06\/25_pc_rap_phychi_ls.pdf\" target=\"_blank\" rel=\"noopener\">\u00c9preuve \u00e9crite de physique-chimie<\/a><\/p>\n<p>\u00c9preuve orale de d&rsquo;anglais<\/p>\n<p>\u00c9preuve orale d&rsquo;allemand<\/p>\n<p>\u00c9preuve orale d&rsquo;espagnol<\/p>\n<p>\u00c9preuve orale d&rsquo;arabe<\/p>\n<p><a href=\"https:\/\/banques-ecoles.fr\/cms\/wp-content\/uploads\/2025\/11\/rapport_concours_2025_PC_physique_ULM.pdf\" target=\"_blank\" rel=\"noopener\">\u00c9preuve orale de physique ULM<\/a><\/p>\n<p><a href=\"https:\/\/banques-ecoles.fr\/cms\/wp-content\/uploads\/2025\/09\/25_pc_rap_ophy_ls.pdf\" target=\"_blank\" rel=\"noopener\">\u00c9preuve orale de physique<\/a><\/p>\n<p><a href=\"https:\/\/banques-ecoles.fr\/cms\/wp-content\/uploads\/2025\/11\/Rapport_Oral_Chimie_U_PC_2025.pdf\" target=\"_blank\" rel=\"noopener\">\u00c9preuve orale chimie ULM<\/a><\/p>\n<p><a href=\"https:\/\/banques-ecoles.fr\/cms\/wp-content\/uploads\/2025\/11\/Rapport_Oral_Chimie_LS_PC_2025.pdf\" target=\"_blank\" rel=\"noopener\">\u00c9preuve orale chimie<\/a><\/p>\n<p><a href=\"https:\/\/banques-ecoles.fr\/cms\/wp-content\/uploads\/2025\/11\/Rapport_Oral_Math_UL_PC_2025.pdf\" target=\"_blank\" rel=\"noopener\">\u00c9preuve orale de math\u00e9matique<\/a><\/p>\n<p><a href=\"https:\/\/banques-ecoles.fr\/cms\/wp-content\/uploads\/2025\/11\/Rapport_Oral_TIPE_ULS_PC_2025.pdf\" target=\"_blank\" rel=\"noopener\">\u00c9preuve orale de TIPE<\/a><\/p>\n<p><a href=\"https:\/\/banques-ecoles.fr\/cms\/wp-content\/uploads\/2025\/11\/Rapport_Oral_TP_Physique_ULS_PC_2025.pdf\" target=\"_blank\" rel=\"noopener\">\u00c9preuve pratique de physique<\/a><\/p>\n<p><a href=\"https:\/\/banques-ecoles.fr\/cms\/wp-content\/uploads\/2025\/11\/Rapport_Oral_TP_Chimie_ULS_PC_2025.pdf\" target=\"_blank\" rel=\"noopener\">\u00c9preuve pratique de chimie<\/a><\/p>\n\n\n\n\n","protected":false},"excerpt":{"rendered":"<p>Rapports de la banque PC de la session 2025 : \u00c9preuve \u00e9crite de math\u00e9matique \u00c9preuve \u00e9crite de fran\u00e7ais \u00c9preuve \u00e9crite de chimie A \u00c9preuve \u00e9crite de physique A \u00c9preuve \u00e9crite de physique B \u00c9preuve \u00e9crite d&rsquo;anglais \u00c9preuve \u00e9crite d&rsquo;allemand \u00c9preuve <a href=\"https:\/\/banques-ecoles.fr\/cms\/session-2025\/\">[Lire la suite]<\/a><\/p>\n","protected":false},"author":38,"featured_media":0,"parent":0,"menu_order":0,"comment_status":"closed","ping_status":"closed","template":"","meta":{"footnotes":""},"class_list":["post-13121","page","type-page","status-publish","hentry"],"_links":{"self":[{"href":"https:\/\/banques-ecoles.fr\/cms\/wp-json\/wp\/v2\/pages\/13121","targetHints":{"allow":["GET"]}}],"collection":[{"href":"https:\/\/banques-ecoles.fr\/cms\/wp-json\/wp\/v2\/pages"}],"about":[{"href":"https:\/\/banques-ecoles.fr\/cms\/wp-json\/wp\/v2\/types\/page"}],"author":[{"embeddable":true,"href":"https:\/\/banques-ecoles.fr\/cms\/wp-json\/wp\/v2\/users\/38"}],"replies":[{"embeddable":true,"href":"https:\/\/banques-ecoles.fr\/cms\/wp-json\/wp\/v2\/comments?post=13121"}],"version-history":[{"count":6,"href":"https:\/\/banques-ecoles.fr\/cms\/wp-json\/wp\/v2\/pages\/13121\/revisions"}],"predecessor-version":[{"id":13182,"href":"https:\/\/banques-ecoles.fr\/cms\/wp-json\/wp\/v2\/pages\/13121\/revisions\/13182"}],"wp:attachment":[{"href":"https:\/\/banques-ecoles.fr\/cms\/wp-json\/wp\/v2\/media?parent=13121"}],"curies":[{"name":"wp","href":"https:\/\/api.w.org\/{rel}","templated":true}]}}