{"id":1332,"date":"2013-02-27T10:58:05","date_gmt":"2013-02-27T09:58:05","guid":{"rendered":"http:\/\/banques-ecoles-dev.fr\/cms\/?page_id=1332"},"modified":"2013-04-21T15:13:07","modified_gmt":"2013-04-21T14:13:07","slug":"session-2007","status":"publish","type":"page","link":"https:\/\/banques-ecoles.fr\/cms\/filieres-universitaires-second-concours-scientifique\/rapports-des-jurys-du-second-concours-de-lens-paris\/session-2007\/","title":{"rendered":"Session 2007"},"content":{"rendered":"<p>Rapports des jurys des \u00e9preuves \u00e9crites et orales du concours des fili\u00e8res universitaires de la session 2007.<\/p>\n<p>&nbsp;<\/p>\n<p><a href=\"\/cms\/wp-content\/data\/filieres-universitaires\/rapports-des-jurys-du-second-concours-de-lens-paris\/session-2007\/rapport-2007-second-concours_ecrit_biologie_biochimie.pdf\">Rapport de l&rsquo;\u00e9crit de biologie-biochimie<\/a><\/p>\n<p><a href=\"\/cms\/wp-content\/data\/filieres-universitaires\/rapports-des-jurys-du-second-concours-de-lens-paris\/session-2007\/rapport-2007-second-concours_oral_biologie_biochimie.pdf\">Rapport de l&rsquo;oral de biologie-biochimie<\/a><\/p>\n<p><a href=\"\/cms\/wp-content\/data\/filieres-universitaires\/rapports-des-jurys-du-second-concours-de-lens-paris\/session-2007\/rapport-2007-second-concours_oral_langue_vivante.pdf\">Rapport de l&rsquo;oral de langue vivante<\/a><\/p>\n","protected":false},"excerpt":{"rendered":"<p>Rapports des jurys des \u00e9preuves \u00e9crites et orales du concours des fili\u00e8res universitaires de la session 2007. &nbsp; Rapport de l&rsquo;\u00e9crit de biologie-biochimie Rapport de l&rsquo;oral de biologie-biochimie Rapport de l&rsquo;oral de langue vivante<\/p>\n","protected":false},"author":1,"featured_media":0,"parent":1188,"menu_order":3,"comment_status":"closed","ping_status":"open","template":"","meta":{"footnotes":""},"class_list":["post-1332","page","type-page","status-publish","hentry"],"_links":{"self":[{"href":"https:\/\/banques-ecoles.fr\/cms\/wp-json\/wp\/v2\/pages\/1332","targetHints":{"allow":["GET"]}}],"collection":[{"href":"https:\/\/banques-ecoles.fr\/cms\/wp-json\/wp\/v2\/pages"}],"about":[{"href":"https:\/\/banques-ecoles.fr\/cms\/wp-json\/wp\/v2\/types\/page"}],"author":[{"embeddable":true,"href":"https:\/\/banques-ecoles.fr\/cms\/wp-json\/wp\/v2\/users\/1"}],"replies":[{"embeddable":true,"href":"https:\/\/banques-ecoles.fr\/cms\/wp-json\/wp\/v2\/comments?post=1332"}],"version-history":[{"count":3,"href":"https:\/\/banques-ecoles.fr\/cms\/wp-json\/wp\/v2\/pages\/1332\/revisions"}],"predecessor-version":[{"id":2194,"href":"https:\/\/banques-ecoles.fr\/cms\/wp-json\/wp\/v2\/pages\/1332\/revisions\/2194"}],"up":[{"embeddable":true,"href":"https:\/\/banques-ecoles.fr\/cms\/wp-json\/wp\/v2\/pages\/1188"}],"wp:attachment":[{"href":"https:\/\/banques-ecoles.fr\/cms\/wp-json\/wp\/v2\/media?parent=1332"}],"curies":[{"name":"wp","href":"https:\/\/api.w.org\/{rel}","templated":true}]}}