{"id":1696,"date":"2013-04-16T15:30:32","date_gmt":"2013-04-16T14:30:32","guid":{"rendered":"https:\/\/banques-ecoles.fr\/cms\/?page_id=1696"},"modified":"2013-04-23T10:26:05","modified_gmt":"2013-04-23T09:26:05","slug":"session-2013","status":"publish","type":"page","link":"https:\/\/banques-ecoles.fr\/cms\/filiere-lettres-bel\/session-2013\/","title":{"rendered":"Session 2013"},"content":{"rendered":"<p>Sujets des \u00e9preuves \u00e9crites de la <b>Banque d&rsquo;Epreuves Litt\u00e9raires &#8211; Session 2013<\/b><\/p>\n<h4>Epreuves communes<\/h4>\n<ul>\n<li><a href=\"https:\/\/banques-ecoles.fr\/cms\/wp-content\/uploads\/2013\/04\/13_bel_francais.pdf\">Composition fran\u00e7aise<\/a><\/li>\n<li><a href=\"https:\/\/banques-ecoles.fr\/cms\/wp-content\/uploads\/2013\/04\/13_bel_philosophie.pdf\">Composition de philosophie<\/a><\/li>\n<li><a href=\"https:\/\/banques-ecoles.fr\/cms\/wp-content\/uploads\/2013\/04\/13_bel_histoire2.pdf\">Composition d&rsquo;histoire<\/a><\/li>\n<li><span class=\"internal-link\"><span class=\"internal-link\"><a href=\"https:\/\/banques-ecoles.fr\/cms\/wp-content\/uploads\/2013\/04\/13_bel_commentaire_LVE__traduction.pdf\">Commentaire d&rsquo;un texte en LVE et traduction<\/a><\/span><\/span><\/li>\n<li><span class=\"internal-link\"><a href=\"https:\/\/banques-ecoles.fr\/cms\/wp-content\/uploads\/2013\/04\/13_bel_arts.pdf\">\u00c9preuves d&rsquo;options artistiques<\/a><\/span><\/li>\n<\/ul>\n<h4>Epreuves sp\u00e9cifiques ENS de Lyon<\/h4>\n<ul>\n<li><a href=\"https:\/\/banques-ecoles.fr\/cms\/wp-content\/uploads\/2013\/04\/13_bel_geographie_lyon.pdf\">Composition de g\u00e9ographie<\/a><\/li>\n<li><a href=\"https:\/\/banques-ecoles.fr\/cms\/wp-content\/uploads\/2013\/04\/13_bel_specialite_lyon.pdf\">Epreuve de sp\u00e9cialit\u00e9<\/a><\/li>\n<li><span class=\"internal-link\">\u00c9preuve de sp\u00e9cialit\u00e9 <a href=\"https:\/\/banques-ecoles.fr\/cms\/wp-content\/uploads\/2013\/04\/13_bel_version_grecque_lyon.pdf\">version grecque<\/a><br \/>\n<\/span><\/li>\n<li><span class=\"internal-link\"><a href=\"https:\/\/banques-ecoles.fr\/cms\/wp-content\/uploads\/2013\/04\/13_bel_commentaire_carte_geo_lyon.pdf\">Commentaire de carte g\u00e9ographique<\/a><\/span><\/li>\n<\/ul>\n<h4>Epreuves sp\u00e9cifiques ENS de Paris<\/h4>\n<ul>\n<li>langue et culture anciennes<\/li>\n<li>\u00e9preuve \u00e0 option<\/li>\n<\/ul>\n<p>&nbsp;<\/p>\n","protected":false},"excerpt":{"rendered":"<p>Sujets des \u00e9preuves \u00e9crites de la Banque d&rsquo;Epreuves Litt\u00e9raires &#8211; Session 2013 Epreuves communes Composition fran\u00e7aise Composition de philosophie Composition d&rsquo;histoire Commentaire d&rsquo;un texte en LVE et traduction \u00c9preuves d&rsquo;options artistiques Epreuves sp\u00e9cifiques ENS de Lyon Composition de g\u00e9ographie Epreuve <a href=\"https:\/\/banques-ecoles.fr\/cms\/filiere-lettres-bel\/session-2013\/\">[Lire la suite]<\/a><\/p>\n","protected":false},"author":5,"featured_media":0,"parent":78,"menu_order":0,"comment_status":"closed","ping_status":"open","template":"","meta":{"footnotes":""},"class_list":["post-1696","page","type-page","status-publish","hentry"],"_links":{"self":[{"href":"https:\/\/banques-ecoles.fr\/cms\/wp-json\/wp\/v2\/pages\/1696","targetHints":{"allow":["GET"]}}],"collection":[{"href":"https:\/\/banques-ecoles.fr\/cms\/wp-json\/wp\/v2\/pages"}],"about":[{"href":"https:\/\/banques-ecoles.fr\/cms\/wp-json\/wp\/v2\/types\/page"}],"author":[{"embeddable":true,"href":"https:\/\/banques-ecoles.fr\/cms\/wp-json\/wp\/v2\/users\/5"}],"replies":[{"embeddable":true,"href":"https:\/\/banques-ecoles.fr\/cms\/wp-json\/wp\/v2\/comments?post=1696"}],"version-history":[{"count":21,"href":"https:\/\/banques-ecoles.fr\/cms\/wp-json\/wp\/v2\/pages\/1696\/revisions"}],"predecessor-version":[{"id":2259,"href":"https:\/\/banques-ecoles.fr\/cms\/wp-json\/wp\/v2\/pages\/1696\/revisions\/2259"}],"up":[{"embeddable":true,"href":"https:\/\/banques-ecoles.fr\/cms\/wp-json\/wp\/v2\/pages\/78"}],"wp:attachment":[{"href":"https:\/\/banques-ecoles.fr\/cms\/wp-json\/wp\/v2\/media?parent=1696"}],"curies":[{"name":"wp","href":"https:\/\/api.w.org\/{rel}","templated":true}]}}