{"id":170,"date":"2013-02-01T11:07:36","date_gmt":"2013-02-01T10:07:36","guid":{"rendered":"http:\/\/preprod.banques-ecoles.fr\/cms\/?page_id=170"},"modified":"2013-04-20T14:30:41","modified_gmt":"2013-04-20T13:30:41","slug":"session-2004","status":"publish","type":"page","link":"https:\/\/banques-ecoles.fr\/cms\/filiere-bcpst\/annales-de-la-banque-bcpst\/session-2004\/","title":{"rendered":"Session 2004"},"content":{"rendered":"<p>Sujets des \u00e9preuves \u00e9crites et pratiques de la banque BCPST 2004.<\/p>\n<p>&nbsp;<\/p>\n<p><a href=\"\/cms\/wp-content\/data\/filiere-bcpst\/annales-de-la-banque-bcpst\/session-2004\/sujet-ecrit-2004-bcpst_francais.pdf\">Sujet de fran\u00e7ais<\/a><\/p>\n<p><a href=\"\/cms\/wp-content\/data\/filiere-bcpst\/annales-de-la-banque-bcpst\/session-2004\/sujet-ecrit-2004-bcpst_langue_vivante_1.pdf\">Sujet de langue vivante 1<\/a><\/p>\n<p><a href=\"\/cms\/wp-content\/data\/filiere-bcpst\/annales-de-la-banque-bcpst\/session-2004\/sujet-ecrit-2004-bcpst_langue_etrangere_2.pdf\">Sujet de langue \u00e9trang\u00e8re 2<\/a><\/p>\n<p><a href=\"\/cms\/wp-content\/data\/filiere-bcpst\/annales-de-la-banque-bcpst\/session-2004\/sujet-ecrit-2004-bcpst_biologie.pdf\">Sujet de biologie<\/a><\/p>\n<p><a href=\"\/cms\/wp-content\/data\/filiere-bcpst\/annales-de-la-banque-bcpst\/session-2004\/sujet-ecrit-2004-bcpst_chimie.pdf\">Sujet de chimie<\/a><\/p>\n<p><a href=\"\/cms\/wp-content\/data\/filiere-bcpst\/annales-de-la-banque-bcpst\/session-2004\/sujet-ecrit-2004-bcpst_physique.pdf\">Sujet de physique<\/a><\/p>\n<p><a href=\"\/cms\/wp-content\/data\/filiere-bcpst\/annales-de-la-banque-bcpst\/session-2004\/sujet-ecrit-2004-bcpst_sciences_terre.pdf\">Sujet de sciences de la Terre<\/a><\/p>\n<p><a href=\"\/cms\/wp-content\/data\/filiere-bcpst\/annales-de-la-banque-bcpst\/session-2004\/sujet-travaux-pratiques-2004-bcpst_biologie.pdf\">Sujet des travaux pratiques de biologie<\/a><\/p>\n","protected":false},"excerpt":{"rendered":"<p>Sujets des \u00e9preuves \u00e9crites et pratiques de la banque BCPST 2004. &nbsp; Sujet de fran\u00e7ais Sujet de langue vivante 1 Sujet de langue \u00e9trang\u00e8re 2 Sujet de biologie Sujet de chimie Sujet de physique Sujet de sciences de la Terre <a href=\"https:\/\/banques-ecoles.fr\/cms\/filiere-bcpst\/annales-de-la-banque-bcpst\/session-2004\/\">[Lire la suite]<\/a><\/p>\n","protected":false},"author":1,"featured_media":0,"parent":29,"menu_order":8,"comment_status":"closed","ping_status":"open","template":"","meta":{"footnotes":""},"class_list":["post-170","page","type-page","status-publish","hentry"],"_links":{"self":[{"href":"https:\/\/banques-ecoles.fr\/cms\/wp-json\/wp\/v2\/pages\/170","targetHints":{"allow":["GET"]}}],"collection":[{"href":"https:\/\/banques-ecoles.fr\/cms\/wp-json\/wp\/v2\/pages"}],"about":[{"href":"https:\/\/banques-ecoles.fr\/cms\/wp-json\/wp\/v2\/types\/page"}],"author":[{"embeddable":true,"href":"https:\/\/banques-ecoles.fr\/cms\/wp-json\/wp\/v2\/users\/1"}],"replies":[{"embeddable":true,"href":"https:\/\/banques-ecoles.fr\/cms\/wp-json\/wp\/v2\/comments?post=170"}],"version-history":[{"count":7,"href":"https:\/\/banques-ecoles.fr\/cms\/wp-json\/wp\/v2\/pages\/170\/revisions"}],"predecessor-version":[{"id":1907,"href":"https:\/\/banques-ecoles.fr\/cms\/wp-json\/wp\/v2\/pages\/170\/revisions\/1907"}],"up":[{"embeddable":true,"href":"https:\/\/banques-ecoles.fr\/cms\/wp-json\/wp\/v2\/pages\/29"}],"wp:attachment":[{"href":"https:\/\/banques-ecoles.fr\/cms\/wp-json\/wp\/v2\/media?parent=170"}],"curies":[{"name":"wp","href":"https:\/\/api.w.org\/{rel}","templated":true}]}}