{"id":1741,"date":"2013-04-19T10:05:39","date_gmt":"2013-04-19T09:05:39","guid":{"rendered":"https:\/\/banques-ecoles.fr\/cms\/?page_id=1741"},"modified":"2026-04-07T14:57:02","modified_gmt":"2026-04-07T12:57:02","slug":"ecrits-bcpst-2016","status":"publish","type":"page","link":"https:\/\/banques-ecoles.fr\/cms\/filiere-bcpst\/ecrits-bcpst-2016\/","title":{"rendered":"\u00c9crits BCPST 2026"},"content":{"rendered":"\n\n<p>Pour acc\u00e9der \u00e0 votre convocation pour les \u00e9preuves \u00e9crites de la banque interENS-ENPC ParisTech fili\u00e8re BCPST, rendez-vous ici.<\/p>\n<p>Munissez-vous de votre n\u00b0 d\u2019inscription SCEI et de votre code confidentiel pour r\u00e9cup\u00e9rer votre document.<\/p>\n<p>Les candidats inscrits au concours ENS Paris-Saclay Fili\u00e8re TB r\u00e9cup\u00e8rent leur convocation pour l&rsquo;\u00e9crit de Biologie de la banque interENS et seront convoqu\u00e9s par le SCAV pour les autres \u00e9preuves \u00e9crites de leur fili\u00e8re.<\/p>\n<ul>\n<li><a href=\"https:\/\/banques-ecoles.fr\/cms\/wp-content\/uploads\/2026\/04\/2_BCPST_ENS_consignes-candidats_2026_VF.pdf\" target=\"_blank\" rel=\"noopener\">Consignes aux candidats pour les \u00e9preuves \u00e9crites<\/a><\/li>\n<li><a href=\"https:\/\/banques-ecoles.fr\/cms\/wp-content\/uploads\/2020\/06\/Plan-du-SIEC.pdf\" target=\"_blank\" rel=\"noopener noreferrer\">Plan d&rsquo;acc\u00e8s du centre d&rsquo;\u00e9preuves \u00e9crites du SIEC<\/a><\/li>\n<li><a href=\"https:\/\/banques-ecoles.fr\/cms\/wp-content\/uploads\/2020\/06\/VIGIPIRATE-Instructions-candidats-session-2020.pdf\" target=\"_blank\" rel=\"noopener noreferrer\">Dispositions particuli\u00e8res \u00ab\u00a0vigipirate\u00a0\u00bb<\/a><\/li>\n<\/ul>\n<p>R\u00e9sultats le : 5 juin 2026<\/p>\n\n","protected":false},"excerpt":{"rendered":"<p>Pour acc\u00e9der \u00e0 votre convocation pour les \u00e9preuves \u00e9crites de la banque interENS-ENPC ParisTech fili\u00e8re BCPST, rendez-vous ici. Munissez-vous de votre n\u00b0 d\u2019inscription SCEI et de votre code confidentiel pour r\u00e9cup\u00e9rer votre document. Les candidats inscrits au concours ENS Paris-Saclay <a href=\"https:\/\/banques-ecoles.fr\/cms\/filiere-bcpst\/ecrits-bcpst-2016\/\">[Lire la suite]<\/a><\/p>\n","protected":false},"author":5,"featured_media":0,"parent":27,"menu_order":0,"comment_status":"closed","ping_status":"open","template":"","meta":{"footnotes":""},"class_list":["post-1741","page","type-page","status-publish","hentry"],"_links":{"self":[{"href":"https:\/\/banques-ecoles.fr\/cms\/wp-json\/wp\/v2\/pages\/1741","targetHints":{"allow":["GET"]}}],"collection":[{"href":"https:\/\/banques-ecoles.fr\/cms\/wp-json\/wp\/v2\/pages"}],"about":[{"href":"https:\/\/banques-ecoles.fr\/cms\/wp-json\/wp\/v2\/types\/page"}],"author":[{"embeddable":true,"href":"https:\/\/banques-ecoles.fr\/cms\/wp-json\/wp\/v2\/users\/5"}],"replies":[{"embeddable":true,"href":"https:\/\/banques-ecoles.fr\/cms\/wp-json\/wp\/v2\/comments?post=1741"}],"version-history":[{"count":70,"href":"https:\/\/banques-ecoles.fr\/cms\/wp-json\/wp\/v2\/pages\/1741\/revisions"}],"predecessor-version":[{"id":13287,"href":"https:\/\/banques-ecoles.fr\/cms\/wp-json\/wp\/v2\/pages\/1741\/revisions\/13287"}],"up":[{"embeddable":true,"href":"https:\/\/banques-ecoles.fr\/cms\/wp-json\/wp\/v2\/pages\/27"}],"wp:attachment":[{"href":"https:\/\/banques-ecoles.fr\/cms\/wp-json\/wp\/v2\/media?parent=1741"}],"curies":[{"name":"wp","href":"https:\/\/api.w.org\/{rel}","templated":true}]}}