{"id":1806,"date":"2013-04-19T19:26:13","date_gmt":"2013-04-19T18:26:13","guid":{"rendered":"https:\/\/banques-ecoles.fr\/cms\/?page_id=1806"},"modified":"2014-04-25T10:43:49","modified_gmt":"2014-04-25T09:43:49","slug":"session-2013","status":"publish","type":"page","link":"https:\/\/banques-ecoles.fr\/cms\/filiere-mp\/annales-de-la-banque-i\/session-2013\/","title":{"rendered":"Session 2013"},"content":{"rendered":"<p>Sujets des \u00e9preuves \u00e9crites de la banque M\/MP\/MPI, pour la session 2013.<\/p>\n<p>&nbsp;<\/p>\n<p><a href=\"\/cms\/wp-content\/uploads\/2013\/04\/13_mppc_fr_xeulc.pdf\">Sujet de l&rsquo;\u00e9crit de fran\u00e7ais &#8211; 4h &#8211; MP-PC XEULC<\/a><\/p>\n<p><a href=\"\/cms\/wp-content\/uploads\/2013\/04\/13_mppc_lv_expressionecrite_xeulc.pdf\">Sujet LV expression \u00e9crite &#8211; 1h30 &#8211; MP-PC XEULC<\/a><\/p>\n<p><a href=\"\/cms\/wp-content\/uploads\/2013\/04\/13_mppc_lv_version_xeulc.pdf\">Sujet LV version &#8211; 1h30 &#8211; MP-PC XEULC<\/a><\/p>\n<p><a href=\"\/cms\/wp-content\/uploads\/2013\/04\/13_mp_math_a_-xlc.pdf\">Sujet de l&rsquo;\u00e9crit Math A &#8211; 4h &#8211; XLC<\/a><\/p>\n<p><a href=\"\/cms\/wp-content\/uploads\/2013\/04\/13_mp_math_b_x.pdf\">Sujet de l&rsquo;\u00e9crit Math B &#8211; 4h &#8211; MP X<\/a><\/p>\n<p><a href=\"\/cms\/wp-content\/uploads\/2013\/04\/13_mp_math_c_ulc.pdf\">Sujet de l&rsquo;\u00e9crit Math C &#8211; 4h &#8211; MP ULC<\/a><\/p>\n<p><a href=\"\/cms\/wp-content\/uploads\/2013\/04\/13_mp_math_d_u.pdf\">Sujet de l&rsquo;\u00e9crit Math D &#8211; 6h &#8211; MP U<\/a><\/p>\n<p><a href=\"\/cms\/wp-content\/uploads\/2013\/04\/13_mp_info_a_xulc.pdf\">Sujet de l&rsquo;\u00e9crit Info A &#8211; 4h &#8211; MP XULC<\/a><\/p>\n<p><a href=\"\/cms\/wp-content\/uploads\/2013\/04\/13_mppc_info_b_xec.pdf\">Sujet de l&rsquo;\u00e9crit Info B &#8211; 2h &#8211; MP(hors Info)-PC XEC<\/a><\/p>\n<p><a href=\"\/cms\/wp-content\/uploads\/2013\/04\/13_mp_phy_xulc.pdf\">Sujet de l&rsquo;\u00e9crit Physique &#8211; 4h &#8211; MP XULC<\/a><\/p>\n<p><a href=\"\/cms\/wp-content\/uploads\/2013\/04\/13_mp_infomath_ulc.pdf\">Sujet de l&rsquo;\u00e9crit Info-Math &#8211; 4h &#8211; MP XULC<\/a><\/p>\n<p><a href=\"\/cms\/wp-content\/uploads\/2013\/04\/13_mp_physi_x_maj.pdf\">Sujet de l&rsquo;\u00e9crit PSI &#8211; 4h &#8211; MP X<\/a><\/p>\n<p>&nbsp;<\/p>\n<p><a href=\"https:\/\/banques-ecoles.fr\/cms\/wp-content\/uploads\/2013\/04\/13_mp_i_extraits_sujets_info_oral.pdf\">Exemples de sujets de l&rsquo;\u00e9preuve orale d&rsquo;Info fondamentale &#8211; ULC<\/a><\/p>\n","protected":false},"excerpt":{"rendered":"<p>Sujets des \u00e9preuves \u00e9crites de la banque M\/MP\/MPI, pour la session 2013. &nbsp; Sujet de l&rsquo;\u00e9crit de fran\u00e7ais &#8211; 4h &#8211; MP-PC XEULC Sujet LV expression \u00e9crite &#8211; 1h30 &#8211; MP-PC XEULC Sujet LV version &#8211; 1h30 &#8211; MP-PC XEULC <a href=\"https:\/\/banques-ecoles.fr\/cms\/filiere-mp\/annales-de-la-banque-i\/session-2013\/\">[Lire la suite]<\/a><\/p>\n","protected":false},"author":5,"featured_media":0,"parent":727,"menu_order":0,"comment_status":"closed","ping_status":"open","template":"","meta":{"footnotes":""},"class_list":["post-1806","page","type-page","status-publish","hentry"],"_links":{"self":[{"href":"https:\/\/banques-ecoles.fr\/cms\/wp-json\/wp\/v2\/pages\/1806","targetHints":{"allow":["GET"]}}],"collection":[{"href":"https:\/\/banques-ecoles.fr\/cms\/wp-json\/wp\/v2\/pages"}],"about":[{"href":"https:\/\/banques-ecoles.fr\/cms\/wp-json\/wp\/v2\/types\/page"}],"author":[{"embeddable":true,"href":"https:\/\/banques-ecoles.fr\/cms\/wp-json\/wp\/v2\/users\/5"}],"replies":[{"embeddable":true,"href":"https:\/\/banques-ecoles.fr\/cms\/wp-json\/wp\/v2\/comments?post=1806"}],"version-history":[{"count":13,"href":"https:\/\/banques-ecoles.fr\/cms\/wp-json\/wp\/v2\/pages\/1806\/revisions"}],"predecessor-version":[{"id":3094,"href":"https:\/\/banques-ecoles.fr\/cms\/wp-json\/wp\/v2\/pages\/1806\/revisions\/3094"}],"up":[{"embeddable":true,"href":"https:\/\/banques-ecoles.fr\/cms\/wp-json\/wp\/v2\/pages\/727"}],"wp:attachment":[{"href":"https:\/\/banques-ecoles.fr\/cms\/wp-json\/wp\/v2\/media?parent=1806"}],"curies":[{"name":"wp","href":"https:\/\/api.w.org\/{rel}","templated":true}]}}