{"id":236,"date":"2013-02-01T11:29:42","date_gmt":"2013-02-01T10:29:42","guid":{"rendered":"http:\/\/preprod.banques-ecoles.fr\/cms\/?page_id=236"},"modified":"2013-04-20T14:27:34","modified_gmt":"2013-04-20T13:27:34","slug":"session-2010","status":"publish","type":"page","link":"https:\/\/banques-ecoles.fr\/cms\/filiere-bcpst\/annales-de-la-banque-bcpst\/session-2010\/","title":{"rendered":"Session 2010"},"content":{"rendered":"<p>Sujets des \u00e9preuves \u00e9crites de la banque BCPST 2010.<\/p>\n<p>&nbsp;<\/p>\n<p><a href=\"\/cms\/wp-content\/data\/filiere-bcpst\/annales-de-la-banque-bcpst\/session-2010\/FRANCAIS%2010.28%20B.pdf\">Sujet de fran\u00e7ais<\/a><\/p>\n<p><a href=\"\/cms\/wp-content\/data\/filiere-bcpst\/annales-de-la-banque-bcpst\/session-2010\/LANGUE%20VIVANTE%20ETRANGERE%20I%2010.23B.pdf\">Sujet de langue vivante 1<\/a><\/p>\n<p><a href=\"\/cms\/wp-content\/data\/filiere-bcpst\/annales-de-la-banque-bcpst\/session-2010\/LANGUE%20VIVANTE%20ETRANGERE%20II%2010.26B.pdf\">Sujet de langue \u00e9trang\u00e8re 2<\/a><\/p>\n<p><a href=\"\/cms\/wp-content\/data\/filiere-bcpst\/annales-de-la-banque-bcpst\/session-2010\/10.21B%20BIOLOGIE%20BCPST.pdf\">Sujet de biologie<\/a><\/p>\n<p><a href=\"\/cms\/wp-content\/data\/filiere-bcpst\/annales-de-la-banque-bcpst\/session-2010\/10.22B%20%20-BCPST-%20SUJET%202eme%20BAT.pdf\">Sujet de chimie<\/a><\/p>\n<p><a href=\"\/cms\/wp-content\/data\/filiere-bcpst\/annales-de-la-banque-bcpst\/session-2010\/MATHEMATIQUES%2010.27%20B.pdf\">Sujet de math\u00e9matiques<\/a><\/p>\n<p><a href=\"\/cms\/wp-content\/data\/filiere-bcpst\/annales-de-la-banque-bcpst\/session-2010\/10.24%20B%20PHYSIQUE%20BCPST.pdf\">Sujet de physique<\/a><\/p>\n<p><a href=\"\/cms\/wp-content\/data\/filiere-bcpst\/annales-de-la-banque-bcpst\/session-2010\/Sciences%20de%20la%20terre.pdf\">Sujet de sciences de la terre <\/a><\/p>\n","protected":false},"excerpt":{"rendered":"<p>Sujets des \u00e9preuves \u00e9crites de la banque BCPST 2010. &nbsp; Sujet de fran\u00e7ais Sujet de langue vivante 1 Sujet de langue \u00e9trang\u00e8re 2 Sujet de biologie Sujet de chimie Sujet de math\u00e9matiques Sujet de physique Sujet de sciences de la <a href=\"https:\/\/banques-ecoles.fr\/cms\/filiere-bcpst\/annales-de-la-banque-bcpst\/session-2010\/\">[Lire la suite]<\/a><\/p>\n","protected":false},"author":1,"featured_media":0,"parent":29,"menu_order":3,"comment_status":"closed","ping_status":"open","template":"","meta":{"footnotes":""},"class_list":["post-236","page","type-page","status-publish","hentry"],"_links":{"self":[{"href":"https:\/\/banques-ecoles.fr\/cms\/wp-json\/wp\/v2\/pages\/236","targetHints":{"allow":["GET"]}}],"collection":[{"href":"https:\/\/banques-ecoles.fr\/cms\/wp-json\/wp\/v2\/pages"}],"about":[{"href":"https:\/\/banques-ecoles.fr\/cms\/wp-json\/wp\/v2\/types\/page"}],"author":[{"embeddable":true,"href":"https:\/\/banques-ecoles.fr\/cms\/wp-json\/wp\/v2\/users\/1"}],"replies":[{"embeddable":true,"href":"https:\/\/banques-ecoles.fr\/cms\/wp-json\/wp\/v2\/comments?post=236"}],"version-history":[{"count":5,"href":"https:\/\/banques-ecoles.fr\/cms\/wp-json\/wp\/v2\/pages\/236\/revisions"}],"predecessor-version":[{"id":1901,"href":"https:\/\/banques-ecoles.fr\/cms\/wp-json\/wp\/v2\/pages\/236\/revisions\/1901"}],"up":[{"embeddable":true,"href":"https:\/\/banques-ecoles.fr\/cms\/wp-json\/wp\/v2\/pages\/29"}],"wp:attachment":[{"href":"https:\/\/banques-ecoles.fr\/cms\/wp-json\/wp\/v2\/media?parent=236"}],"curies":[{"name":"wp","href":"https:\/\/api.w.org\/{rel}","templated":true}]}}