{"id":2401,"date":"2013-06-04T13:06:51","date_gmt":"2013-06-04T12:06:51","guid":{"rendered":"https:\/\/banques-ecoles.fr\/cms\/?page_id=2401"},"modified":"2017-06-12T13:13:41","modified_gmt":"2017-06-12T11:13:41","slug":"photocopies-de-copies","status":"publish","type":"page","link":"https:\/\/banques-ecoles.fr\/cms\/filiere-lettres-bel\/ens-de-lyon\/photocopies-de-copies\/","title":{"rendered":"PHOTOCOPIES de COPIES"},"content":{"rendered":"<div>\n<div>\n<div>\n<div>\n<h3>Photocopies des copies<\/h3>\n<div>\n<ul>\n<li>Pour les demandes de photocopies des copies:<\/li>\n<\/ul>\n<ul>\n<ol>\n<li>des s\u00e9ries du concours d&rsquo;entr\u00e9e \u00e0 l&rsquo;ENS de Lyon ( Lettres et arts, langues vivantes, sciences humaines)<\/li>\n<li>des \u00e9preuves de philosophie, de composition fran\u00e7aise, de commentaire et traduction, d&rsquo;histoire et des \u00e9preuves d&rsquo;art du concours A\/L de l&rsquo;ENS (Paris)<\/li>\n<\/ol>\n<\/ul>\n<p style=\"padding-left: 30px;\">adresser le <a href=\"https:\/\/banques-ecoles.fr\/cms\/wp-content\/uploads\/2013\/06\/20-2017-FORMULAIRE_DEMANDE_PHOTOCOPIES_2017.pdf\">formulaire de demande de photocopies de copies<\/a>\u00a0, accompagn\u00e9 du r\u00e8glement correspondant \u00e0:<\/p>\n<p style=\"padding-left: 90px;\">\u00c9cole Normale Sup\u00e9rieure de Lyon<\/p>\n<p style=\"padding-left: 90px;\">Service admission et concours<\/p>\n<p style=\"padding-left: 90px;\">15 parvis Ren\u00e9 Descartes<\/p>\n<p style=\"padding-left: 90px;\">BP 7000<\/p>\n<p style=\"padding-left: 90px;\">69342\u00a0 LYON\u00a0 Cedex 07<\/p>\n<\/div>\n<div><\/div>\n<div>\n<ul>\n<li>Pour la s\u00e9rie sciences \u00e9conomiques et sociales les demandes sont trait\u00e9es par l&rsquo;ENS (Paris) en septembre et elles doivent \u00eatre transmises seulement \u00e0 ce moment-l\u00e0 \u00e0: \u00a0 concours@ens.fr<\/li>\n<\/ul>\n<\/div>\n<\/div>\n<\/div>\n<\/div>\n<\/div>\n","protected":false},"excerpt":{"rendered":"<p>Photocopies des copies Pour les demandes de photocopies des copies: des s\u00e9ries du concours d&rsquo;entr\u00e9e \u00e0 l&rsquo;ENS de Lyon ( Lettres et arts, langues vivantes, sciences humaines) des \u00e9preuves de philosophie, de composition fran\u00e7aise, de commentaire et traduction, d&rsquo;histoire et <a href=\"https:\/\/banques-ecoles.fr\/cms\/filiere-lettres-bel\/ens-de-lyon\/photocopies-de-copies\/\">[Lire la suite]<\/a><\/p>\n","protected":false},"author":1,"featured_media":0,"parent":1144,"menu_order":0,"comment_status":"closed","ping_status":"open","template":"","meta":{"footnotes":""},"class_list":["post-2401","page","type-page","status-publish","hentry"],"_links":{"self":[{"href":"https:\/\/banques-ecoles.fr\/cms\/wp-json\/wp\/v2\/pages\/2401","targetHints":{"allow":["GET"]}}],"collection":[{"href":"https:\/\/banques-ecoles.fr\/cms\/wp-json\/wp\/v2\/pages"}],"about":[{"href":"https:\/\/banques-ecoles.fr\/cms\/wp-json\/wp\/v2\/types\/page"}],"author":[{"embeddable":true,"href":"https:\/\/banques-ecoles.fr\/cms\/wp-json\/wp\/v2\/users\/1"}],"replies":[{"embeddable":true,"href":"https:\/\/banques-ecoles.fr\/cms\/wp-json\/wp\/v2\/comments?post=2401"}],"version-history":[{"count":20,"href":"https:\/\/banques-ecoles.fr\/cms\/wp-json\/wp\/v2\/pages\/2401\/revisions"}],"predecessor-version":[{"id":5937,"href":"https:\/\/banques-ecoles.fr\/cms\/wp-json\/wp\/v2\/pages\/2401\/revisions\/5937"}],"up":[{"embeddable":true,"href":"https:\/\/banques-ecoles.fr\/cms\/wp-json\/wp\/v2\/pages\/1144"}],"wp:attachment":[{"href":"https:\/\/banques-ecoles.fr\/cms\/wp-json\/wp\/v2\/media?parent=2401"}],"curies":[{"name":"wp","href":"https:\/\/api.w.org\/{rel}","templated":true}]}}