{"id":246,"date":"2013-02-01T11:32:00","date_gmt":"2013-02-01T10:32:00","guid":{"rendered":"http:\/\/preprod.banques-ecoles.fr\/cms\/?page_id=246"},"modified":"2013-04-20T14:26:58","modified_gmt":"2013-04-20T13:26:58","slug":"session-2011","status":"publish","type":"page","link":"https:\/\/banques-ecoles.fr\/cms\/filiere-bcpst\/annales-de-la-banque-bcpst\/session-2011\/","title":{"rendered":"Session 2011"},"content":{"rendered":"<p>Sujets des \u00e9preuves \u00e9crites de la banque BCPST 2011.<\/p>\n<p>&nbsp;<\/p>\n<p><a href=\"\/cms\/wp-content\/data\/filiere-bcpst\/annales-de-la-banque-bcpst\/session-2011\/Biologie.pdf\">Sujet de biologie<\/a><\/p>\n<p><a href=\"\/cms\/wp-content\/data\/filiere-bcpst\/annales-de-la-banque-bcpst\/session-2011\/Chimie.pdf\">Sujet de chimie<\/a><\/p>\n<p><a href=\"\/cms\/wp-content\/data\/filiere-bcpst\/annales-de-la-banque-bcpst\/session-2011\/Physique.pdf\">Sujet de physique<\/a><\/p>\n<p><a href=\"\/cms\/wp-content\/data\/filiere-bcpst\/annales-de-la-banque-bcpst\/session-2011\/Sciences-de-la-terre1.pdf\">Sujet de sciences de la terre<\/a><\/p>\n<p><a href=\"\/cms\/wp-content\/data\/filiere-bcpst\/annales-de-la-banque-bcpst\/session-2011\/Mathematiques.pdf\">Sujet de math\u00e9matiques<\/a><\/p>\n<p><a href=\"\/cms\/wp-content\/data\/filiere-bcpst\/annales-de-la-banque-bcpst\/session-2011\/Francais.pdf\">Sujet de fran\u00e7ais<\/a><\/p>\n<p><a href=\"\/cms\/wp-content\/data\/filiere-bcpst\/annales-de-la-banque-bcpst\/session-2011\/LV1.pdf\">Sujet de langue vivante 1<\/a><\/p>\n<p><a href=\"\/cms\/wp-content\/data\/filiere-bcpst\/annales-de-la-banque-bcpst\/session-2011\/LE2.pdf\">Sujet de langue \u00e9trang\u00e8re 2 <\/a><\/p>\n","protected":false},"excerpt":{"rendered":"<p>Sujets des \u00e9preuves \u00e9crites de la banque BCPST 2011. &nbsp; Sujet de biologie Sujet de chimie Sujet de physique Sujet de sciences de la terre Sujet de math\u00e9matiques Sujet de fran\u00e7ais Sujet de langue vivante 1 Sujet de langue \u00e9trang\u00e8re <a href=\"https:\/\/banques-ecoles.fr\/cms\/filiere-bcpst\/annales-de-la-banque-bcpst\/session-2011\/\">[Lire la suite]<\/a><\/p>\n","protected":false},"author":1,"featured_media":0,"parent":29,"menu_order":2,"comment_status":"closed","ping_status":"open","template":"","meta":{"footnotes":""},"class_list":["post-246","page","type-page","status-publish","hentry"],"_links":{"self":[{"href":"https:\/\/banques-ecoles.fr\/cms\/wp-json\/wp\/v2\/pages\/246","targetHints":{"allow":["GET"]}}],"collection":[{"href":"https:\/\/banques-ecoles.fr\/cms\/wp-json\/wp\/v2\/pages"}],"about":[{"href":"https:\/\/banques-ecoles.fr\/cms\/wp-json\/wp\/v2\/types\/page"}],"author":[{"embeddable":true,"href":"https:\/\/banques-ecoles.fr\/cms\/wp-json\/wp\/v2\/users\/1"}],"replies":[{"embeddable":true,"href":"https:\/\/banques-ecoles.fr\/cms\/wp-json\/wp\/v2\/comments?post=246"}],"version-history":[{"count":3,"href":"https:\/\/banques-ecoles.fr\/cms\/wp-json\/wp\/v2\/pages\/246\/revisions"}],"predecessor-version":[{"id":1900,"href":"https:\/\/banques-ecoles.fr\/cms\/wp-json\/wp\/v2\/pages\/246\/revisions\/1900"}],"up":[{"embeddable":true,"href":"https:\/\/banques-ecoles.fr\/cms\/wp-json\/wp\/v2\/pages\/29"}],"wp:attachment":[{"href":"https:\/\/banques-ecoles.fr\/cms\/wp-json\/wp\/v2\/media?parent=246"}],"curies":[{"name":"wp","href":"https:\/\/api.w.org\/{rel}","templated":true}]}}