{"id":2464,"date":"2013-06-14T15:36:01","date_gmt":"2013-06-14T14:36:01","guid":{"rendered":"https:\/\/banques-ecoles.fr\/cms\/?page_id=2464"},"modified":"2013-08-31T18:03:39","modified_gmt":"2013-08-31T17:03:39","slug":"session-2013","status":"publish","type":"page","link":"https:\/\/banques-ecoles.fr\/cms\/filieres-universitaires-second-concours-scientifique\/annales-du-second-concours-de-lens-de-lyon\/session-2013\/","title":{"rendered":"Session 2013"},"content":{"rendered":"<p>Sujets des \u00e9preuves \u00e9crites du concours des fili\u00e8res universitaires, pour la session 2013.<\/p>\n<p>&nbsp;<\/p>\n<p><a href=\"https:\/\/banques-ecoles.fr\/cms\/wp-content\/uploads\/2013\/06\/13_2c_suj_biologie.pdf\">Sujet de l&rsquo;\u00e9crit de Biologie-Biochimie<\/a><\/p>\n<p><a title=\"Sujet de l'\u00e9crit de Chimie\" href=\"https:\/\/banques-ecoles.fr\/cms\/wp-content\/uploads\/2013\/06\/13_2c_suj_chimie.pdf\">Sujet de l&rsquo;\u00e9crit de Chimie<\/a><\/p>\n<p><a title=\"Sujet de l'\u00e9crit des G\u00e9osciences\" href=\"https:\/\/banques-ecoles.fr\/cms\/wp-content\/uploads\/2013\/06\/13_2c_suj_g\u00e9oscioences.pdf\">Sujet de l&rsquo;\u00e9crit des G\u00e9osciences<\/a><\/p>\n<p><a title=\"Sujet de l'\u00e9crit de la Physique\" href=\"https:\/\/banques-ecoles.fr\/cms\/wp-content\/uploads\/2013\/06\/13_2c_suj_physique.pdf\">Sujet de l&rsquo;\u00e9crit de la Physique<\/a><\/p>\n<p><a title=\"Sujet de l'\u00e9crit des Math\u00e9matiques\" href=\"https:\/\/banques-ecoles.fr\/cms\/wp-content\/uploads\/2013\/06\/13_2c_suj_math\u00e9matiques.pdf\">Sujet de l&rsquo;\u00e9crit des Math\u00e9matiques<\/a><\/p>\n<p><a title=\"Sujet de l'\u00e9crit de l'Informatique\" href=\"https:\/\/banques-ecoles.fr\/cms\/wp-content\/uploads\/2013\/06\/13_2c_suj_informatique.pdf\">Sujet de l&rsquo;\u00e9crit de l&rsquo;Informatique<\/a><\/p>\n<p>&nbsp;<\/p>\n<p>&nbsp;<\/p>\n","protected":false},"excerpt":{"rendered":"<p>Sujets des \u00e9preuves \u00e9crites du concours des fili\u00e8res universitaires, pour la session 2013. &nbsp; Sujet de l&rsquo;\u00e9crit de Biologie-Biochimie Sujet de l&rsquo;\u00e9crit de Chimie Sujet de l&rsquo;\u00e9crit des G\u00e9osciences Sujet de l&rsquo;\u00e9crit de la Physique Sujet de l&rsquo;\u00e9crit des Math\u00e9matiques <a href=\"https:\/\/banques-ecoles.fr\/cms\/filieres-universitaires-second-concours-scientifique\/annales-du-second-concours-de-lens-de-lyon\/session-2013\/\">[Lire la suite]<\/a><\/p>\n","protected":false},"author":1,"featured_media":0,"parent":1184,"menu_order":0,"comment_status":"closed","ping_status":"open","template":"","meta":{"footnotes":""},"class_list":["post-2464","page","type-page","status-publish","hentry"],"_links":{"self":[{"href":"https:\/\/banques-ecoles.fr\/cms\/wp-json\/wp\/v2\/pages\/2464","targetHints":{"allow":["GET"]}}],"collection":[{"href":"https:\/\/banques-ecoles.fr\/cms\/wp-json\/wp\/v2\/pages"}],"about":[{"href":"https:\/\/banques-ecoles.fr\/cms\/wp-json\/wp\/v2\/types\/page"}],"author":[{"embeddable":true,"href":"https:\/\/banques-ecoles.fr\/cms\/wp-json\/wp\/v2\/users\/1"}],"replies":[{"embeddable":true,"href":"https:\/\/banques-ecoles.fr\/cms\/wp-json\/wp\/v2\/comments?post=2464"}],"version-history":[{"count":15,"href":"https:\/\/banques-ecoles.fr\/cms\/wp-json\/wp\/v2\/pages\/2464\/revisions"}],"predecessor-version":[{"id":2468,"href":"https:\/\/banques-ecoles.fr\/cms\/wp-json\/wp\/v2\/pages\/2464\/revisions\/2468"}],"up":[{"embeddable":true,"href":"https:\/\/banques-ecoles.fr\/cms\/wp-json\/wp\/v2\/pages\/1184"}],"wp:attachment":[{"href":"https:\/\/banques-ecoles.fr\/cms\/wp-json\/wp\/v2\/media?parent=2464"}],"curies":[{"name":"wp","href":"https:\/\/api.w.org\/{rel}","templated":true}]}}