{"id":2541,"date":"2013-07-29T16:51:38","date_gmt":"2013-07-29T15:51:38","guid":{"rendered":"https:\/\/banques-ecoles.fr\/cms\/?page_id=2541"},"modified":"2014-10-19T20:04:36","modified_gmt":"2014-10-19T18:04:36","slug":"session-2013","status":"publish","type":"page","link":"https:\/\/banques-ecoles.fr\/cms\/filiere-mp\/rapports-des-jurys-de-la-banque-mmpmpi\/session-2013\/","title":{"rendered":"Session 2013"},"content":{"rendered":"<p>Rapports de jury des \u00e9preuves \u00e9crites, pratiques et orales de la banque M\/MP\/MPI, pour la session 2013.<\/p>\n<div>\n<p>&nbsp;<\/p>\n<p>&nbsp;<\/p>\n<p><a href=\"https:\/\/banques-ecoles.fr\/cms\/wp-content\/uploads\/2013\/07\/13_mpi_rap_ematha.pdf\">Rapport de l&rsquo;\u00e9preuve \u00e9crite de math\u00e9matiques A &#8211; XLC<\/a><\/p>\n<p><a href=\"https:\/\/banques-ecoles.fr\/cms\/wp-content\/uploads\/2013\/07\/13_mpi_rap_emathb.pdf\">Rapport de l\u2019\u00e9preuve \u00e9crite de math\u00e9matiques B \u2013 X<\/a><\/p>\n<p><a href=\"https:\/\/banques-ecoles.fr\/cms\/wp-content\/uploads\/2013\/07\/13_mpi_rap_emathc.pdf\">Rapport de l\u2019\u00e9preuve \u00e9crite de math\u00e9matiques C \u2013 ULC<\/a><\/p>\n<p><a href=\"https:\/\/banques-ecoles.fr\/cms\/wp-content\/uploads\/2013\/07\/13_mpi_rap_emathd.pdf\">Rapport de l\u2019\u00e9preuve \u00e9crite de math\u00e9matiques D \u2013 U<\/a><\/p>\n<p><a href=\"https:\/\/banques-ecoles.fr\/cms\/wp-content\/uploads\/2013\/07\/13_mpi_rap_ephy.pdf\">Rapport de l\u2019\u00e9preuve \u00e9crite de physique \u2013 XULC<\/a><\/p>\n<p><a href=\"https:\/\/banques-ecoles.fr\/cms\/wp-content\/uploads\/2013\/07\/13_mpi_rap_einfoa.pdf\">Rapport de l\u2019\u00e9preuve \u00e9crite d\u2019informatique 4h \u2013 XULC<\/a><\/p>\n<p><a href=\"https:\/\/banques-ecoles.fr\/cms\/wp-content\/uploads\/2013\/10\/13_mppc_rap_einfo2h.pdf\">Rapport de l\u2019\u00e9preuve \u00e9crite d\u2019informatique 2h \u2013 XC<\/a><\/p>\n<p>Rapport de l\u2019\u00e9preuve \u00e9crite PSI \u2013 X<\/p>\n<p>&nbsp;<\/p>\n<p><a href=\"https:\/\/banques-ecoles.fr\/cms\/wp-content\/uploads\/2013\/07\/13_mp_rap_omathuulc.pdf\">Rapport de l\u2019\u00e9preuve orale de math\u00e9matiques \u2013 ULC<\/a><\/p>\n<p><a href=\"https:\/\/banques-ecoles.fr\/cms\/wp-content\/uploads\/2013\/07\/13_mp_rap_omathuulc1.pdf\">Rapport de l\u2019\u00e9preuve orale de math\u00e9matiques \u2013 U<\/a><\/p>\n<p>Rapport de l\u2019\u00e9preuve orale de math\u00e9matiques \u2013 C<\/p>\n<p><a href=\"https:\/\/banques-ecoles.fr\/cms\/wp-content\/uploads\/2014\/06\/13_mp_rap_mathlyon.pdf\">Rapport de l\u2019\u00e9preuve orale de math\u00e9matiques \u2013 L<\/a><\/p>\n<p><a href=\"https:\/\/banques-ecoles.fr\/cms\/wp-content\/uploads\/2013\/07\/13_rapport_oral_mpi_phy_ulc.pdf\">Rapport de l&rsquo;\u00e9preuve orale de physique &#8211; ULC<\/a><\/p>\n<p><a href=\"https:\/\/banques-ecoles.fr\/cms\/wp-content\/uploads\/2013\/07\/13_mpi_rap_ophyu.pdf\">Rapport de l&rsquo;\u00e9preuve orale de physique &#8211; U<\/a><\/p>\n<p><a href=\"https:\/\/banques-ecoles.fr\/cms\/wp-content\/uploads\/2013\/07\/13_i_rap_oinfofond.pdf\">Rapport de l\u2019\u00e9preuve orale d\u2019informatique fondamentale \u2013 ULC<\/a><\/p>\n<p><a href=\"https:\/\/banques-ecoles.fr\/cms\/wp-content\/uploads\/2013\/07\/13_mpi_rap_tipeinfo.pdf\">Rapport de l\u2019\u00e9preuve de TIPE \u2013 informatique \u2013 ULC<\/a><\/p>\n<p><a href=\"https:\/\/banques-ecoles.fr\/cms\/wp-content\/uploads\/2013\/07\/13_rapport_tipe_mpi_maths_ulc.pdf\">Rapport de l\u2019\u00e9preuve de TIPE \u2013 math\u00e9matiques \u2013 ULC<\/a><\/p>\n<p><a href=\"https:\/\/banques-ecoles.fr\/cms\/wp-content\/uploads\/2013\/07\/13_mpi_rap_tipephy.pdf\">Rapport de l\u2019\u00e9preuve de TIPE \u2013 physique \u2013 ULC<\/a><\/p>\n<p><a href=\"https:\/\/banques-ecoles.fr\/cms\/wp-content\/uploads\/2013\/09\/13_mppc_rap_olvang.pdf\">Rapport de l\u2019\u00e9preuve orale de LV : anglais \u2013 ULC<\/a><\/p>\n<p>Rapport de l&rsquo;\u00e9preuve orale de LV : allemand &#8211; ULC<\/p>\n<p>Rapport de l\u2019\u00e9preuve orale de LV : espagnol \u2013 ULC<\/p>\n<\/div>\n","protected":false},"excerpt":{"rendered":"<p>Rapports de jury des \u00e9preuves \u00e9crites, pratiques et orales de la banque M\/MP\/MPI, pour la session 2013. &nbsp; &nbsp; Rapport de l&rsquo;\u00e9preuve \u00e9crite de math\u00e9matiques A &#8211; XLC Rapport de l\u2019\u00e9preuve \u00e9crite de math\u00e9matiques B \u2013 X Rapport de l\u2019\u00e9preuve <a href=\"https:\/\/banques-ecoles.fr\/cms\/filiere-mp\/rapports-des-jurys-de-la-banque-mmpmpi\/session-2013\/\">[Lire la suite]<\/a><\/p>\n","protected":false},"author":5,"featured_media":0,"parent":730,"menu_order":0,"comment_status":"closed","ping_status":"open","template":"","meta":{"footnotes":""},"class_list":["post-2541","page","type-page","status-publish","hentry"],"_links":{"self":[{"href":"https:\/\/banques-ecoles.fr\/cms\/wp-json\/wp\/v2\/pages\/2541","targetHints":{"allow":["GET"]}}],"collection":[{"href":"https:\/\/banques-ecoles.fr\/cms\/wp-json\/wp\/v2\/pages"}],"about":[{"href":"https:\/\/banques-ecoles.fr\/cms\/wp-json\/wp\/v2\/types\/page"}],"author":[{"embeddable":true,"href":"https:\/\/banques-ecoles.fr\/cms\/wp-json\/wp\/v2\/users\/5"}],"replies":[{"embeddable":true,"href":"https:\/\/banques-ecoles.fr\/cms\/wp-json\/wp\/v2\/comments?post=2541"}],"version-history":[{"count":22,"href":"https:\/\/banques-ecoles.fr\/cms\/wp-json\/wp\/v2\/pages\/2541\/revisions"}],"predecessor-version":[{"id":3528,"href":"https:\/\/banques-ecoles.fr\/cms\/wp-json\/wp\/v2\/pages\/2541\/revisions\/3528"}],"up":[{"embeddable":true,"href":"https:\/\/banques-ecoles.fr\/cms\/wp-json\/wp\/v2\/pages\/730"}],"wp:attachment":[{"href":"https:\/\/banques-ecoles.fr\/cms\/wp-json\/wp\/v2\/media?parent=2541"}],"curies":[{"name":"wp","href":"https:\/\/api.w.org\/{rel}","templated":true}]}}