{"id":2550,"date":"2013-07-29T20:02:01","date_gmt":"2013-07-29T19:02:01","guid":{"rendered":"https:\/\/banques-ecoles.fr\/cms\/?page_id=2550"},"modified":"2014-10-13T17:39:07","modified_gmt":"2014-10-13T15:39:07","slug":"session-2013","status":"publish","type":"page","link":"https:\/\/banques-ecoles.fr\/cms\/filiere-pc\/rapports-des-jurys-de-la-banque-pc\/session-2013\/","title":{"rendered":"Session 2013"},"content":{"rendered":"<p>Rapports sur les \u00e9preuves de la banque PC2013.<\/p>\n<div>\n<p>&nbsp;<\/p>\n<p>Rapport de l\u2019\u00e9preuve \u00e9crite de physique A \u2013 XE<\/p>\n<p>Rapport de l\u2019\u00e9preuve \u00e9crite de physique B \u2013 XELC<\/p>\n<p><a href=\"https:\/\/banques-ecoles.fr\/cms\/wp-content\/uploads\/2013\/07\/13_pc_rap_ephyc.pdf\">Rapport de l\u2019\u00e9preuve \u00e9crite de physique C \u2013 U<\/a><\/p>\n<p>Rapport de l\u2019\u00e9preuve \u00e9crite de physique-chimie \u2013 L<\/p>\n<p><a href=\"https:\/\/banques-ecoles.fr\/cms\/wp-content\/uploads\/2013\/07\/13_pc_rap_echi.pdf\">Rapport de l\u2019\u00e9preuve \u00e9crite de chimie \u2013 XEULC<\/a><\/p>\n<p><a href=\"https:\/\/banques-ecoles.fr\/cms\/wp-content\/uploads\/2013\/07\/13_pc_rap_emath.pdf\">Rapport de l\u2019\u00e9preuve \u00e9crite de math\u00e9matiques \u2013 XEULC<\/a><\/p>\n<p><a href=\"https:\/\/banques-ecoles.fr\/cms\/wp-content\/uploads\/2013\/10\/13_mppc_rap_einfo2h.pdf\">Rapport de l\u2019\u00e9preuve \u00e9crite de d\u2019informatique 2h \u2013 XEC<\/a><\/p>\n<p>&nbsp;<\/p>\n<p>Rapport de l\u2019\u00e9preuve orale de physique \u2013 LC<\/p>\n<p><a href=\"https:\/\/banques-ecoles.fr\/cms\/wp-content\/uploads\/2013\/07\/13_pc_rap_ophyu.pdf\">Rapport des \u00e9preuves orales de physique 1 et 2 \u2013 U<\/a><\/p>\n<p>Rapport de l\u2019\u00e9preuve orale de chimie \u2013 LC<\/p>\n<p><a href=\"https:\/\/banques-ecoles.fr\/cms\/wp-content\/uploads\/2013\/07\/13_pc_rap_ochiu.pdf\">Rapport des \u00e9preuves orales de chimie 1 et 2 \u2013 U<\/a><\/p>\n<p><a href=\"https:\/\/banques-ecoles.fr\/cms\/wp-content\/uploads\/2013\/07\/13_rap_pc_omathul.pdf\">Rapport de l\u2019\u00e9preuve orale de math\u00e9matiques \u2013 UL<\/a><\/p>\n<p><a href=\"https:\/\/banques-ecoles.fr\/cms\/wp-content\/uploads\/2013\/09\/13_mppc_rap_olvang.pdf\">Rapport de l\u2019\u00e9preuve orale de LV : anglais \u2013 ULC<\/a><\/p>\n<p>Rapport de l\u2019\u00e9preuve orale de LV : allemand \u2013 ULC<\/p>\n<p>Rapport de l\u2019\u00e9preuve orale de LV : espagnol \u2013 ULC<\/p>\n<p><a href=\"https:\/\/banques-ecoles.fr\/cms\/wp-content\/uploads\/2013\/08\/13_pc_rap_tpch.pdf\">Rapport des TP de chimie<\/a><\/p>\n<p><a href=\"https:\/\/banques-ecoles.fr\/cms\/wp-content\/uploads\/2013\/08\/13_pc_rap_tpphy.pdf\">Rapport des TP de physique<\/a><\/p>\n<p><a href=\"https:\/\/banques-ecoles.fr\/cms\/wp-content\/uploads\/2013\/07\/13_pc_rap_tipe.pdf\">Rapport de l\u2019\u00e9preuve de TIPE physique-chimie<\/a><\/p>\n<\/div>\n","protected":false},"excerpt":{"rendered":"<p>Rapports sur les \u00e9preuves de la banque PC2013. &nbsp; Rapport de l\u2019\u00e9preuve \u00e9crite de physique A \u2013 XE Rapport de l\u2019\u00e9preuve \u00e9crite de physique B \u2013 XELC Rapport de l\u2019\u00e9preuve \u00e9crite de physique C \u2013 U Rapport de l\u2019\u00e9preuve \u00e9crite <a href=\"https:\/\/banques-ecoles.fr\/cms\/filiere-pc\/rapports-des-jurys-de-la-banque-pc\/session-2013\/\">[Lire la suite]<\/a><\/p>\n","protected":false},"author":5,"featured_media":0,"parent":969,"menu_order":0,"comment_status":"closed","ping_status":"open","template":"","meta":{"footnotes":""},"class_list":["post-2550","page","type-page","status-publish","hentry"],"_links":{"self":[{"href":"https:\/\/banques-ecoles.fr\/cms\/wp-json\/wp\/v2\/pages\/2550","targetHints":{"allow":["GET"]}}],"collection":[{"href":"https:\/\/banques-ecoles.fr\/cms\/wp-json\/wp\/v2\/pages"}],"about":[{"href":"https:\/\/banques-ecoles.fr\/cms\/wp-json\/wp\/v2\/types\/page"}],"author":[{"embeddable":true,"href":"https:\/\/banques-ecoles.fr\/cms\/wp-json\/wp\/v2\/users\/5"}],"replies":[{"embeddable":true,"href":"https:\/\/banques-ecoles.fr\/cms\/wp-json\/wp\/v2\/comments?post=2550"}],"version-history":[{"count":16,"href":"https:\/\/banques-ecoles.fr\/cms\/wp-json\/wp\/v2\/pages\/2550\/revisions"}],"predecessor-version":[{"id":3418,"href":"https:\/\/banques-ecoles.fr\/cms\/wp-json\/wp\/v2\/pages\/2550\/revisions\/3418"}],"up":[{"embeddable":true,"href":"https:\/\/banques-ecoles.fr\/cms\/wp-json\/wp\/v2\/pages\/969"}],"wp:attachment":[{"href":"https:\/\/banques-ecoles.fr\/cms\/wp-json\/wp\/v2\/media?parent=2550"}],"curies":[{"name":"wp","href":"https:\/\/api.w.org\/{rel}","templated":true}]}}