{"id":2565,"date":"2013-07-29T20:25:22","date_gmt":"2013-07-29T19:25:22","guid":{"rendered":"https:\/\/banques-ecoles.fr\/cms\/?page_id=2565"},"modified":"2014-05-23T14:31:56","modified_gmt":"2014-05-23T12:31:56","slug":"session-2013","status":"publish","type":"page","link":"https:\/\/banques-ecoles.fr\/cms\/filiere-mp\/rapports-des-jurys-de-la-banque-i\/session-2013\/","title":{"rendered":"Session 2013"},"content":{"rendered":"<div>\n<p>Rapports de jury des \u00e9preuves des concours Info 2013.<\/p>\n<p>&nbsp;<\/p>\n<p>&nbsp;<\/p>\n<p><a href=\"https:\/\/banques-ecoles.fr\/cms\/wp-content\/uploads\/2013\/07\/13_mpi_rap_emathc.pdf\">Rapport de l\u2019\u00e9preuve \u00e9crite de math\u00e9matiques C \u2013 ULC<\/a><\/p>\n<p><a href=\"https:\/\/banques-ecoles.fr\/cms\/wp-content\/uploads\/2013\/07\/13_mpi_rap_ephy.pdf\">Rapport de l\u2019\u00e9preuve \u00e9crite de physique \u2013 XULC<\/a><\/p>\n<p><a href=\"https:\/\/banques-ecoles.fr\/cms\/wp-content\/uploads\/2013\/07\/13_mpi_rap_einfoa.pdf\">Rapport de l\u2019\u00e9preuve \u00e9crite d\u2019informatique 4h \u2013 XULC<\/a><\/p>\n<p><a href=\"https:\/\/banques-ecoles.fr\/cms\/wp-content\/uploads\/2013\/07\/13_i_rap_einfomath_ulc.pdf\">Rapport de l&rsquo;\u00e9preuve \u00e9crite d&rsquo;informatique-math\u00e9matiques 4h &#8211; ULC<\/a><\/p>\n<p>&nbsp;<\/p>\n<p>&nbsp;<\/p>\n<p><a href=\"https:\/\/banques-ecoles.fr\/cms\/wp-content\/uploads\/2013\/07\/13_mp_rap_omathuulc.pdf\">Rapport de l\u2019\u00e9preuve orale de math\u00e9matiques \u2013 ULC<\/a><\/p>\n<p><a href=\"https:\/\/banques-ecoles.fr\/cms\/wp-content\/uploads\/2013\/07\/13_i_rap_oinfofond.pdf\">Rapport de l\u2019\u00e9preuve orale d\u2019informatique fondamentale \u2013 ULC<\/a><\/p>\n<p><a href=\"https:\/\/banques-ecoles.fr\/cms\/wp-content\/uploads\/2013\/07\/13_mpi_rap_tpalgo.pdf\">Rapport du TP d\u2019algorithmique et programmation \u2013 ULC<\/a><\/p>\n<p><a href=\"https:\/\/banques-ecoles.fr\/cms\/wp-content\/uploads\/2013\/07\/13_mpi_rap_tipeinfo.pdf\">Rapport de l\u2019\u00e9preuve de TIPE \u2013 informatique \u2013 ULC<\/a><\/p>\n<p><a href=\"https:\/\/banques-ecoles.fr\/cms\/wp-content\/uploads\/2013\/07\/13_rapport_tipe_mpi_maths_ulc.pdf\">Rapport de l\u2019\u00e9preuve de TIPE \u2013 math\u00e9matiques \u2013 ULC<\/a><\/p>\n<p><a href=\"https:\/\/banques-ecoles.fr\/cms\/wp-content\/uploads\/2013\/07\/13_mpi_rap_tipephy.pdf\">Rapport de l\u2019\u00e9preuve de TIPE \u2013 physique \u2013 ULC<\/a><\/p>\n<p><a href=\"https:\/\/banques-ecoles.fr\/cms\/wp-content\/uploads\/2013\/09\/13_mppc_rap_olvang.pdf\">Rapport de l\u2019\u00e9preuve orale de LV : anglais \u2013 ULC<\/a><\/p>\n<p>Rapport de l\u2019\u00e9preuve orale de LV : allemand \u2013 ULC<\/p>\n<p>Rapport de l\u2019\u00e9preuve orale de LV : espagnol \u2013 ULC<\/p>\n<\/div>\n","protected":false},"excerpt":{"rendered":"<p>Rapports de jury des \u00e9preuves des concours Info 2013. &nbsp; &nbsp; Rapport de l\u2019\u00e9preuve \u00e9crite de math\u00e9matiques C \u2013 ULC Rapport de l\u2019\u00e9preuve \u00e9crite de physique \u2013 XULC Rapport de l\u2019\u00e9preuve \u00e9crite d\u2019informatique 4h \u2013 XULC Rapport de l&rsquo;\u00e9preuve \u00e9crite <a href=\"https:\/\/banques-ecoles.fr\/cms\/filiere-mp\/rapports-des-jurys-de-la-banque-i\/session-2013\/\">[Lire la suite]<\/a><\/p>\n","protected":false},"author":5,"featured_media":0,"parent":729,"menu_order":0,"comment_status":"closed","ping_status":"open","template":"","meta":{"footnotes":""},"class_list":["post-2565","page","type-page","status-publish","hentry"],"_links":{"self":[{"href":"https:\/\/banques-ecoles.fr\/cms\/wp-json\/wp\/v2\/pages\/2565","targetHints":{"allow":["GET"]}}],"collection":[{"href":"https:\/\/banques-ecoles.fr\/cms\/wp-json\/wp\/v2\/pages"}],"about":[{"href":"https:\/\/banques-ecoles.fr\/cms\/wp-json\/wp\/v2\/types\/page"}],"author":[{"embeddable":true,"href":"https:\/\/banques-ecoles.fr\/cms\/wp-json\/wp\/v2\/users\/5"}],"replies":[{"embeddable":true,"href":"https:\/\/banques-ecoles.fr\/cms\/wp-json\/wp\/v2\/comments?post=2565"}],"version-history":[{"count":14,"href":"https:\/\/banques-ecoles.fr\/cms\/wp-json\/wp\/v2\/pages\/2565\/revisions"}],"predecessor-version":[{"id":3181,"href":"https:\/\/banques-ecoles.fr\/cms\/wp-json\/wp\/v2\/pages\/2565\/revisions\/3181"}],"up":[{"embeddable":true,"href":"https:\/\/banques-ecoles.fr\/cms\/wp-json\/wp\/v2\/pages\/729"}],"wp:attachment":[{"href":"https:\/\/banques-ecoles.fr\/cms\/wp-json\/wp\/v2\/media?parent=2565"}],"curies":[{"name":"wp","href":"https:\/\/api.w.org\/{rel}","templated":true}]}}