{"id":2580,"date":"2013-07-29T20:38:03","date_gmt":"2013-07-29T19:38:03","guid":{"rendered":"https:\/\/banques-ecoles.fr\/cms\/?page_id=2580"},"modified":"2014-07-14T18:29:19","modified_gmt":"2014-07-14T16:29:19","slug":"session-2c","status":"publish","type":"page","link":"https:\/\/banques-ecoles.fr\/cms\/filieres-universitaires-second-concours-scientifique\/rapports-des-jurys-du-second-concours-de-lens-de-lyon\/session-2c\/","title":{"rendered":"Session 2013"},"content":{"rendered":"<p>&nbsp;<\/p>\n<div>\n<p>Rapports des jurys des \u00e9preuves \u00e9crites et orales du concours des fili\u00e8res universitaires de la session 2013.<\/p>\n<p>&nbsp;<\/p>\n<p>Rapport de l\u2019\u00e9crit de biologie-biochimie<\/p>\n<p>Rapport de l\u2019\u00e9crit d\u2019informatique<\/p>\n<p>Rapport de l\u2019oral de biologie-biochimie<\/p>\n<p>Rapport de l\u2019oral de math\u00e9matiques<\/p>\n<p><a href=\"https:\/\/banques-ecoles.fr\/cms\/wp-content\/uploads\/2013\/08\/13_2cl_rap_ophy.pdf\">Rapport de l\u2019oral de physique<\/a><\/p>\n<p><a href=\"https:\/\/banques-ecoles.fr\/cms\/wp-content\/uploads\/2013\/08\/13_2cl_rap_olv.pdf\">Rapport de l\u2019oral de langue vivante<\/a><\/p>\n<p><a href=\"https:\/\/banques-ecoles.fr\/cms\/wp-content\/uploads\/2014\/07\/13_2clyon_rap_projet.pdf\">Rapport de l\u2019\u00e9preuve (orale) de projet personnel<\/a><\/p>\n<\/div>\n","protected":false},"excerpt":{"rendered":"<p>&nbsp; Rapports des jurys des \u00e9preuves \u00e9crites et orales du concours des fili\u00e8res universitaires de la session 2013. &nbsp; Rapport de l\u2019\u00e9crit de biologie-biochimie Rapport de l\u2019\u00e9crit d\u2019informatique Rapport de l\u2019oral de biologie-biochimie Rapport de l\u2019oral de math\u00e9matiques Rapport de <a href=\"https:\/\/banques-ecoles.fr\/cms\/filieres-universitaires-second-concours-scientifique\/rapports-des-jurys-du-second-concours-de-lens-de-lyon\/session-2c\/\">[Lire la suite]<\/a><\/p>\n","protected":false},"author":5,"featured_media":0,"parent":1187,"menu_order":0,"comment_status":"closed","ping_status":"open","template":"","meta":{"footnotes":""},"class_list":["post-2580","page","type-page","status-publish","hentry"],"_links":{"self":[{"href":"https:\/\/banques-ecoles.fr\/cms\/wp-json\/wp\/v2\/pages\/2580","targetHints":{"allow":["GET"]}}],"collection":[{"href":"https:\/\/banques-ecoles.fr\/cms\/wp-json\/wp\/v2\/pages"}],"about":[{"href":"https:\/\/banques-ecoles.fr\/cms\/wp-json\/wp\/v2\/types\/page"}],"author":[{"embeddable":true,"href":"https:\/\/banques-ecoles.fr\/cms\/wp-json\/wp\/v2\/users\/5"}],"replies":[{"embeddable":true,"href":"https:\/\/banques-ecoles.fr\/cms\/wp-json\/wp\/v2\/comments?post=2580"}],"version-history":[{"count":9,"href":"https:\/\/banques-ecoles.fr\/cms\/wp-json\/wp\/v2\/pages\/2580\/revisions"}],"predecessor-version":[{"id":3300,"href":"https:\/\/banques-ecoles.fr\/cms\/wp-json\/wp\/v2\/pages\/2580\/revisions\/3300"}],"up":[{"embeddable":true,"href":"https:\/\/banques-ecoles.fr\/cms\/wp-json\/wp\/v2\/pages\/1187"}],"wp:attachment":[{"href":"https:\/\/banques-ecoles.fr\/cms\/wp-json\/wp\/v2\/media?parent=2580"}],"curies":[{"name":"wp","href":"https:\/\/api.w.org\/{rel}","templated":true}]}}