{"id":2686,"date":"2013-08-31T18:11:33","date_gmt":"2013-08-31T17:11:33","guid":{"rendered":"https:\/\/banques-ecoles.fr\/cms\/?page_id=2686"},"modified":"2013-08-31T18:12:44","modified_gmt":"2013-08-31T17:12:44","slug":"session-2011","status":"publish","type":"page","link":"https:\/\/banques-ecoles.fr\/cms\/filieres-universitaires-second-concours-scientifique\/annales-du-second-concours-de-lens-paris\/session-2011\/","title":{"rendered":"Session 2011"},"content":{"rendered":"<p>Sujets des \u00e9preuves \u00e9crites du concours des fili\u00e8res m\u00e9dicale et pharmaceutique, pour la session 2011.<\/p>\n<p>&nbsp;<\/p>\n<p>Sujet de l&rsquo;\u00e9crit de Biologie-biochimie<\/p>\n<p>Sujet de l&rsquo;\u00e9crit de Chimie-Physique<\/p>\n<p>Sujet de l&rsquo;\u00e9crit de Physique-Maths<\/p>\n","protected":false},"excerpt":{"rendered":"<p>Sujets des \u00e9preuves \u00e9crites du concours des fili\u00e8res m\u00e9dicale et pharmaceutique, pour la session 2011. &nbsp; Sujet de l&rsquo;\u00e9crit de Biologie-biochimie Sujet de l&rsquo;\u00e9crit de Chimie-Physique Sujet de l&rsquo;\u00e9crit de Physique-Maths<\/p>\n","protected":false},"author":5,"featured_media":0,"parent":1185,"menu_order":0,"comment_status":"closed","ping_status":"open","template":"","meta":{"footnotes":""},"class_list":["post-2686","page","type-page","status-publish","hentry"],"_links":{"self":[{"href":"https:\/\/banques-ecoles.fr\/cms\/wp-json\/wp\/v2\/pages\/2686","targetHints":{"allow":["GET"]}}],"collection":[{"href":"https:\/\/banques-ecoles.fr\/cms\/wp-json\/wp\/v2\/pages"}],"about":[{"href":"https:\/\/banques-ecoles.fr\/cms\/wp-json\/wp\/v2\/types\/page"}],"author":[{"embeddable":true,"href":"https:\/\/banques-ecoles.fr\/cms\/wp-json\/wp\/v2\/users\/5"}],"replies":[{"embeddable":true,"href":"https:\/\/banques-ecoles.fr\/cms\/wp-json\/wp\/v2\/comments?post=2686"}],"version-history":[{"count":4,"href":"https:\/\/banques-ecoles.fr\/cms\/wp-json\/wp\/v2\/pages\/2686\/revisions"}],"predecessor-version":[{"id":2690,"href":"https:\/\/banques-ecoles.fr\/cms\/wp-json\/wp\/v2\/pages\/2686\/revisions\/2690"}],"up":[{"embeddable":true,"href":"https:\/\/banques-ecoles.fr\/cms\/wp-json\/wp\/v2\/pages\/1185"}],"wp:attachment":[{"href":"https:\/\/banques-ecoles.fr\/cms\/wp-json\/wp\/v2\/media?parent=2686"}],"curies":[{"name":"wp","href":"https:\/\/api.w.org\/{rel}","templated":true}]}}