{"id":27,"date":"2012-11-29T11:04:09","date_gmt":"2012-11-29T10:04:09","guid":{"rendered":"http:\/\/127.0.0.1\/wordpress342\/?page_id=27"},"modified":"2025-12-11T10:38:49","modified_gmt":"2025-12-11T08:38:49","slug":"filiere-bcpst","status":"publish","type":"page","link":"https:\/\/banques-ecoles.fr\/cms\/filiere-bcpst\/","title":{"rendered":"Fili\u00e8re BCPST"},"content":{"rendered":"<div id=\"plone-document-byline\">Informations relatives au concours d&rsquo;admission pour la fili\u00e8re BCPST.<\/div>\n<div><span style=\"color: #ffffff;\">xxx<\/span><\/div>\n<div>\n<h2>I. Description du concours et inscription<\/h2>\n<\/div>\n<ul>\n<li><a href=\"https:\/\/banques-ecoles.fr\/cms\/wp-content\/uploads\/2025\/12\/26_structure_BCPST_bq.pdf\">Structure et calendrier de la banque BCPST ENS-ENPC-Mines de Paris-Ecoles Centrale &#8211; session 2026<\/a><\/li>\n<li><a title=\"Conditions d\u2019inscription\" href=\"http:\/\/banques-ecoles.fr\/cms\/informations-generales\/conditions-dinscription\/\">Conditions d&rsquo;inscription<\/a><\/li>\n<li><a title=\"Modalit\u00e9s d\u2019inscription\" href=\"http:\/\/banques-ecoles.fr\/cms\/informations-generales\/modalites-dinscription\/\">Modalit\u00e9s d&rsquo;inscription<\/a><\/li>\n<\/ul>\n<h2>II. D\u00e9roulement du concours<\/h2>\n<ul>\n<li><a href=\"https:\/\/banques-ecoles.fr\/cms\/?p=1741\">\u00c9crits BCPST 2026<\/a><\/li>\n<li><a href=\"https:\/\/banques-ecoles.fr\/cms\/filiere-bcpst\/oraux-bcpst\/\">Oraux BCPST 2026<\/a><\/li>\n<\/ul>\n<ul>\n<li><a href=\"https:\/\/banques-ecoles.fr\/cms\/inscription-en-ligne-pour-les-oraux-bcpst-a-ulm\/\">Inscription en ligne pour les auditeurs des oraux BCPST<\/a><\/li>\n<\/ul>\n<h2>III. Annales et rapports de jury<\/h2>\n<p><em>Classement par ann\u00e9es<\/em><\/p>\n<ul>\n<li><a href=\"http:\/\/banques-ecoles.fr\/cms\/filiere-bcpst\/annales-de-la-banque-bcpst\/\">Annales class\u00e9es par ann\u00e9es<\/a><\/li>\n<li><a href=\"http:\/\/banques-ecoles.fr\/cms\/filiere-bcpst\/rapports-des-jurys-de-la-banque-bcpst\/\">Rapports de jurys class\u00e9s par ann\u00e9es<\/a><\/li>\n<\/ul>\n<p><em>Classement par discipline<\/em><\/p>\n<ul>\n<li><a href=\"https:\/\/banques-ecoles.fr\/cms\/filiere-bcpst\/les-annales-et-rapports-des-jurys\/\">Annales et rapports des jurys class\u00e9s par discipline<\/a><\/li>\n<\/ul>\n\n\n\n\n\n","protected":false},"excerpt":{"rendered":"<p>Informations relatives au concours d&rsquo;admission pour la fili\u00e8re BCPST. xxx I. Description du concours et inscription Structure et calendrier de la banque BCPST ENS-ENPC-Mines de Paris-Ecoles Centrale &#8211; session 2026 Conditions d&rsquo;inscription Modalit\u00e9s d&rsquo;inscription II. D\u00e9roulement du concours \u00c9crits BCPST <a href=\"https:\/\/banques-ecoles.fr\/cms\/filiere-bcpst\/\">[Lire la suite]<\/a><\/p>\n","protected":false},"author":1,"featured_media":0,"parent":0,"menu_order":2,"comment_status":"closed","ping_status":"closed","template":"","meta":{"footnotes":""},"class_list":["post-27","page","type-page","status-publish","hentry"],"_links":{"self":[{"href":"https:\/\/banques-ecoles.fr\/cms\/wp-json\/wp\/v2\/pages\/27","targetHints":{"allow":["GET"]}}],"collection":[{"href":"https:\/\/banques-ecoles.fr\/cms\/wp-json\/wp\/v2\/pages"}],"about":[{"href":"https:\/\/banques-ecoles.fr\/cms\/wp-json\/wp\/v2\/types\/page"}],"author":[{"embeddable":true,"href":"https:\/\/banques-ecoles.fr\/cms\/wp-json\/wp\/v2\/users\/1"}],"replies":[{"embeddable":true,"href":"https:\/\/banques-ecoles.fr\/cms\/wp-json\/wp\/v2\/comments?post=27"}],"version-history":[{"count":144,"href":"https:\/\/banques-ecoles.fr\/cms\/wp-json\/wp\/v2\/pages\/27\/revisions"}],"predecessor-version":[{"id":13221,"href":"https:\/\/banques-ecoles.fr\/cms\/wp-json\/wp\/v2\/pages\/27\/revisions\/13221"}],"wp:attachment":[{"href":"https:\/\/banques-ecoles.fr\/cms\/wp-json\/wp\/v2\/media?parent=27"}],"curies":[{"name":"wp","href":"https:\/\/api.w.org\/{rel}","templated":true}]}}