{"id":2765,"date":"2013-11-05T15:27:21","date_gmt":"2013-11-05T14:27:21","guid":{"rendered":"https:\/\/banques-ecoles.fr\/cms\/?page_id=2765"},"modified":"2015-05-05T11:27:49","modified_gmt":"2015-05-05T09:27:49","slug":"ecole-normale-superieure-de-rennes","status":"publish","type":"page","link":"https:\/\/banques-ecoles.fr\/cms\/ecoles-partenaires\/ecole-normale-superieure-de-rennes\/","title":{"rendered":"\u00c9cole normale sup\u00e9rieure de Rennes"},"content":{"rendered":"<p>Coordonn\u00e9es postales, t\u00e9l\u00e9phoniques et \u00e9lectroniques de l&rsquo;ENS de Rennes.<\/p>\n<p>&nbsp;<\/p>\n<ul>\n<ul>\n<li>Adresse postale :<br \/>\n\u00c9cole normale sup\u00e9rieure de Rennes<br \/>\nCampus de Ker Lann<br \/>\nAvenue Robert Schuman<br \/>\n35170 BRUZ<\/li>\n<\/ul>\n<\/ul>\n<ul style=\"padding-left: 30px;\">\n<li style=\"padding-left: 30px;\">T\u00e9l\u00e9phone : 02 99 05 93 00<\/li>\n<\/ul>\n<ul style=\"padding-left: 30px;\">\n<li style=\"padding-left: 30px;\">T\u00e9l\u00e9copie : 02 99 05 93 29<\/li>\n<\/ul>\n<ul style=\"padding-left: 30px;\">\n<li style=\"padding-left: 30px;\"><a href=\"http:\/\/www.ens-rennes.fr\/le-campus-de-ker-lann-273197.kjsp?RH=KERLANN_FR&amp;RF=1188565366166\" target=\"_blank\">Plan de l&rsquo;ENS de Rennes<\/a><\/li>\n<\/ul>\n<ul style=\"padding-left: 30px;\">\n<li style=\"padding-left: 30px;\"><a href=\"http:\/\/www.bretagne.ens-cachan.fr\/\">Site de l&rsquo;ENS de Rennes<\/a><\/li>\n<\/ul>\n<p>&nbsp;<\/p>\n","protected":false},"excerpt":{"rendered":"<p>Coordonn\u00e9es postales, t\u00e9l\u00e9phoniques et \u00e9lectroniques de l&rsquo;ENS de Rennes. &nbsp; Adresse postale : \u00c9cole normale sup\u00e9rieure de Rennes Campus de Ker Lann Avenue Robert Schuman 35170 BRUZ T\u00e9l\u00e9phone : 02 99 05 93 00 T\u00e9l\u00e9copie : 02 99 05 93 <a href=\"https:\/\/banques-ecoles.fr\/cms\/ecoles-partenaires\/ecole-normale-superieure-de-rennes\/\">[Lire la suite]<\/a><\/p>\n","protected":false},"author":1,"featured_media":0,"parent":127,"menu_order":0,"comment_status":"closed","ping_status":"open","template":"","meta":{"footnotes":""},"class_list":["post-2765","page","type-page","status-publish","hentry"],"_links":{"self":[{"href":"https:\/\/banques-ecoles.fr\/cms\/wp-json\/wp\/v2\/pages\/2765","targetHints":{"allow":["GET"]}}],"collection":[{"href":"https:\/\/banques-ecoles.fr\/cms\/wp-json\/wp\/v2\/pages"}],"about":[{"href":"https:\/\/banques-ecoles.fr\/cms\/wp-json\/wp\/v2\/types\/page"}],"author":[{"embeddable":true,"href":"https:\/\/banques-ecoles.fr\/cms\/wp-json\/wp\/v2\/users\/1"}],"replies":[{"embeddable":true,"href":"https:\/\/banques-ecoles.fr\/cms\/wp-json\/wp\/v2\/comments?post=2765"}],"version-history":[{"count":14,"href":"https:\/\/banques-ecoles.fr\/cms\/wp-json\/wp\/v2\/pages\/2765\/revisions"}],"predecessor-version":[{"id":4112,"href":"https:\/\/banques-ecoles.fr\/cms\/wp-json\/wp\/v2\/pages\/2765\/revisions\/4112"}],"up":[{"embeddable":true,"href":"https:\/\/banques-ecoles.fr\/cms\/wp-json\/wp\/v2\/pages\/127"}],"wp:attachment":[{"href":"https:\/\/banques-ecoles.fr\/cms\/wp-json\/wp\/v2\/media?parent=2765"}],"curies":[{"name":"wp","href":"https:\/\/api.w.org\/{rel}","templated":true}]}}