{"id":2986,"date":"2014-04-05T13:14:10","date_gmt":"2014-04-05T12:14:10","guid":{"rendered":"https:\/\/banques-ecoles.fr\/cms\/?page_id=2986"},"modified":"2026-03-19T11:31:34","modified_gmt":"2026-03-19T09:31:34","slug":"oraux-bcpst","status":"publish","type":"page","link":"https:\/\/banques-ecoles.fr\/cms\/filiere-bcpst\/oraux-bcpst\/","title":{"rendered":"Oraux BCPST 2026"},"content":{"rendered":"\n\n\n<div class=\"wp-block-group\"><div class=\"wp-block-group__inner-container is-layout-flow wp-block-group-is-layout-flow\">\n<p><\/p>\n\n\n<\/div><\/div>\n\n\n\n<ul class=\"wp-block-list\">\n<li>Dates des \u00e9preuves pratiques et orales :&nbsp;du 15 juin au 4 juillet 2026<\/li>\n<\/ul>\n\n\n\n<ul class=\"wp-block-list\">\n<li><a href=\"https:\/\/banques-ecoles.fr\/cms\/wp-content\/uploads\/2025\/05\/25_Lieux_des_oraux.pdf\" target=\"_blank\" rel=\"noreferrer noopener\">Localisation des \u00e9preuves orales<\/a><\/li>\n\n\n\n<li><a href=\"https:\/\/banques-ecoles.fr\/cms\/wp-content\/uploads\/2025\/06\/25_bcpst_oraux_informations.pdf\" target=\"_blank\" rel=\"noreferrer noopener\">Organisation des oraux<\/a> (convocation, secr\u00e9tariat, TIPE)<\/li>\n\n\n\n<li><a href=\"https:\/\/banques-ecoles.fr\/cms\/wp-content\/uploads\/2025\/06\/25_contacts_secretariats.pdf\" target=\"_blank\" rel=\"noreferrer noopener\">Contacts secr\u00e9tariats<\/a><\/li>\n<\/ul>\n\n\n\n<ul class=\"wp-block-list\">\n<li>TP de Biologie-Chimie :\n<ul class=\"wp-block-list\">\n<li><a href=\"https:\/\/banques-ecoles.fr\/cms\/wp-content\/uploads\/2025\/06\/25_bcpst_consignes_tp_cddts.pdf\" target=\"_blank\" rel=\"noreferrer noopener\">Consignes&nbsp;pour les candidats<\/a><\/li>\n<\/ul>\n<\/li>\n<\/ul>\n\n\n\n\n\n<div class=\"wp-block-group\"><div class=\"wp-block-group__inner-container is-layout-flow wp-block-group-is-layout-flow\">\n<ul class=\"wp-block-list\">\n<li>Page de garde du TIPE :<\/li>\n<\/ul>\n\n\n\n<p>&#8211; format <a href=\"https:\/\/banques-ecoles.fr\/cms\/wp-content\/uploads\/2025\/06\/25_bcpst_pdg.pdf\" target=\"_blank\" rel=\"noreferrer noopener\">PDF<\/a><\/p>\n\n\n\n<p>&#8211; format <a href=\"https:\/\/banques-ecoles.fr\/cms\/wp-content\/uploads\/2025\/06\/25_bcpst_pdg.xlsx\">XLSX<\/a><\/p>\n<\/div><\/div>\n\n\n\n<p><span style=\"color: #ffffff;\">x<\/span><\/p>\n\n\n\n<ul class=\"wp-block-list\">\n<li><a href=\"https:\/\/banques-ecoles.fr\/cms\/wp-content\/uploads\/2025\/06\/25_Oraux_sciences_duree-des-epreuves_interENS.pdf\" target=\"_blank\" rel=\"noreferrer noopener\">Dur\u00e9e des \u00e9preuves orales&nbsp;<\/a><\/li>\n\n\n\n<li><a href=\"https:\/\/banques-ecoles.fr\/cms\/wp-content\/uploads\/2025\/06\/25_Hebergement_Lyon_modifie.pdf\" target=\"_blank\" rel=\"noreferrer noopener\">H\u00e9bergement \u00e0 Lyon<\/a><\/li>\n\n\n\n<li><a href=\"https:\/\/www.ens.psl.eu\/hebergement-des-candidats-pendant-les-epreuves\" target=\"_blank\" rel=\"noreferrer noopener\">H\u00e9bergement \u00e0 Paris<\/a> (Campus de Montrouge)<\/li>\n\n\n\n<li>H\u00e9bergement \u00e0 Paris-Saclay : si vous avez des difficult\u00e9s pour trouver un logement, contactez le BDE via leur compte&nbsp;<a rel=\"noreferrer noopener\" href=\"https:\/\/www.instagram.com\/bde2023_ensps\/\" target=\"_blank\">Instagram : @bde2023_ensps&nbsp;<\/a><\/li>\n<\/ul>\n\n\n\n<ul class=\"wp-block-list\">\n<li>R\u00e9sultats de l&rsquo;admissibilit\u00e9 le\u00a0: 05\/06\/2026<\/li>\n\n\n\n<li>R\u00e9sultats de l&rsquo;admission le\u00a0: 15\/07\/2026<\/li>\n<\/ul>\n\n\n","protected":false},"excerpt":{"rendered":"<p>&#8211; format PDF &#8211; format XLSX x<\/p>\n","protected":false},"author":5,"featured_media":0,"parent":27,"menu_order":0,"comment_status":"closed","ping_status":"open","template":"","meta":{"footnotes":""},"class_list":["post-2986","page","type-page","status-publish","hentry"],"_links":{"self":[{"href":"https:\/\/banques-ecoles.fr\/cms\/wp-json\/wp\/v2\/pages\/2986","targetHints":{"allow":["GET"]}}],"collection":[{"href":"https:\/\/banques-ecoles.fr\/cms\/wp-json\/wp\/v2\/pages"}],"about":[{"href":"https:\/\/banques-ecoles.fr\/cms\/wp-json\/wp\/v2\/types\/page"}],"author":[{"embeddable":true,"href":"https:\/\/banques-ecoles.fr\/cms\/wp-json\/wp\/v2\/users\/5"}],"replies":[{"embeddable":true,"href":"https:\/\/banques-ecoles.fr\/cms\/wp-json\/wp\/v2\/comments?post=2986"}],"version-history":[{"count":197,"href":"https:\/\/banques-ecoles.fr\/cms\/wp-json\/wp\/v2\/pages\/2986\/revisions"}],"predecessor-version":[{"id":13278,"href":"https:\/\/banques-ecoles.fr\/cms\/wp-json\/wp\/v2\/pages\/2986\/revisions\/13278"}],"up":[{"embeddable":true,"href":"https:\/\/banques-ecoles.fr\/cms\/wp-json\/wp\/v2\/pages\/27"}],"wp:attachment":[{"href":"https:\/\/banques-ecoles.fr\/cms\/wp-json\/wp\/v2\/media?parent=2986"}],"curies":[{"name":"wp","href":"https:\/\/api.w.org\/{rel}","templated":true}]}}