{"id":2989,"date":"2014-04-05T13:20:23","date_gmt":"2014-04-05T12:20:23","guid":{"rendered":"https:\/\/banques-ecoles.fr\/cms\/?page_id=2989"},"modified":"2026-03-19T11:35:16","modified_gmt":"2026-03-19T09:35:16","slug":"oraux-mp-2019","status":"publish","type":"page","link":"https:\/\/banques-ecoles.fr\/cms\/filiere-mp\/oraux-mp-2019\/","title":{"rendered":"Oraux MP\/MPI 2026"},"content":{"rendered":"\n\n\n<p>Dates des \u00e9preuves pratiques et orales : du 8 au 27 juin 2026<\/p>\n<ul>\n<li><a href=\"https:\/\/banques-ecoles.fr\/cms\/wp-content\/uploads\/2025\/05\/25_Lieux_des_oraux.pdf\" target=\"_blank\" rel=\"noopener\">Localisation des \u00e9preuves orales<\/a><\/li>\n<li><a href=\"https:\/\/banques-ecoles.fr\/cms\/wp-content\/uploads\/2025\/06\/25_Oraux_sciences_duree-des-epreuves_interENS.pdf\" target=\"_blank\" rel=\"noopener\">Dur\u00e9e des \u00e9preuves orales<\/a><\/li>\n<li>Page de garde du TIPE fili\u00e8res MP\/MPI :\n<ul style=\"list-style-type: circle;\">\n<li><a href=\"https:\/\/banques-ecoles.fr\/cms\/wp-content\/uploads\/2025\/06\/25_mp_mpi_pdg.pdf\" target=\"_blank\" rel=\"noopener\">PDF<\/a><\/li>\n<li><a href=\"https:\/\/banques-ecoles.fr\/cms\/wp-content\/uploads\/2025\/06\/25_mp_mpi_pdg.xlsx\">XLSX<\/a><\/li>\n<\/ul>\n<\/li>\n<\/ul>\n\n\n\n<ul class=\"wp-block-list\">\n<li><a href=\"https:\/\/banques-ecoles.fr\/cms\/wp-content\/uploads\/2025\/06\/25_contacts_secretariats.pdf\" target=\"_blank\" rel=\"noreferrer noopener\">Contacts secr\u00e9tariats<\/a><\/li>\n\n\n\n<li><a href=\"https:\/\/banques-ecoles.fr\/cms\/wp-content\/uploads\/2025\/06\/Consignes-candidats-admissibles-MP-MPI-2025.pdf\" target=\"_blank\" rel=\"noreferrer noopener\">Consignes \u00e0 l&rsquo;attention des candidats admissibles MP MPI INFO<\/a> (mis \u00e0 jour 2025)<\/li>\n<\/ul>\n\n\n\n<ul class=\"wp-block-list\">\n<li><a href=\"https:\/\/lmf.cnrs.fr\/deptinfo-ens\/Concours\/OralTPAlgo\" target=\"_blank\" rel=\"noreferrer noopener\">Travaux pratiques d&rsquo;algorithmique<\/a><\/li>\n<\/ul>\n\n\n\n<ul class=\"wp-block-list\">\n<li><a href=\"https:\/\/banques-ecoles.fr\/cms\/oraux-mp-2014\/nouvelle-epreuve-de-langues\/\">\u00c9preuve de langues<\/a><\/li>\n\n\n\n<li><a rel=\"noopener\" href=\"https:\/\/banques-ecoles.fr\/cms\/wp-content\/uploads\/2015\/06\/15_PC_MP_plan_sallesLV.pdf\" target=\"_blank\">Situation des salles de LV \u00e0 l&rsquo;X<\/a><\/li>\n\n\n\n<li><a href=\"https:\/\/banques-ecoles.fr\/cms\/wp-content\/uploads\/2023\/06\/Plan_acces_X.pdf\" target=\"_blank\" rel=\"noreferrer noopener\">Plan de l&rsquo;\u00c9cole polytechnique<\/a><\/li>\n\n\n\n<li><a href=\"https:\/\/www.ens.psl.eu\/hebergement-des-candidats-pendant-les-epreuves\" target=\"_blank\" rel=\"noreferrer noopener\">H\u00e9bergement \u00e0 Paris<\/a> (Campus de Montrouge)<\/li>\n\n\n\n<li><a href=\"https:\/\/ens-paris-saclay.fr\/actualite\/bienvenue-aux-candidats-admissibles-2024\">H\u00e9bergement \u00e0 Paris-Saclay<\/a><\/li>\n<\/ul>\n\n\n\n\n\n<ul class=\"wp-block-list\">\n<li>R\u00e9sultats de l\u2019admission le 10 juillet 2026<\/li>\n<\/ul>\n\n\n\n<ul>\n<li>Assister aux \u00e9preuves orales<\/li>\n<\/ul>\n<p>Inscription en ligne :<\/p>\n<p><a href=\"https:\/\/www.billetweb.fr\/info-ulsr-mp1\" target=\"_blank\" rel=\"noopener\">Info ULSR MP<\/a><\/p>\n<p><a href=\"https:\/\/www.billetweb.fr\/info-ulsr-mpi\" target=\"_blank\" rel=\"noopener\">Info ULSR MPI<\/a><\/p>\n<p><a href=\"https:\/\/www.billetweb.fr\/mp-physique-ulm\" target=\"_blank\" rel=\"noopener\">Physique U<\/a><\/p>\n<p><a href=\"https:\/\/www.billetweb.fr\/mp-physique-lsr\" target=\"_blank\" rel=\"noopener\">Physique LSR<\/a><\/p>\n<p><a href=\"https:\/\/www.billetweb.fr\/tipe-info\" target=\"_blank\" rel=\"noopener\">TIPE Info<\/a><\/p>\n<p><a href=\"https:\/\/www.billetweb.fr\/mp-tipe-physique\" target=\"_blank\" rel=\"noopener\">TIPE Physique<\/a><\/p>\n<p><a href=\"https:\/\/www.billetweb.fr\/tipe-maths\" target=\"_blank\" rel=\"noopener\">TIPE Maths<\/a><\/p>\n<p><a href=\"https:\/\/www.billetweb.fr\/maths-ulm\" target=\"_blank\" rel=\"noopener\">Maths U<\/a><\/p>\n<p><a href=\"https:\/\/www.billetweb.fr\/maths-ulm-lyon-paris-saclay-rennes\" target=\"_blank\" rel=\"noopener\">Maths ULSR<\/a><\/p>\n<p><a href=\"https:\/\/www.billetweb.fr\/maths-lyon\" target=\"_blank\" rel=\"noopener\">Maths L<\/a><\/p>\n","protected":false},"excerpt":{"rendered":"<p>Dates des \u00e9preuves pratiques et orales : du 8 au 27 juin 2026 Localisation des \u00e9preuves orales Dur\u00e9e des \u00e9preuves orales Page de garde du TIPE fili\u00e8res MP\/MPI : PDF XLSX Assister aux \u00e9preuves orales Inscription en ligne : Info <a href=\"https:\/\/banques-ecoles.fr\/cms\/filiere-mp\/oraux-mp-2019\/\">[Lire la suite]<\/a><\/p>\n","protected":false},"author":5,"featured_media":0,"parent":40,"menu_order":0,"comment_status":"closed","ping_status":"open","template":"","meta":{"footnotes":""},"class_list":["post-2989","page","type-page","status-publish","hentry"],"_links":{"self":[{"href":"https:\/\/banques-ecoles.fr\/cms\/wp-json\/wp\/v2\/pages\/2989","targetHints":{"allow":["GET"]}}],"collection":[{"href":"https:\/\/banques-ecoles.fr\/cms\/wp-json\/wp\/v2\/pages"}],"about":[{"href":"https:\/\/banques-ecoles.fr\/cms\/wp-json\/wp\/v2\/types\/page"}],"author":[{"embeddable":true,"href":"https:\/\/banques-ecoles.fr\/cms\/wp-json\/wp\/v2\/users\/5"}],"replies":[{"embeddable":true,"href":"https:\/\/banques-ecoles.fr\/cms\/wp-json\/wp\/v2\/comments?post=2989"}],"version-history":[{"count":185,"href":"https:\/\/banques-ecoles.fr\/cms\/wp-json\/wp\/v2\/pages\/2989\/revisions"}],"predecessor-version":[{"id":13279,"href":"https:\/\/banques-ecoles.fr\/cms\/wp-json\/wp\/v2\/pages\/2989\/revisions\/13279"}],"up":[{"embeddable":true,"href":"https:\/\/banques-ecoles.fr\/cms\/wp-json\/wp\/v2\/pages\/40"}],"wp:attachment":[{"href":"https:\/\/banques-ecoles.fr\/cms\/wp-json\/wp\/v2\/media?parent=2989"}],"curies":[{"name":"wp","href":"https:\/\/api.w.org\/{rel}","templated":true}]}}