{"id":2997,"date":"2014-04-05T13:27:48","date_gmt":"2014-04-05T12:27:48","guid":{"rendered":"https:\/\/banques-ecoles.fr\/cms\/?page_id=2997"},"modified":"2025-10-21T13:35:53","modified_gmt":"2025-10-21T11:35:53","slug":"ecrits-pc-2016","status":"publish","type":"page","link":"https:\/\/banques-ecoles.fr\/cms\/filiere-pc\/ecrits-pc-2016\/","title":{"rendered":"Ecrits PC 2026"},"content":{"rendered":"\n\n\n\n<p>Pour acc\u00e9der \u00e0 votre convocation pour les \u00e9preuves \u00e9crites de la banque PC Ecole Polytechnique \u2013 interENS, <a href=\"https:\/\/mondossier.scei-concours.fr\/GenerationConvocations\/loginXENS\" target=\"_blank\" rel=\"noopener\">cliquer ici<\/a>.<\/p>\n<p>Munissez-vous de votre n\u00b0 d&rsquo;inscription SCEI et de votre code confidentiel pour r\u00e9cup\u00e9rer votre document.<\/p>\n<ul>\n<li><a href=\"https:\/\/banques-ecoles.fr\/cms\/wp-content\/uploads\/2024\/04\/Consignes-aux-candidats-a-lecrit-_2024.pdf\" target=\"_blank\" rel=\"noopener\">Consignes aux candidats pour les \u00e9preuves \u00e9crites<\/a><\/li>\n<li><a href=\"https:\/\/banques-ecoles.fr\/cms\/wp-content\/uploads\/2022\/04\/2022_Consignes-Etat_urgence-A3.pdf\" target=\"_blank\" rel=\"noopener\">Dispositions particuli\u00e8res \u00ab\u00a0vigipirate\u00a0\u00bb<\/a><\/li>\n<li><a href=\"https:\/\/banques-ecoles.fr\/cms\/wp-content\/uploads\/2015\/03\/15_bcpst_plan_acces_siec.pdf\" target=\"_blank\" rel=\"noopener noreferrer\">Plan d&rsquo;acc\u00e8s au centre d&rsquo;\u00e9preuves \u00e9crites du SIEC<\/a><\/li>\n<\/ul>\n<ul>\n<li>Affichage des r\u00e9sultats d&rsquo;admissibilit\u00e9 le : 27 mai 2026.<\/li>\n<\/ul>\n\n\n\n","protected":false},"excerpt":{"rendered":"<p>Pour acc\u00e9der \u00e0 votre convocation pour les \u00e9preuves \u00e9crites de la banque PC Ecole Polytechnique \u2013 interENS, cliquer ici. Munissez-vous de votre n\u00b0 d&rsquo;inscription SCEI et de votre code confidentiel pour r\u00e9cup\u00e9rer votre document. Consignes aux candidats pour les \u00e9preuves <a href=\"https:\/\/banques-ecoles.fr\/cms\/filiere-pc\/ecrits-pc-2016\/\">[Lire la suite]<\/a><\/p>\n","protected":false},"author":5,"featured_media":0,"parent":74,"menu_order":0,"comment_status":"closed","ping_status":"open","template":"","meta":{"footnotes":""},"class_list":["post-2997","page","type-page","status-publish","hentry"],"_links":{"self":[{"href":"https:\/\/banques-ecoles.fr\/cms\/wp-json\/wp\/v2\/pages\/2997","targetHints":{"allow":["GET"]}}],"collection":[{"href":"https:\/\/banques-ecoles.fr\/cms\/wp-json\/wp\/v2\/pages"}],"about":[{"href":"https:\/\/banques-ecoles.fr\/cms\/wp-json\/wp\/v2\/types\/page"}],"author":[{"embeddable":true,"href":"https:\/\/banques-ecoles.fr\/cms\/wp-json\/wp\/v2\/users\/5"}],"replies":[{"embeddable":true,"href":"https:\/\/banques-ecoles.fr\/cms\/wp-json\/wp\/v2\/comments?post=2997"}],"version-history":[{"count":48,"href":"https:\/\/banques-ecoles.fr\/cms\/wp-json\/wp\/v2\/pages\/2997\/revisions"}],"predecessor-version":[{"id":13047,"href":"https:\/\/banques-ecoles.fr\/cms\/wp-json\/wp\/v2\/pages\/2997\/revisions\/13047"}],"up":[{"embeddable":true,"href":"https:\/\/banques-ecoles.fr\/cms\/wp-json\/wp\/v2\/pages\/74"}],"wp:attachment":[{"href":"https:\/\/banques-ecoles.fr\/cms\/wp-json\/wp\/v2\/media?parent=2997"}],"curies":[{"name":"wp","href":"https:\/\/api.w.org\/{rel}","templated":true}]}}