{"id":3051,"date":"2014-04-20T10:50:46","date_gmt":"2014-04-20T09:50:46","guid":{"rendered":"https:\/\/banques-ecoles.fr\/cms\/?page_id=3051"},"modified":"2014-11-03T11:23:44","modified_gmt":"2014-11-03T09:23:44","slug":"session-2014","status":"publish","type":"page","link":"https:\/\/banques-ecoles.fr\/cms\/filiere-bcpst\/annales-de-la-banque-bcpst\/session-2014\/","title":{"rendered":"Session 2014"},"content":{"rendered":"<p>Sujets des \u00e9preuves \u00e9crites de la banque BCPST 2014.<\/p>\n<p>&nbsp;<\/p>\n<p><a href=\"https:\/\/banques-ecoles.fr\/cms\/wp-content\/uploads\/2014\/10\/14_bcpst_suj_bio.pdf\">\u00c9preuve \u00e9crite de biologie<\/a><\/p>\n<p><a href=\"https:\/\/banques-ecoles.fr\/cms\/wp-content\/uploads\/2014\/10\/14_bcpst_suj_geol.pdf\">\u00c9preuve \u00e9crite de sciences de la terre<\/a><\/p>\n<p><a href=\"https:\/\/banques-ecoles.fr\/cms\/wp-content\/uploads\/2014\/10\/14_bcpst_suj_phy.pdf\">\u00c9preuve \u00e9crite de physique<\/a><\/p>\n<p><a href=\"https:\/\/banques-ecoles.fr\/cms\/wp-content\/uploads\/2014\/10\/14_bcpst_suj_chi_avec_correctif.pdf\">\u00c9preuve \u00e9crite de chimie<\/a><\/p>\n<p><a href=\"https:\/\/banques-ecoles.fr\/cms\/wp-content\/uploads\/2014\/10\/14_bcpst_suj_math.pdf\">\u00c9preuve \u00e9crite de math\u00e9matiques<\/a><\/p>\n<p><a href=\"https:\/\/banques-ecoles.fr\/cms\/wp-content\/uploads\/2014\/10\/14_bcpst_suj_fr.pdf\">\u00c9preuve \u00e9crite de fran\u00e7ais<\/a><\/p>\n<p><a href=\"https:\/\/banques-ecoles.fr\/cms\/wp-content\/uploads\/2014\/10\/14_bcpst_suj_lv.pdf\">\u00c9preuve \u00e9crite de langue vivante<\/a><\/p>\n","protected":false},"excerpt":{"rendered":"<p>Sujets des \u00e9preuves \u00e9crites de la banque BCPST 2014. &nbsp; \u00c9preuve \u00e9crite de biologie \u00c9preuve \u00e9crite de sciences de la terre \u00c9preuve \u00e9crite de physique \u00c9preuve \u00e9crite de chimie \u00c9preuve \u00e9crite de math\u00e9matiques \u00c9preuve \u00e9crite de fran\u00e7ais \u00c9preuve \u00e9crite de <a href=\"https:\/\/banques-ecoles.fr\/cms\/filiere-bcpst\/annales-de-la-banque-bcpst\/session-2014\/\">[Lire la suite]<\/a><\/p>\n","protected":false},"author":5,"featured_media":0,"parent":29,"menu_order":0,"comment_status":"closed","ping_status":"open","template":"","meta":{"footnotes":""},"class_list":["post-3051","page","type-page","status-publish","hentry"],"_links":{"self":[{"href":"https:\/\/banques-ecoles.fr\/cms\/wp-json\/wp\/v2\/pages\/3051","targetHints":{"allow":["GET"]}}],"collection":[{"href":"https:\/\/banques-ecoles.fr\/cms\/wp-json\/wp\/v2\/pages"}],"about":[{"href":"https:\/\/banques-ecoles.fr\/cms\/wp-json\/wp\/v2\/types\/page"}],"author":[{"embeddable":true,"href":"https:\/\/banques-ecoles.fr\/cms\/wp-json\/wp\/v2\/users\/5"}],"replies":[{"embeddable":true,"href":"https:\/\/banques-ecoles.fr\/cms\/wp-json\/wp\/v2\/comments?post=3051"}],"version-history":[{"count":5,"href":"https:\/\/banques-ecoles.fr\/cms\/wp-json\/wp\/v2\/pages\/3051\/revisions"}],"predecessor-version":[{"id":3645,"href":"https:\/\/banques-ecoles.fr\/cms\/wp-json\/wp\/v2\/pages\/3051\/revisions\/3645"}],"up":[{"embeddable":true,"href":"https:\/\/banques-ecoles.fr\/cms\/wp-json\/wp\/v2\/pages\/29"}],"wp:attachment":[{"href":"https:\/\/banques-ecoles.fr\/cms\/wp-json\/wp\/v2\/media?parent=3051"}],"curies":[{"name":"wp","href":"https:\/\/api.w.org\/{rel}","templated":true}]}}