{"id":3055,"date":"2014-04-20T11:13:19","date_gmt":"2014-04-20T10:13:19","guid":{"rendered":"https:\/\/banques-ecoles.fr\/cms\/?page_id=3055"},"modified":"2014-11-03T11:26:14","modified_gmt":"2014-11-03T09:26:14","slug":"session-2014","status":"publish","type":"page","link":"https:\/\/banques-ecoles.fr\/cms\/filiere-mp\/annales-de-la-banque-i\/session-2014\/","title":{"rendered":"Session 2014"},"content":{"rendered":"<p>Sujets des \u00e9preuves \u00e9crites de la banque M\/Info 2014.<\/p>\n<p>&nbsp;<\/p>\n<p>(\u00c9preuve \u00e9crite de Math A &#8211; 4h &#8211; MP XLCR)<\/p>\n<p>(\u00c9preuve \u00e9crite de Math B &#8211; 4h &#8211; MP X)<\/p>\n<p><a href=\"https:\/\/banques-ecoles.fr\/cms\/wp-content\/uploads\/2014\/10\/14_mp_suj_math_c.pdf\">\u00c9preuve \u00e9crite de Math C &#8211; 4h &#8211; MP ULCR<\/a><\/p>\n<p>(\u00c9preuve \u00e9crite de Math D &#8211; 6h &#8211; MP U)<\/p>\n<p><a href=\"https:\/\/banques-ecoles.fr\/cms\/wp-content\/uploads\/2014\/10\/14_mp_suj_info_a.pdf\">\u00c9preuve \u00e9crite de Info A &#8211; 4h &#8211; MP XULCR<\/a><\/p>\n<p>(\u00c9preuve \u00e9crite de Info B &#8211; 2h &#8211; MP-PC XECR)<\/p>\n<p><a href=\"https:\/\/banques-ecoles.fr\/cms\/wp-content\/uploads\/2014\/10\/14_mp_suj_phy.pdf\">\u00c9preuve \u00e9crite de Physique &#8211; 4h &#8211; MP XULCR<\/a><\/p>\n<p><a href=\"https:\/\/banques-ecoles.fr\/cms\/wp-content\/uploads\/2014\/10\/14_mp_suj_infomath.pdf\">\u00c9preuve \u00e9crite de Info-Math &#8211; 4h &#8211; MP ULCR<\/a><\/p>\n<p>(\u00c9preuve \u00e9crite de P&amp;SI &#8211; 4h &#8211; MP X)<\/p>\n<p><a href=\"https:\/\/banques-ecoles.fr\/cms\/wp-content\/uploads\/2014\/10\/14_mppc_suj_francais.pdf\">\u00c9preuve \u00e9crite de fran\u00e7ais &#8211; 4h &#8211; MP-PC XEULCR<\/a><\/p>\n<p>\u00c9preuve \u00e9crite\u00a0de LV &#8211; 4h &#8211; MP-PC XEULCR<\/p>\n<ul>\n<li><a href=\"https:\/\/banques-ecoles.fr\/cms\/wp-content\/uploads\/2014\/10\/14_mppc_suj_lv_all.pdf\">allemand<\/a><\/li>\n<li><a href=\"https:\/\/banques-ecoles.fr\/cms\/wp-content\/uploads\/2014\/10\/14_mppc_suj_lv_ang.pdf\">anglais<\/a><\/li>\n<li><a href=\"https:\/\/banques-ecoles.fr\/cms\/wp-content\/uploads\/2014\/10\/14_mppc_suj_lv_ara.pdf\">arabe<\/a><\/li>\n<li><a href=\"https:\/\/banques-ecoles.fr\/cms\/wp-content\/uploads\/2014\/10\/14_mppc_suj_lv_chi.pdf\">chinois<\/a><\/li>\n<li><a href=\"https:\/\/banques-ecoles.fr\/cms\/wp-content\/uploads\/2014\/10\/14_mppc_suj_lv_esp.pdf\">espagnol<\/a><\/li>\n<\/ul>\n<p>&nbsp;<\/p>\n","protected":false},"excerpt":{"rendered":"<p>Sujets des \u00e9preuves \u00e9crites de la banque M\/Info 2014. &nbsp; (\u00c9preuve \u00e9crite de Math A &#8211; 4h &#8211; MP XLCR) (\u00c9preuve \u00e9crite de Math B &#8211; 4h &#8211; MP X) \u00c9preuve \u00e9crite de Math C &#8211; 4h &#8211; MP ULCR <a href=\"https:\/\/banques-ecoles.fr\/cms\/filiere-mp\/annales-de-la-banque-i\/session-2014\/\">[Lire la suite]<\/a><\/p>\n","protected":false},"author":5,"featured_media":0,"parent":727,"menu_order":0,"comment_status":"closed","ping_status":"open","template":"","meta":{"footnotes":""},"class_list":["post-3055","page","type-page","status-publish","hentry"],"_links":{"self":[{"href":"https:\/\/banques-ecoles.fr\/cms\/wp-json\/wp\/v2\/pages\/3055","targetHints":{"allow":["GET"]}}],"collection":[{"href":"https:\/\/banques-ecoles.fr\/cms\/wp-json\/wp\/v2\/pages"}],"about":[{"href":"https:\/\/banques-ecoles.fr\/cms\/wp-json\/wp\/v2\/types\/page"}],"author":[{"embeddable":true,"href":"https:\/\/banques-ecoles.fr\/cms\/wp-json\/wp\/v2\/users\/5"}],"replies":[{"embeddable":true,"href":"https:\/\/banques-ecoles.fr\/cms\/wp-json\/wp\/v2\/comments?post=3055"}],"version-history":[{"count":17,"href":"https:\/\/banques-ecoles.fr\/cms\/wp-json\/wp\/v2\/pages\/3055\/revisions"}],"predecessor-version":[{"id":3648,"href":"https:\/\/banques-ecoles.fr\/cms\/wp-json\/wp\/v2\/pages\/3055\/revisions\/3648"}],"up":[{"embeddable":true,"href":"https:\/\/banques-ecoles.fr\/cms\/wp-json\/wp\/v2\/pages\/727"}],"wp:attachment":[{"href":"https:\/\/banques-ecoles.fr\/cms\/wp-json\/wp\/v2\/media?parent=3055"}],"curies":[{"name":"wp","href":"https:\/\/api.w.org\/{rel}","templated":true}]}}