{"id":3142,"date":"2014-05-16T14:39:52","date_gmt":"2014-05-16T12:39:52","guid":{"rendered":"https:\/\/banques-ecoles.fr\/cms\/?page_id=3142"},"modified":"2023-08-31T10:22:28","modified_gmt":"2023-08-31T08:22:28","slug":"nouvelle-epreuve-de-langues","status":"publish","type":"page","link":"https:\/\/banques-ecoles.fr\/cms\/filiere-mp\/oraux-mp-2019\/nouvelle-epreuve-de-langues\/","title":{"rendered":"\u00c9preuve de langues"},"content":{"rendered":"<p>L&rsquo;\u00e9preuve orale de langues (anglais, allemand, arabe et espagnol) des concours MP, Info et PC est organis\u00e9e dans le cadre de la banque d&rsquo;\u00e9preuves communes X &#8211; ENS &#8211; ESPCI, selon les modalit\u00e9s suivantes :<\/p>\n<p>A) Un extrait vid\u00e9o de 5 minutes environ dans la langue choisie, portant sur l&rsquo;actualit\u00e9, sera propos\u00e9 au candidat qui en pr\u00e9parera un court r\u00e9sum\u00e9 et un commentaire personnel. Pour ce faire, le candidat b\u00e9n\u00e9ficiera de 30 minutes de pr\u00e9paration.<\/p>\n<p>B) L&rsquo;entretien durera 20 minutes et permettra d&rsquo;appr\u00e9cier la bonne compr\u00e9hension du document propos\u00e9, ainsi que la pr\u00e9cision de la langue, l&rsquo;autonomie langagi\u00e8re et la qualit\u00e9 de la r\u00e9flexion du candidat.<\/p>\n<p>Les extraits vid\u00e9o propos\u00e9s seront des documents journalistiques (extraits d&rsquo;\u00e9missions t\u00e9l\u00e9vis\u00e9es, de d\u00e9bats, de bulletins d&rsquo;informations, et de documentaires). La dur\u00e9e totale de l&rsquo;\u00e9preuve orale est de 50 minutes ; 30 minutes de pr\u00e9paration et 20 minutes d&rsquo;entretien avec un jury compos\u00e9 de deux examinateurs.<\/p>\n","protected":false},"excerpt":{"rendered":"<p>L&rsquo;\u00e9preuve orale de langues (anglais, allemand, arabe et espagnol) des concours MP, Info et PC est organis\u00e9e dans le cadre de la banque d&rsquo;\u00e9preuves communes X &#8211; ENS &#8211; ESPCI, selon les modalit\u00e9s suivantes : A) Un extrait vid\u00e9o de <a href=\"https:\/\/banques-ecoles.fr\/cms\/filiere-mp\/oraux-mp-2019\/nouvelle-epreuve-de-langues\/\">[Lire la suite]<\/a><\/p>\n","protected":false},"author":1,"featured_media":0,"parent":2989,"menu_order":0,"comment_status":"closed","ping_status":"open","template":"","meta":{"footnotes":""},"class_list":["post-3142","page","type-page","status-publish","hentry"],"_links":{"self":[{"href":"https:\/\/banques-ecoles.fr\/cms\/wp-json\/wp\/v2\/pages\/3142","targetHints":{"allow":["GET"]}}],"collection":[{"href":"https:\/\/banques-ecoles.fr\/cms\/wp-json\/wp\/v2\/pages"}],"about":[{"href":"https:\/\/banques-ecoles.fr\/cms\/wp-json\/wp\/v2\/types\/page"}],"author":[{"embeddable":true,"href":"https:\/\/banques-ecoles.fr\/cms\/wp-json\/wp\/v2\/users\/1"}],"replies":[{"embeddable":true,"href":"https:\/\/banques-ecoles.fr\/cms\/wp-json\/wp\/v2\/comments?post=3142"}],"version-history":[{"count":9,"href":"https:\/\/banques-ecoles.fr\/cms\/wp-json\/wp\/v2\/pages\/3142\/revisions"}],"predecessor-version":[{"id":9156,"href":"https:\/\/banques-ecoles.fr\/cms\/wp-json\/wp\/v2\/pages\/3142\/revisions\/9156"}],"up":[{"embeddable":true,"href":"https:\/\/banques-ecoles.fr\/cms\/wp-json\/wp\/v2\/pages\/2989"}],"wp:attachment":[{"href":"https:\/\/banques-ecoles.fr\/cms\/wp-json\/wp\/v2\/media?parent=3142"}],"curies":[{"name":"wp","href":"https:\/\/api.w.org\/{rel}","templated":true}]}}