{"id":3253,"date":"2014-06-16T16:11:06","date_gmt":"2014-06-16T14:11:06","guid":{"rendered":"https:\/\/banques-ecoles.fr\/cms\/?page_id=3253"},"modified":"2014-10-13T22:51:59","modified_gmt":"2014-10-13T20:51:59","slug":"session-2014","status":"publish","type":"page","link":"https:\/\/banques-ecoles.fr\/cms\/filieres-universitaires-second-concours-scientifique\/annales-du-second-concours-de-lens-de-lyon\/session-2014\/","title":{"rendered":"Session 2014"},"content":{"rendered":"<p>Sujets des \u00e9preuves \u00e9crites du concours des fili\u00e8res universitaires. ENS de Lyon, session 2014.<\/p>\n<p>&nbsp;<\/p>\n<p><a href=\"https:\/\/banques-ecoles.fr\/cms\/wp-content\/uploads\/2014\/10\/14_2clyon_suj_bio.pdf\">Sujet de l&rsquo;\u00e9crit de Biologie-Biochimie<\/a><\/p>\n<p><a href=\"https:\/\/banques-ecoles.fr\/cms\/wp-content\/uploads\/2014\/10\/14_2clyon_suj_chi.pdf\">Sujet de l&rsquo;\u00e9crit de Chimie<\/a><\/p>\n<p><a href=\"https:\/\/banques-ecoles.fr\/cms\/wp-content\/uploads\/2014\/10\/14_2clyon_suj_st.pdf\">Sujet de l&rsquo;\u00e9crit des G\u00e9osciences<\/a><\/p>\n<p><a href=\"https:\/\/banques-ecoles.fr\/cms\/wp-content\/uploads\/2014\/10\/14_2clyon_suj_phy.pdf\">Sujet de l&rsquo;\u00e9crit de la Physique<\/a><\/p>\n<p><a href=\"https:\/\/banques-ecoles.fr\/cms\/wp-content\/uploads\/2014\/10\/14_2clyon_suj_math.pdf\">Sujet de l&rsquo;\u00e9crit des Math\u00e9matiques<\/a><\/p>\n<p><a href=\"https:\/\/banques-ecoles.fr\/cms\/wp-content\/uploads\/2014\/10\/14_2clyon_suj_info.pdf\">Sujet de l&rsquo;\u00e9crit de l&rsquo;Informatique<\/a><\/p>\n","protected":false},"excerpt":{"rendered":"<p>Sujets des \u00e9preuves \u00e9crites du concours des fili\u00e8res universitaires. ENS de Lyon, session 2014. &nbsp; Sujet de l&rsquo;\u00e9crit de Biologie-Biochimie Sujet de l&rsquo;\u00e9crit de Chimie Sujet de l&rsquo;\u00e9crit des G\u00e9osciences Sujet de l&rsquo;\u00e9crit de la Physique Sujet de l&rsquo;\u00e9crit des <a href=\"https:\/\/banques-ecoles.fr\/cms\/filieres-universitaires-second-concours-scientifique\/annales-du-second-concours-de-lens-de-lyon\/session-2014\/\">[Lire la suite]<\/a><\/p>\n","protected":false},"author":5,"featured_media":0,"parent":1184,"menu_order":0,"comment_status":"closed","ping_status":"open","template":"","meta":{"footnotes":""},"class_list":["post-3253","page","type-page","status-publish","hentry"],"_links":{"self":[{"href":"https:\/\/banques-ecoles.fr\/cms\/wp-json\/wp\/v2\/pages\/3253","targetHints":{"allow":["GET"]}}],"collection":[{"href":"https:\/\/banques-ecoles.fr\/cms\/wp-json\/wp\/v2\/pages"}],"about":[{"href":"https:\/\/banques-ecoles.fr\/cms\/wp-json\/wp\/v2\/types\/page"}],"author":[{"embeddable":true,"href":"https:\/\/banques-ecoles.fr\/cms\/wp-json\/wp\/v2\/users\/5"}],"replies":[{"embeddable":true,"href":"https:\/\/banques-ecoles.fr\/cms\/wp-json\/wp\/v2\/comments?post=3253"}],"version-history":[{"count":8,"href":"https:\/\/banques-ecoles.fr\/cms\/wp-json\/wp\/v2\/pages\/3253\/revisions"}],"predecessor-version":[{"id":3452,"href":"https:\/\/banques-ecoles.fr\/cms\/wp-json\/wp\/v2\/pages\/3253\/revisions\/3452"}],"up":[{"embeddable":true,"href":"https:\/\/banques-ecoles.fr\/cms\/wp-json\/wp\/v2\/pages\/1184"}],"wp:attachment":[{"href":"https:\/\/banques-ecoles.fr\/cms\/wp-json\/wp\/v2\/media?parent=3253"}],"curies":[{"name":"wp","href":"https:\/\/api.w.org\/{rel}","templated":true}]}}