{"id":3318,"date":"2014-08-11T21:12:07","date_gmt":"2014-08-11T19:12:07","guid":{"rendered":"https:\/\/banques-ecoles.fr\/cms\/?page_id=3318"},"modified":"2015-04-12T19:30:33","modified_gmt":"2015-04-12T17:30:33","slug":"session-2014-2","status":"publish","type":"page","link":"https:\/\/banques-ecoles.fr\/cms\/filieres-universitaires-second-concours-scientifique\/rapports-des-jurys-du-second-concours-de-lens-de-lyon\/session-2014-2\/","title":{"rendered":"Session 2014"},"content":{"rendered":"<p>Rapports sur les \u00e9preuves du concours ouvert aux fili\u00e8res universitaires de l&rsquo;ENS de Lyon &#8211; Session 2014.<\/p>\n<p>&nbsp;<\/p>\n<p><a href=\"https:\/\/banques-ecoles.fr\/cms\/wp-content\/uploads\/2014\/10\/14_2c_rap_ebiochi.pdf\">\u00c9preuve \u00e9crite de biologie-biochimie<\/a><\/p>\n<p><a href=\"https:\/\/banques-ecoles.fr\/cms\/wp-content\/uploads\/2015\/04\/14_2clyon_rap_est.pdf\">\u00c9preuve \u00e9crite de g\u00e9osciences<\/a><\/p>\n<p><a href=\"https:\/\/banques-ecoles.fr\/cms\/wp-content\/uploads\/2014\/11\/14_2clyon_rap_echi.pdf\">\u00c9preuve \u00e9crite de chimie<\/a><\/p>\n<p><a href=\"https:\/\/banques-ecoles.fr\/cms\/wp-content\/uploads\/2014\/10\/14_2clyon_rap_ephy.pdf\">\u00c9preuve \u00e9crite de physique<\/a><\/p>\n<p><a href=\"https:\/\/banques-ecoles.fr\/cms\/wp-content\/uploads\/2014\/10\/14_2clyon_rap_emath.pdf\">\u00c9preuve \u00e9crite de math\u00e9matiques<\/a><\/p>\n<p><a href=\"https:\/\/banques-ecoles.fr\/cms\/wp-content\/uploads\/2014\/10\/14_2clyon_rap_einfo.pdf\">\u00c9preuve \u00e9crite d\u2019informatique<\/a><\/p>\n<p>&nbsp;<\/p>\n<p><a href=\"https:\/\/banques-ecoles.fr\/cms\/wp-content\/uploads\/2014\/10\/14_2clyon_rap_obio.pdf\">\u00c9preuve orale de biologie-biochimie<\/a><\/p>\n<p><a href=\"https:\/\/banques-ecoles.fr\/cms\/wp-content\/uploads\/2015\/04\/14_2clyon_rap_ost.pdf\">\u00c9preuve orale de g\u00e9osciences<\/a><\/p>\n<p><a href=\"https:\/\/banques-ecoles.fr\/cms\/wp-content\/uploads\/2014\/11\/14_2clyon_rap_ochi.pdf\">\u00c9preuve orale de chimie<\/a><\/p>\n<p><a href=\"https:\/\/banques-ecoles.fr\/cms\/wp-content\/uploads\/2014\/10\/14_2clyon_rap_ophy.pdf\">\u00c9preuve orale de physique<\/a><\/p>\n<p><a href=\"https:\/\/banques-ecoles.fr\/cms\/wp-content\/uploads\/2014\/10\/14_2clyon_rap_omath.pdf\">\u00c9preuve orale de math\u00e9matiques<\/a><\/p>\n<p><a href=\"https:\/\/banques-ecoles.fr\/cms\/wp-content\/uploads\/2015\/03\/14_rap_oinfo_2clyon.pdf\">\u00c9preuve orale\u00a0d\u2019informatique<\/a><\/p>\n<p>&nbsp;<\/p>\n<p><a href=\"https:\/\/banques-ecoles.fr\/cms\/wp-content\/uploads\/2014\/08\/14_2c_rap_olv.pdf\">\u00c9preuve orale de langue vivante<\/a><\/p>\n<p><a href=\"https:\/\/banques-ecoles.fr\/cms\/wp-content\/uploads\/2014\/10\/14_2c_rap_projet.pdf\">\u00c9preuve (orale) de projet personnel<\/a><\/p>\n","protected":false},"excerpt":{"rendered":"<p>Rapports sur les \u00e9preuves du concours ouvert aux fili\u00e8res universitaires de l&rsquo;ENS de Lyon &#8211; Session 2014. &nbsp; \u00c9preuve \u00e9crite de biologie-biochimie \u00c9preuve \u00e9crite de g\u00e9osciences \u00c9preuve \u00e9crite de chimie \u00c9preuve \u00e9crite de physique \u00c9preuve \u00e9crite de math\u00e9matiques \u00c9preuve \u00e9crite <a href=\"https:\/\/banques-ecoles.fr\/cms\/filieres-universitaires-second-concours-scientifique\/rapports-des-jurys-du-second-concours-de-lens-de-lyon\/session-2014-2\/\">[Lire la suite]<\/a><\/p>\n","protected":false},"author":5,"featured_media":0,"parent":1187,"menu_order":0,"comment_status":"closed","ping_status":"open","template":"","meta":{"footnotes":""},"class_list":["post-3318","page","type-page","status-publish","hentry"],"_links":{"self":[{"href":"https:\/\/banques-ecoles.fr\/cms\/wp-json\/wp\/v2\/pages\/3318","targetHints":{"allow":["GET"]}}],"collection":[{"href":"https:\/\/banques-ecoles.fr\/cms\/wp-json\/wp\/v2\/pages"}],"about":[{"href":"https:\/\/banques-ecoles.fr\/cms\/wp-json\/wp\/v2\/types\/page"}],"author":[{"embeddable":true,"href":"https:\/\/banques-ecoles.fr\/cms\/wp-json\/wp\/v2\/users\/5"}],"replies":[{"embeddable":true,"href":"https:\/\/banques-ecoles.fr\/cms\/wp-json\/wp\/v2\/comments?post=3318"}],"version-history":[{"count":22,"href":"https:\/\/banques-ecoles.fr\/cms\/wp-json\/wp\/v2\/pages\/3318\/revisions"}],"predecessor-version":[{"id":4056,"href":"https:\/\/banques-ecoles.fr\/cms\/wp-json\/wp\/v2\/pages\/3318\/revisions\/4056"}],"up":[{"embeddable":true,"href":"https:\/\/banques-ecoles.fr\/cms\/wp-json\/wp\/v2\/pages\/1187"}],"wp:attachment":[{"href":"https:\/\/banques-ecoles.fr\/cms\/wp-json\/wp\/v2\/media?parent=3318"}],"curies":[{"name":"wp","href":"https:\/\/api.w.org\/{rel}","templated":true}]}}