{"id":3419,"date":"2014-10-13T17:46:09","date_gmt":"2014-10-13T15:46:09","guid":{"rendered":"https:\/\/banques-ecoles.fr\/cms\/?page_id=3419"},"modified":"2015-04-12T16:35:59","modified_gmt":"2015-04-12T14:35:59","slug":"session-2014","status":"publish","type":"page","link":"https:\/\/banques-ecoles.fr\/cms\/filiere-pc\/rapports-des-jurys-de-la-banque-pc\/session-2014\/","title":{"rendered":"Session 2014"},"content":{"rendered":"<p>Rapports sur les \u00e9preuves de la banque PC2014.<\/p>\n<p>&nbsp;<\/p>\n<p><a href=\"https:\/\/banques-ecoles.fr\/cms\/wp-content\/uploads\/2015\/01\/14_pc_rap_ecrit_physique_a.pdf\" target=\"_blank\">\u00c9preuve \u00e9crite de physique A \u2013 XE<\/a><\/p>\n<p><a href=\"https:\/\/banques-ecoles.fr\/cms\/wp-content\/uploads\/2015\/01\/14_pc_rap_ecrit_physique_b.pdf\" target=\"_blank\">\u00c9preuve\u00a0\u00e9crite de physique B \u2013 XEULC<\/a><\/p>\n<p><a href=\"https:\/\/banques-ecoles.fr\/cms\/wp-content\/uploads\/2014\/10\/14_pc_rap_ecrit_phy_C_u.pdf\">\u00c9preuve \u00e9crite de physique C \u2013 U\/P<\/a><\/p>\n<p><a href=\"https:\/\/banques-ecoles.fr\/cms\/wp-content\/uploads\/2014\/11\/14_pc_rap_phychi_lyon.pdf\">\u00c9preuve\u00a0\u00e9crite de physique-chimie \u2013 L<\/a><\/p>\n<p><a href=\"https:\/\/banques-ecoles.fr\/cms\/wp-content\/uploads\/2015\/01\/14_pc_rap_ecrit_chimie_a.pdf\" target=\"_blank\">\u00c9preuve\u00a0\u00e9crite de chimie A &#8211; XEULC<\/a><\/p>\n<p><a href=\"https:\/\/banques-ecoles.fr\/cms\/wp-content\/uploads\/2014\/10\/14_pc_rap_echi_b_u.pdf\">\u00c9preuve\u00a0\u00e9crite de chimie B \u2013 U\/C<\/a><\/p>\n<p><a href=\"https:\/\/banques-ecoles.fr\/cms\/wp-content\/uploads\/2015\/01\/14_pc_rap_ecrit_maths.pdf\" target=\"_blank\">\u00c9preuve\u00a0\u00e9crite de math\u00e9matiques \u2013 XEULC<\/a><\/p>\n<p><a href=\"https:\/\/banques-ecoles.fr\/cms\/wp-content\/uploads\/2015\/01\/14_pc_rap_ecrit_info_b.pdf\" target=\"_blank\">\u00c9preuve\u00a0\u00e9crite de d\u2019informatique 2h \u2013 XEC<\/a><\/p>\n<p><a href=\"https:\/\/banques-ecoles.fr\/cms\/wp-content\/uploads\/2015\/01\/14_mp_pc_rap_ecrit_francais.pdf\" target=\"_blank\">\u00c9preuve\u00a0\u00e9crite de fran\u00e7ais &#8211; 4h &#8211; XEULC<\/a><\/p>\n<p>\u00c9preuve \u00e9crite\u00a0\u00e9crite de LV &#8211; 4h &#8211; XEULC<\/p>\n<ul>\n<li><a href=\"https:\/\/banques-ecoles.fr\/cms\/wp-content\/uploads\/2015\/01\/14_mp_pc_rap_ecrit_lv_anglais.pdf\" target=\"_blank\">anglais<\/a><\/li>\n<li><a href=\"https:\/\/banques-ecoles.fr\/cms\/wp-content\/uploads\/2015\/01\/14_mp_pc_rap_ecrit_lv_allemand.pdf\" target=\"_blank\">allemand<\/a><\/li>\n<li>arabe<\/li>\n<li><a href=\"https:\/\/banques-ecoles.fr\/cms\/wp-content\/uploads\/2015\/01\/14_mp_pc_rap_ecrit_lv_chinois.pdf\" target=\"_blank\">chinois<\/a><\/li>\n<li><a href=\"https:\/\/banques-ecoles.fr\/cms\/wp-content\/uploads\/2015\/01\/14_mp_pc_rap_ecrit_lv_espagnol.pdf\" target=\"_blank\">espagnol<\/a><\/li>\n<\/ul>\n<p><a href=\"https:\/\/banques-ecoles.fr\/cms\/wp-content\/uploads\/2015\/04\/14_pc_rap_oral_phy_lc.pdf\">\u00c9preuve orale de physique \u2013 LC<\/a><\/p>\n<p><a href=\"https:\/\/banques-ecoles.fr\/cms\/wp-content\/uploads\/2014\/10\/14_pc_rap_oral_phy_u.pdf\">\u00c9preuve orale de physique \u2013 U<\/a><\/p>\n<p><a href=\"https:\/\/banques-ecoles.fr\/cms\/wp-content\/uploads\/2015\/04\/14_pc_rap_ochi_lc.pdf\">\u00c9preuve orale de chimie \u2013 LC<\/a><\/p>\n<p><a href=\"https:\/\/banques-ecoles.fr\/cms\/wp-content\/uploads\/2014\/10\/14_pc_rap_ochi_u.pdf\">\u00c9preuve orale de chimie \u2013 U<\/a><\/p>\n<p><a href=\"https:\/\/banques-ecoles.fr\/cms\/wp-content\/uploads\/2014\/10\/14_pc_rap_omath_ul.pdf\">\u00c9preuve orale de math\u00e9matiques \u2013 UL<\/a><\/p>\n<p><a href=\"https:\/\/banques-ecoles.fr\/cms\/wp-content\/uploads\/2014\/10\/14_pc_rap_tpchi1.pdf\">\u00c9preuve de TP de chimie &#8211; ULC<\/a><\/p>\n<p><a href=\"https:\/\/banques-ecoles.fr\/cms\/wp-content\/uploads\/2015\/01\/14_pc_rap_tp_phy.pdf\">\u00c9preuve de TP de physique &#8211; ULC<\/a><\/p>\n<p><a href=\"https:\/\/banques-ecoles.fr\/cms\/wp-content\/uploads\/2014\/10\/14_pc_rap_tipe.pdf\">\u00c9preuve de TIPE physique-chimie &#8211; ULC<\/a><\/p>\n<p>\u00c9preuve orale de LV &#8211;\u00a0XEULC<\/p>\n<ul>\n<li><a href=\"https:\/\/banques-ecoles.fr\/cms\/wp-content\/uploads\/2015\/01\/14_mp_pc_rap_oral_video_lv_allemand_x.pdf\" target=\"_blank\">allemand<\/a><\/li>\n<li><a href=\"https:\/\/banques-ecoles.fr\/cms\/wp-content\/uploads\/2015\/01\/14_mp_pc_rap_oral_video_lv_anglais_x.pdf\" target=\"_blank\">anglais<\/a><\/li>\n<li>arabe<\/li>\n<li>chinois<\/li>\n<li>espagnol<\/li>\n<\/ul>\n","protected":false},"excerpt":{"rendered":"<p>Rapports sur les \u00e9preuves de la banque PC2014. &nbsp; \u00c9preuve \u00e9crite de physique A \u2013 XE \u00c9preuve\u00a0\u00e9crite de physique B \u2013 XEULC \u00c9preuve \u00e9crite de physique C \u2013 U\/P \u00c9preuve\u00a0\u00e9crite de physique-chimie \u2013 L \u00c9preuve\u00a0\u00e9crite de chimie A &#8211; XEULC <a href=\"https:\/\/banques-ecoles.fr\/cms\/filiere-pc\/rapports-des-jurys-de-la-banque-pc\/session-2014\/\">[Lire la suite]<\/a><\/p>\n","protected":false},"author":5,"featured_media":0,"parent":969,"menu_order":0,"comment_status":"closed","ping_status":"open","template":"","meta":{"footnotes":""},"class_list":["post-3419","page","type-page","status-publish","hentry"],"_links":{"self":[{"href":"https:\/\/banques-ecoles.fr\/cms\/wp-json\/wp\/v2\/pages\/3419","targetHints":{"allow":["GET"]}}],"collection":[{"href":"https:\/\/banques-ecoles.fr\/cms\/wp-json\/wp\/v2\/pages"}],"about":[{"href":"https:\/\/banques-ecoles.fr\/cms\/wp-json\/wp\/v2\/types\/page"}],"author":[{"embeddable":true,"href":"https:\/\/banques-ecoles.fr\/cms\/wp-json\/wp\/v2\/users\/5"}],"replies":[{"embeddable":true,"href":"https:\/\/banques-ecoles.fr\/cms\/wp-json\/wp\/v2\/comments?post=3419"}],"version-history":[{"count":27,"href":"https:\/\/banques-ecoles.fr\/cms\/wp-json\/wp\/v2\/pages\/3419\/revisions"}],"predecessor-version":[{"id":4013,"href":"https:\/\/banques-ecoles.fr\/cms\/wp-json\/wp\/v2\/pages\/3419\/revisions\/4013"}],"up":[{"embeddable":true,"href":"https:\/\/banques-ecoles.fr\/cms\/wp-json\/wp\/v2\/pages\/969"}],"wp:attachment":[{"href":"https:\/\/banques-ecoles.fr\/cms\/wp-json\/wp\/v2\/media?parent=3419"}],"curies":[{"name":"wp","href":"https:\/\/api.w.org\/{rel}","templated":true}]}}