{"id":35,"date":"2012-11-29T11:09:48","date_gmt":"2012-11-29T10:09:48","guid":{"rendered":"http:\/\/127.0.0.1\/wordpress342\/?page_id=35"},"modified":"2015-12-23T13:48:45","modified_gmt":"2015-12-23T11:48:45","slug":"rapports-des-presidents-et-vice-presidents","status":"publish","type":"page","link":"https:\/\/banques-ecoles.fr\/cms\/filiere-bcpst\/rapports-des-presidents-et-vice-presidents\/","title":{"rendered":"Rapports des pr\u00e9sidents et vice-pr\u00e9sidents"},"content":{"rendered":"<p>Rapports des pr\u00e9sidents et vice-pr\u00e9sidents des concours d&rsquo;admission des ENS pour la fili\u00e8re BCPST.<\/p>\n<p>&nbsp;<\/p>\n<table class=\"tab-border\">\n<tbody>\n<tr>\n<td style=\"text-align: center;\"><strong>Ann\u00e9e<\/strong><\/td>\n<td style=\"text-align: center;\"><strong>Mot du directeur<\/strong><\/td>\n<td style=\"text-align: center;\"><strong>Rapport des vice-pr\u00e9sidents<\/strong><\/td>\n<td style=\"text-align: center;\"><strong>\u00c9l\u00e9ments statistiques<\/strong><\/td>\n<\/tr>\n<tr>\n<td style=\"text-align: center;\"><strong>2015<\/strong><\/td>\n<td style=\"text-align: center;\">\n<div>ENS (Paris)<\/div>\n<div>ENS Cachan<\/div>\n<div>ENS Lyon<\/div>\n<\/td>\n<td style=\"text-align: center;\">\n<div>ENS (Paris)<\/div>\n<div>ENS Cachan<\/div>\n<div><a href=\"https:\/\/banques-ecoles.fr\/cms\/wp-content\/uploads\/2015\/12\/15_bcpst_rap_vp_lyon.pdf\">ENS Lyon<\/a><\/div>\n<\/td>\n<td style=\"text-align: center;\">\n<div>ENS (Paris)<\/div>\n<div>ENS Cachan<\/div>\n<div>ENS Lyon<\/div>\n<\/td>\n<\/tr>\n<tr>\n<td style=\"text-align: center;\"><strong>2014<\/strong><\/td>\n<td style=\"text-align: center;\">\n<div>ENS (Paris)<\/div>\n<div>ENS Cachan<\/div>\n<div>ENS Lyon<\/div>\n<\/td>\n<td style=\"text-align: center;\">\n<div>ENS (Paris)<\/div>\n<div>ENS Cachan<\/div>\n<p><a href=\"https:\/\/banques-ecoles.fr\/cms\/wp-content\/uploads\/2014\/10\/14_bcpst_rap_vplyon.pdf\">ENS Lyon<\/a><\/td>\n<td style=\"text-align: center;\">\n<div>ENS (Paris)<\/div>\n<div>ENS Cachan<\/div>\n<div>ENS Lyon<\/div>\n<\/td>\n<\/tr>\n<tr>\n<td style=\"text-align: center;\"><strong>2013<\/strong><\/td>\n<td style=\"text-align: center;\">\n<div>ENS (Paris)<\/div>\n<div>ENS Cachan<\/div>\n<div>ENS Lyon<\/div>\n<\/td>\n<td style=\"text-align: center;\">\n<div>ENS (Paris)<\/div>\n<div>ENS Cachan<\/div>\n<div>ENS Lyon<\/div>\n<\/td>\n<td style=\"text-align: center;\">\n<div>ENS (Paris)<\/div>\n<div>ENS Cachan<\/div>\n<div>ENS Lyon<\/div>\n<\/td>\n<\/tr>\n<tr>\n<td style=\"text-align: center;\"><strong>2012<\/strong><\/td>\n<td style=\"text-align: center;\">\n<div>ENS (Paris)<\/div>\n<div>ENS Cachan<\/div>\n<div>ENS Lyon<\/div>\n<\/td>\n<td style=\"text-align: center;\">\n<div>ENS (Paris)<\/div>\n<div>ENS Cachan<\/div>\n<div><a class=\"internal-link\" href=\"\/cms\/wp-content\/data\/filiere-bcpst\/rapports-des-presidents-et-vice-presidents\/rap_bcpst2012_vicepdt_lyon.pdf\">ENS Lyon<\/a><\/div>\n<\/td>\n<td style=\"text-align: center;\">\n<div>ENS (Paris)<\/div>\n<div>ENS Cachan<\/div>\n<div>ENS Lyon<\/div>\n<\/td>\n<\/tr>\n<tr>\n<td style=\"text-align: center;\"><strong>2011<\/strong><\/td>\n<td style=\"text-align: center;\">\n<div>ENS (Paris)<\/div>\n<div>ENS Cachan<\/div>\n<div>ENS Lyon<\/div>\n<\/td>\n<td style=\"text-align: center;\">\n<div>ENS (Paris)<\/div>\n<div>ENS Cachan<\/div>\n<div><a class=\"internal-link\" href=\"\/cms\/wp-content\/data\/filiere-bcpst\/rapports-des-presidents-et-vice-presidents\/rapport_vplyon_bcpst2011.pdf\"><span class=\"internal-link\">ENS Lyon<\/span><\/a><\/div>\n<\/td>\n<td style=\"text-align: center;\">\n<div>ENS (Paris)<\/div>\n<div>ENS Cachan<\/div>\n<div>ENS Lyon<\/div>\n<\/td>\n<\/tr>\n<tr>\n<td style=\"text-align: center;\"><strong>2010<\/strong><\/td>\n<td style=\"text-align: center;\">\n<div>ENS (Paris)<\/div>\n<div>ENS Cachan<\/div>\n<div>ENS Lyon<\/div>\n<\/td>\n<td style=\"text-align: center;\">\n<div>ENS (Paris)<\/div>\n<div>ENS Cachan<\/div>\n<div>ENS Lyon<\/div>\n<\/td>\n<td style=\"text-align: center;\">\n<div>ENS (Paris)<\/div>\n<div>ENS Cachan<\/div>\n<div>ENS Lyon<\/div>\n<\/td>\n<\/tr>\n<tr>\n<td style=\"text-align: center;\"><strong>2009<\/strong><\/td>\n<td style=\"text-align: center;\">\n<div>ENS (Paris)<\/div>\n<div>ENS Cachan<\/div>\n<div>ENS Lyon<\/div>\n<\/td>\n<td style=\"text-align: center;\">\n<div>ENS (Paris)<\/div>\n<div>ENS Cachan<\/div>\n<div><a href=\"\/cms\/wp-content\/data\/filiere-bcpst\/rapports-des-presidents-et-vice-presidents\/rapport_president_bcpst_lyon_2009.pdf\">ENS Lyon<\/a><\/div>\n<\/td>\n<td style=\"text-align: center;\">\n<div>ENS (Paris)<\/div>\n<div>ENS Cachan<\/div>\n<div>ENS Lyon<\/div>\n<\/td>\n<\/tr>\n<tr>\n<td style=\"text-align: center;\"><strong>2008<\/strong><\/td>\n<td style=\"text-align: center;\">\n<div>ENS (Paris)<\/div>\n<div>ENS Cachan<\/div>\n<div>ENS Lyon<\/div>\n<\/td>\n<td style=\"text-align: center;\">\n<div>ENS (Paris)<\/div>\n<div>ENS Cachan<\/div>\n<div><a href=\"\/cms\/wp-content\/data\/filiere-bcpst\/rapports-des-presidents-et-vice-presidents\/rapport_president_bcpst_lyon_2008.pdf\">ENS Lyon<\/a><\/div>\n<\/td>\n<td style=\"text-align: center;\">\n<div>ENS (Paris)<\/div>\n<div>ENS Cachan<\/div>\n<div>ENS Lyon<\/div>\n<\/td>\n<\/tr>\n<tr>\n<td style=\"text-align: center;\"><strong>2007<\/strong><\/td>\n<td style=\"text-align: center;\">\n<div>ENS (Paris)<\/div>\n<div>ENS Cachan<\/div>\n<div>ENS Lyon<\/div>\n<\/td>\n<td style=\"text-align: center;\">\n<div>ENS (Paris)<\/div>\n<div>ENS Cachan<\/div>\n<div><a href=\"\/cms\/wp-content\/data\/filiere-bcpst\/rapports-des-presidents-et-vice-presidents\/rapport_president_bcpst_lyon_2007.pdf\">ENS Lyon<\/a><\/div>\n<\/td>\n<td style=\"text-align: center;\">\n<div>ENS (Paris)<\/div>\n<div>ENS Cachan<\/div>\n<div>ENS Lyon<\/div>\n<\/td>\n<\/tr>\n<tr>\n<td style=\"text-align: center;\"><strong>2006<\/strong><\/td>\n<td style=\"text-align: center;\">\n<div>ENS (Paris)<\/div>\n<div>ENS Cachan<\/div>\n<div>ENS Lyon<\/div>\n<\/td>\n<td style=\"text-align: center;\">\n<div>ENS (Paris)<\/div>\n<div>ENS Cachan<\/div>\n<div>ENS Lyon<\/div>\n<\/td>\n<td style=\"text-align: center;\">\n<div>ENS (Paris)<\/div>\n<div>ENS Cachan<\/div>\n<div>ENS Lyon<\/div>\n<\/td>\n<\/tr>\n<tr>\n<td style=\"text-align: center;\"><strong>2005<\/strong><\/td>\n<td style=\"text-align: center;\">\n<div>ENS (Paris)<\/div>\n<div>ENS Cachan<\/div>\n<div>ENS Lyon<\/div>\n<\/td>\n<td style=\"text-align: center;\">\n<div>ENS (Paris)<\/div>\n<div>ENS Cachan<\/div>\n<div>ENS Lyon<\/div>\n<\/td>\n<td style=\"text-align: center;\">\n<div>ENS (Paris)<\/div>\n<div>ENS Cachan<\/div>\n<div>ENS Lyon<\/div>\n<\/td>\n<\/tr>\n<tr>\n<td style=\"text-align: center;\"><strong>2004<\/strong><\/td>\n<td style=\"text-align: center;\">\n<div><a href=\"\/cms\/wp-content\/data\/filiere-bcpst\/rapports-des-presidents-et-vice-presidents\/mot_directeurs_2004.pdf\">ENS (Paris)<\/a><\/div>\n<div><a href=\"\/cms\/wp-content\/data\/filiere-bcpst\/rapports-des-presidents-et-vice-presidents\/mot_directeurs_2004.pdf\">ENS Cachan<\/a><\/div>\n<div><a href=\"\/cms\/wp-content\/data\/filiere-bcpst\/rapports-des-presidents-et-vice-presidents\/mot_directeurs_2004.pdf\">ENS Lyon<\/a><\/div>\n<\/td>\n<td style=\"text-align: center;\">\n<div><a href=\"\/cms\/wp-content\/data\/filiere-bcpst\/rapports-des-presidents-et-vice-presidents\/cursus_debouches_bcpst_paris_2004.pdf\">ENS (Paris)<\/a><\/div>\n<div><a href=\"\/cms\/wp-content\/data\/filiere-bcpst\/rapports-des-presidents-et-vice-presidents\/rapport_president_bcpst_cachan_2004.pdf\">ENS Cachan<\/a><\/div>\n<div>ENS Lyon<\/div>\n<\/td>\n<td style=\"text-align: center;\">\n<div>ENS (Paris)<\/div>\n<div>ENS Cachan<\/div>\n<div>ENS Lyon<\/div>\n<\/td>\n<\/tr>\n<tr>\n<td style=\"text-align: center;\"><strong>2003<\/strong><\/td>\n<td style=\"text-align: center;\">\n<div>ENS (Paris)<\/div>\n<div>ENS Cachan<\/div>\n<div>ENS Lyon<\/div>\n<\/td>\n<td style=\"text-align: center;\">\n<div>ENS (Paris)<\/div>\n<div>ENS Cachan<\/div>\n<div>ENS Lyon<\/div>\n<\/td>\n<td style=\"text-align: center;\">\n<div>ENS (Paris)<\/div>\n<div>ENS Cachan<\/div>\n<div>ENS Lyon<\/div>\n<\/td>\n<\/tr>\n<\/tbody>\n<\/table>\n<p>&nbsp;<\/p>\n","protected":false},"excerpt":{"rendered":"<p>Rapports des pr\u00e9sidents et vice-pr\u00e9sidents des concours d&rsquo;admission des ENS pour la fili\u00e8re BCPST. &nbsp; Ann\u00e9e Mot du directeur Rapport des vice-pr\u00e9sidents \u00c9l\u00e9ments statistiques 2015 ENS (Paris) ENS Cachan ENS Lyon ENS (Paris) ENS Cachan ENS Lyon ENS (Paris) ENS <a href=\"https:\/\/banques-ecoles.fr\/cms\/filiere-bcpst\/rapports-des-presidents-et-vice-presidents\/\">[Lire la suite]<\/a><\/p>\n","protected":false},"author":1,"featured_media":0,"parent":27,"menu_order":3,"comment_status":"closed","ping_status":"closed","template":"","meta":{"footnotes":""},"class_list":["post-35","page","type-page","status-publish","hentry"],"_links":{"self":[{"href":"https:\/\/banques-ecoles.fr\/cms\/wp-json\/wp\/v2\/pages\/35","targetHints":{"allow":["GET"]}}],"collection":[{"href":"https:\/\/banques-ecoles.fr\/cms\/wp-json\/wp\/v2\/pages"}],"about":[{"href":"https:\/\/banques-ecoles.fr\/cms\/wp-json\/wp\/v2\/types\/page"}],"author":[{"embeddable":true,"href":"https:\/\/banques-ecoles.fr\/cms\/wp-json\/wp\/v2\/users\/1"}],"replies":[{"embeddable":true,"href":"https:\/\/banques-ecoles.fr\/cms\/wp-json\/wp\/v2\/comments?post=35"}],"version-history":[{"count":28,"href":"https:\/\/banques-ecoles.fr\/cms\/wp-json\/wp\/v2\/pages\/35\/revisions"}],"predecessor-version":[{"id":4622,"href":"https:\/\/banques-ecoles.fr\/cms\/wp-json\/wp\/v2\/pages\/35\/revisions\/4622"}],"up":[{"embeddable":true,"href":"https:\/\/banques-ecoles.fr\/cms\/wp-json\/wp\/v2\/pages\/27"}],"wp:attachment":[{"href":"https:\/\/banques-ecoles.fr\/cms\/wp-json\/wp\/v2\/media?parent=35"}],"curies":[{"name":"wp","href":"https:\/\/api.w.org\/{rel}","templated":true}]}}