{"id":3529,"date":"2014-10-19T20:05:54","date_gmt":"2014-10-19T18:05:54","guid":{"rendered":"https:\/\/banques-ecoles.fr\/cms\/?page_id=3529"},"modified":"2015-01-15T16:29:13","modified_gmt":"2015-01-15T14:29:13","slug":"session-2014","status":"publish","type":"page","link":"https:\/\/banques-ecoles.fr\/cms\/filiere-mp\/rapports-des-jurys-de-la-banque-mmpmpi\/session-2014\/","title":{"rendered":"Session 2014"},"content":{"rendered":"<p>Rapports de jury de la banque M\/MP-M\/MPI 2014.<\/p>\n<div>\n<p>&nbsp;<\/p>\n<p><a href=\"https:\/\/banques-ecoles.fr\/cms\/wp-content\/uploads\/2015\/01\/14_mp_rap_ecrit_maths_a.pdf\" target=\"_blank\">\u00c9preuve \u00e9crite de Math A &#8211; XLCR<\/a><\/p>\n<p><a href=\"https:\/\/banques-ecoles.fr\/cms\/wp-content\/uploads\/2015\/01\/14_mp_rap_ecrit_maths_b.pdf\" target=\"_blank\">\u00c9preuve \u00e9crite\u00a0de Math B \u2013 X<\/a><\/p>\n<p><a href=\"https:\/\/banques-ecoles.fr\/cms\/wp-content\/uploads\/2014\/10\/14_mp_rap_ecrit_mathC.pdf\">\u00c9preuve \u00e9crite de Math\u00e9matiques C \u2013 ULCR<\/a><\/p>\n<p><a href=\"https:\/\/banques-ecoles.fr\/cms\/wp-content\/uploads\/2014\/10\/14_mp_rap_ecrit_mathD.pdf\">\u00c9preuve \u00e9crite de math\u00e9matiques D \u2013 U<\/a><\/p>\n<p>\u00c9preuve \u00e9crite\u00a0de physique \u2013 XULCR<\/p>\n<p><a href=\"https:\/\/banques-ecoles.fr\/cms\/wp-content\/uploads\/2015\/01\/14_mp_rap_ecrit_info_a.pdf\" target=\"_blank\">\u00c9preuve \u00e9crite\u00a0d\u2019Info A 4h \u2013 XULCR<\/a><\/p>\n<p><a href=\"https:\/\/banques-ecoles.fr\/cms\/wp-content\/uploads\/2015\/01\/14_mp_rap_ecrit_info_b.pdf\" target=\"_blank\">\u00c9preuve \u00e9crite\u00a0d\u2019Info B 2h \u2013 XCR<\/a><\/p>\n<p>\u00c9preuve \u00e9crite\u00a0P&amp;SI \u2013 X<\/p>\n<p><a href=\"https:\/\/banques-ecoles.fr\/cms\/wp-content\/uploads\/2015\/01\/14_mp_pc_rap_ecrit_francais.pdf\">\u00c9preuve \u00e9crite\u00a0de fran\u00e7ais &#8211; XULCR<\/a><\/p>\n<p>\u00c9preuve \u00e9crite\u00a0de LV &#8211; XULCR<\/p>\n<ul>\n<li><a href=\"https:\/\/banques-ecoles.fr\/cms\/wp-content\/uploads\/2015\/01\/14_mp_pc_rap_ecrit_lv_anglais.pdf\" target=\"_blank\">anglais<\/a><\/li>\n<li><a href=\"https:\/\/banques-ecoles.fr\/cms\/wp-content\/uploads\/2015\/01\/14_mp_pc_rap_ecrit_lv_allemand.pdf\" target=\"_blank\">allemand<\/a><\/li>\n<li>arabe<\/li>\n<li><a href=\"https:\/\/banques-ecoles.fr\/cms\/wp-content\/uploads\/2015\/01\/14_mp_pc_rap_ecrit_lv_chinois.pdf\" target=\"_blank\">chinois<\/a><\/li>\n<li><a href=\"https:\/\/banques-ecoles.fr\/cms\/wp-content\/uploads\/2015\/01\/14_mp_pc_rap_ecrit_lv_espagnol.pdf\" target=\"_blank\">espagnol<\/a><\/li>\n<\/ul>\n<p>&nbsp;<\/p>\n<p><a href=\"https:\/\/banques-ecoles.fr\/cms\/wp-content\/uploads\/2014\/10\/14_mp_rap_omath_u_ulcr.pdf\">\u00c9preuve orale de math\u00e9matiques \u2013 ULCR<\/a><\/p>\n<p><a href=\"https:\/\/banques-ecoles.fr\/cms\/wp-content\/uploads\/2014\/10\/14_mp_rap_omath_u_ulcr.pdf\">\u00c9preuve orale de math\u00e9matiques \u2013 U<\/a><\/p>\n<p>\u00c9preuve orale\u00a0de math\u00e9matiques \u2013 CR<\/p>\n<p>\u00c9preuve orale\u00a0de math\u00e9matiques \u2013 L<\/p>\n<p>\u00c9preuve orale\u00a0de physique &#8211; LCR<\/p>\n<p><a href=\"https:\/\/banques-ecoles.fr\/cms\/wp-content\/uploads\/2014\/10\/14_mp_rap_ophy_u.pdf\">\u00c9preuve orale de physique &#8211; U<\/a><\/p>\n<p>\u00c9preuve orale\u00a0d\u2019informatique fondamentale \u2013 LCR<\/p>\n<p><a href=\"https:\/\/banques-ecoles.fr\/cms\/wp-content\/uploads\/2014\/10\/14_mpi_rap_oinfo_u.pdf\">\u00c9preuve orale d\u2019informatique &#8211; U<\/a><\/p>\n<p>\u00c9preuve de TIPE \u2013 ULCR<\/p>\n<ul>\n<li><a href=\"https:\/\/banques-ecoles.fr\/cms\/wp-content\/uploads\/2014\/10\/14_mpi_rap_tipe_info.pdf\">informatique<\/a><\/li>\n<li><a href=\"https:\/\/banques-ecoles.fr\/cms\/wp-content\/uploads\/2014\/10\/14_mpi_rap_tipe_math.pdf\">math\u00e9matiques<\/a><\/li>\n<li><a href=\"https:\/\/banques-ecoles.fr\/cms\/wp-content\/uploads\/2014\/10\/14_mpi_rap_tipe_phy.pdf\">physique<\/a><\/li>\n<\/ul>\n<p>\u00c9preuve orale\u00a0de LV &#8211; XULCR<\/p>\n<ul>\n<li><a href=\"https:\/\/banques-ecoles.fr\/cms\/wp-content\/uploads\/2015\/01\/14_mp_pc_rap_oral_video_lv_anglais_x.pdf\" target=\"_blank\">anglais<\/a><\/li>\n<li><a href=\"https:\/\/banques-ecoles.fr\/cms\/wp-content\/uploads\/2015\/01\/14_mp_pc_rap_oral_video_lv_allemand_x.pdf\" target=\"_blank\">allemand<\/a><\/li>\n<li>arabe<\/li>\n<li>chinois<\/li>\n<li>espagnol<\/li>\n<\/ul>\n<\/div>\n","protected":false},"excerpt":{"rendered":"<p>Rapports de jury de la banque M\/MP-M\/MPI 2014. &nbsp; \u00c9preuve \u00e9crite de Math A &#8211; XLCR \u00c9preuve \u00e9crite\u00a0de Math B \u2013 X \u00c9preuve \u00e9crite de Math\u00e9matiques C \u2013 ULCR \u00c9preuve \u00e9crite de math\u00e9matiques D \u2013 U \u00c9preuve \u00e9crite\u00a0de physique \u2013 <a href=\"https:\/\/banques-ecoles.fr\/cms\/filiere-mp\/rapports-des-jurys-de-la-banque-mmpmpi\/session-2014\/\">[Lire la suite]<\/a><\/p>\n","protected":false},"author":5,"featured_media":0,"parent":730,"menu_order":0,"comment_status":"closed","ping_status":"open","template":"","meta":{"footnotes":""},"class_list":["post-3529","page","type-page","status-publish","hentry"],"_links":{"self":[{"href":"https:\/\/banques-ecoles.fr\/cms\/wp-json\/wp\/v2\/pages\/3529","targetHints":{"allow":["GET"]}}],"collection":[{"href":"https:\/\/banques-ecoles.fr\/cms\/wp-json\/wp\/v2\/pages"}],"about":[{"href":"https:\/\/banques-ecoles.fr\/cms\/wp-json\/wp\/v2\/types\/page"}],"author":[{"embeddable":true,"href":"https:\/\/banques-ecoles.fr\/cms\/wp-json\/wp\/v2\/users\/5"}],"replies":[{"embeddable":true,"href":"https:\/\/banques-ecoles.fr\/cms\/wp-json\/wp\/v2\/comments?post=3529"}],"version-history":[{"count":24,"href":"https:\/\/banques-ecoles.fr\/cms\/wp-json\/wp\/v2\/pages\/3529\/revisions"}],"predecessor-version":[{"id":3866,"href":"https:\/\/banques-ecoles.fr\/cms\/wp-json\/wp\/v2\/pages\/3529\/revisions\/3866"}],"up":[{"embeddable":true,"href":"https:\/\/banques-ecoles.fr\/cms\/wp-json\/wp\/v2\/pages\/730"}],"wp:attachment":[{"href":"https:\/\/banques-ecoles.fr\/cms\/wp-json\/wp\/v2\/media?parent=3529"}],"curies":[{"name":"wp","href":"https:\/\/api.w.org\/{rel}","templated":true}]}}