{"id":3878,"date":"2015-02-25T11:30:00","date_gmt":"2015-02-25T09:30:00","guid":{"rendered":"https:\/\/banques-ecoles.fr\/cms\/?page_id=3878"},"modified":"2015-04-21T10:44:42","modified_gmt":"2015-04-21T08:44:42","slug":"session-2015-2","status":"publish","type":"page","link":"https:\/\/banques-ecoles.fr\/cms\/filiere-lettres-bel\/session-2015-2\/","title":{"rendered":"Session 2015"},"content":{"rendered":"<p><b>Banque d&rsquo;\u00c9preuves Litt\u00e9raires &#8211; Session 2015<\/b><\/p>\n<p>&nbsp;<\/p>\n<p><a href=\"https:\/\/banques-ecoles.fr\/cms\/wp-content\/uploads\/2015\/03\/CENTRES_EPREUVES_ECRITESDE_LA_BEL_2015.pdf\">Liste des centres d&rsquo;\u00e9crit de la BEL<\/a><\/p>\n<p><a href=\"https:\/\/banques-ecoles.fr\/cms\/wp-content\/uploads\/2015\/03\/Plan-dacc\u00e8s-Rungis-2015.pdf\">Plan d&rsquo;acc\u00e8s centre de Rungis 2015<\/a><\/p>\n<p><a href=\"https:\/\/banques-ecoles.fr\/cms\/wp-content\/uploads\/2015\/03\/LISTE-DES-DICTIONNAIRES-AUTORISES_SESSION-2015.pdf\">Liste des dictionnaires pour l&rsquo;\u00e9preuve de commentaire et traduction<\/a><\/p>\n<p>&nbsp;<\/p>\n<p>&nbsp;<\/p>\n<p><span style=\"text-decoration: underline;\">Sujets des \u00e9preuves \u00e9crites :<\/span><\/p>\n<h4>\u00c9preuves communes<\/h4>\n<ul>\n<li><a href=\"https:\/\/banques-ecoles.fr\/cms\/wp-content\/uploads\/2015\/04\/15_BEL_Composition-dhistoire.pdf\">Composition d&rsquo;histoire<\/a><\/li>\n<li><a href=\"https:\/\/banques-ecoles.fr\/cms\/wp-content\/uploads\/2015\/04\/15_BEL_Composition-fran\u00e7aise.pdf\">Composition fran\u00e7aise<\/a><\/li>\n<li><a href=\"https:\/\/banques-ecoles.fr\/cms\/wp-content\/uploads\/2015\/04\/15_BEL_Composition-de-philosophie.pdf\">Composition de philosophie<\/a><\/li>\n<li><a href=\"https:\/\/banques-ecoles.fr\/cms\/wp-content\/uploads\/2015\/04\/15_BEL_Commentaire-en-LVE-et-traduction.pdf\">Commentaire d&rsquo;un texte en LVE et traduction<\/a><\/li>\n<li><a href=\"https:\/\/banques-ecoles.fr\/cms\/wp-content\/uploads\/2015\/04\/15_BEL_Sp\u00e9cialit\u00e9-Arts.pdf\">\u00c9preuves d&rsquo;options artistiques<\/a><\/li>\n<\/ul>\n<h4>\u00c9preuves sp\u00e9cifiques ENS de Lyon<\/h4>\n<ul>\n<li><a href=\"https:\/\/banques-ecoles.fr\/cms\/wp-content\/uploads\/2015\/04\/15_BEL_Composition-de-g\u00e9ographie.pdf\">Composition de g\u00e9ographie<\/a><\/li>\n<li><a href=\"https:\/\/banques-ecoles.fr\/cms\/wp-content\/uploads\/2015\/04\/15_BEL_Epreuve_de_sp\u00e9cialit\u00e9.pdf\">Epreuve de sp\u00e9cialit\u00e9<\/a><\/li>\n<li>\u00c9preuve de sp\u00e9cialit\u00e9 <a href=\"https:\/\/banques-ecoles.fr\/cms\/wp-content\/uploads\/2015\/04\/15_BEL_Sp\u00e9cialit\u00e9-lettres-classiques-version-grecque.pdf\">version grecque<\/a><\/li>\n<li><a href=\"https:\/\/banques-ecoles.fr\/cms\/wp-content\/uploads\/2015\/04\/15_BEL_Sp\u00e9cialit\u00e9_g\u00e9ographie.pdf\">Commentaire de carte g\u00e9ographique<\/a><\/li>\n<\/ul>\n<h4>\u00c9preuves sp\u00e9cifiques ENS de Paris<\/h4>\n<ul>\n<li>langue et culture anciennes<\/li>\n<li>\u00e9preuve \u00e0 option<\/li>\n<\/ul>\n","protected":false},"excerpt":{"rendered":"<p>Banque d&rsquo;\u00c9preuves Litt\u00e9raires &#8211; Session 2015 &nbsp; Liste des centres d&rsquo;\u00e9crit de la BEL Plan d&rsquo;acc\u00e8s centre de Rungis 2015 Liste des dictionnaires pour l&rsquo;\u00e9preuve de commentaire et traduction &nbsp; &nbsp; Sujets des \u00e9preuves \u00e9crites : \u00c9preuves communes Composition d&rsquo;histoire <a href=\"https:\/\/banques-ecoles.fr\/cms\/filiere-lettres-bel\/session-2015-2\/\">[Lire la suite]<\/a><\/p>\n","protected":false},"author":1,"featured_media":0,"parent":78,"menu_order":0,"comment_status":"closed","ping_status":"open","template":"","meta":{"footnotes":""},"class_list":["post-3878","page","type-page","status-publish","hentry"],"_links":{"self":[{"href":"https:\/\/banques-ecoles.fr\/cms\/wp-json\/wp\/v2\/pages\/3878","targetHints":{"allow":["GET"]}}],"collection":[{"href":"https:\/\/banques-ecoles.fr\/cms\/wp-json\/wp\/v2\/pages"}],"about":[{"href":"https:\/\/banques-ecoles.fr\/cms\/wp-json\/wp\/v2\/types\/page"}],"author":[{"embeddable":true,"href":"https:\/\/banques-ecoles.fr\/cms\/wp-json\/wp\/v2\/users\/1"}],"replies":[{"embeddable":true,"href":"https:\/\/banques-ecoles.fr\/cms\/wp-json\/wp\/v2\/comments?post=3878"}],"version-history":[{"count":19,"href":"https:\/\/banques-ecoles.fr\/cms\/wp-json\/wp\/v2\/pages\/3878\/revisions"}],"predecessor-version":[{"id":4088,"href":"https:\/\/banques-ecoles.fr\/cms\/wp-json\/wp\/v2\/pages\/3878\/revisions\/4088"}],"up":[{"embeddable":true,"href":"https:\/\/banques-ecoles.fr\/cms\/wp-json\/wp\/v2\/pages\/78"}],"wp:attachment":[{"href":"https:\/\/banques-ecoles.fr\/cms\/wp-json\/wp\/v2\/media?parent=3878"}],"curies":[{"name":"wp","href":"https:\/\/api.w.org\/{rel}","templated":true}]}}