{"id":4016,"date":"2015-04-12T17:43:52","date_gmt":"2015-04-12T15:43:52","guid":{"rendered":"https:\/\/banques-ecoles.fr\/cms\/?page_id=4016"},"modified":"2015-09-16T09:39:06","modified_gmt":"2015-09-16T07:39:06","slug":"session-2015","status":"publish","type":"page","link":"https:\/\/banques-ecoles.fr\/cms\/filiere-pc\/annales-de-la-banque-pc\/session-2015\/","title":{"rendered":"Session 2015"},"content":{"rendered":"<p>Sujets des \u00e9preuves \u00e9crites de la banque PC, session 2015.<\/p>\n<p>&nbsp;<\/p>\n<p><a title=\"15_pc_sujet_maths_xeulc\" href=\"https:\/\/banques-ecoles.fr\/cms\/wp-content\/uploads\/2015\/09\/15_pc_sujet_maths_xeulc.pdf\" target=\"_blank\">\u00c9crit Math &#8211; 4h &#8211; PC XEULC<\/a><\/p>\n<p><a title=\"15_pc_chimie\" href=\"https:\/\/banques-ecoles.fr\/cms\/wp-content\/uploads\/2015\/09\/15_pc_sujet_chimieA_xeulc.pdf\" target=\"_blank\">\u00c9crit Chi A &#8211; 4h &#8211; PC XEULC<\/a><\/p>\n<p><a href=\"https:\/\/banques-ecoles.fr\/cms\/wp-content\/uploads\/2015\/05\/15_pc_sujet_chib_u.pdf\">\u00c9crit Chi B &#8211; 6h &#8211; PC U<\/a><\/p>\n<p>\u00c9crit Phy A &#8211; 4h &#8211; PC XE<\/p>\n<p><a title=\"15_pc_sujet_physiqueB_xeulc\" href=\"https:\/\/banques-ecoles.fr\/cms\/wp-content\/uploads\/2015\/09\/15_pc_sujet_physiqueB_xeulc.pdf\" target=\"_blank\">\u00c9crit Phy B &#8211; 4h &#8211; PC XEULC<\/a><\/p>\n<p><a href=\"https:\/\/banques-ecoles.fr\/cms\/wp-content\/uploads\/2015\/05\/15_pc_sujet_phyc_u.pdf\">\u00c9crit Phy C &#8211; 6h &#8211; PC U<\/a><\/p>\n<p><a href=\"https:\/\/banques-ecoles.fr\/cms\/wp-content\/uploads\/2015\/05\/15_pc_sujet_phychi_l_web.pdf\">\u00c9crit PhyChi &#8211; 5h &#8211; PC L<\/a><\/p>\n<p><a title=\"15_mp-pc_infoB_xelcr\" href=\"https:\/\/banques-ecoles.fr\/cms\/wp-content\/uploads\/2015\/09\/15_mp-pc_sujet_infoB_xelcr.pdf\" target=\"_blank\">\u00c9crit Info B &#8211; 2h &#8211; MP-PC XELCR<\/a><\/p>\n<p><a title=\"15_mp-pc_francais_xeulcr\" href=\"https:\/\/banques-ecoles.fr\/cms\/wp-content\/uploads\/2015\/09\/15_mp-pc_sujet_francais_xeulcr.pdf\" target=\"_blank\">\u00c9crit de fran\u00e7ais &#8211; 4h &#8211; MP-PC XEULCR<\/a><\/p>\n<p>\u00c9crit de langue vivante &#8211; 4h &#8211; MP-PC XEULCR<\/p>\n<ul>\n<li><a title=\"15_mp-pc_allemand_xeulcr\" href=\"https:\/\/banques-ecoles.fr\/cms\/wp-content\/uploads\/2015\/09\/15_mp-pc_sujet_allemand_xeulcr.pdf\" target=\"_blank\">allemand<\/a><\/li>\n<li><a title=\"15_mp-pc_anglais_xeulcr\" href=\"https:\/\/banques-ecoles.fr\/cms\/wp-content\/uploads\/2015\/09\/15_mp-pc_sujet_anglais_xeulcr.pdf\" target=\"_blank\">anglais<\/a><\/li>\n<li><a href=\"https:\/\/banques-ecoles.fr\/cms\/wp-content\/uploads\/2015\/09\/15_mp-pc_sujet_arabe_xeulcr.pdf\" target=\"_blank\">arabe<\/a><\/li>\n<li><a title=\"15_mp-pc_chinois\" href=\"https:\/\/banques-ecoles.fr\/cms\/wp-content\/uploads\/2015\/09\/15_mp-pc_sujet_chinois_xeulcr.pdf\" target=\"_blank\">chinois<\/a><\/li>\n<li><a title=\"15_mp-pc_espagnol_xeulcr\" href=\"https:\/\/banques-ecoles.fr\/cms\/wp-content\/uploads\/2015\/09\/15_mp-pc_sujet_espagnol_xeulcr.pdf\" target=\"_blank\">espagnol<\/a><\/li>\n<\/ul>\n<p>&nbsp;<\/p>\n","protected":false},"excerpt":{"rendered":"<p>Sujets des \u00e9preuves \u00e9crites de la banque PC, session 2015. &nbsp; \u00c9crit Math &#8211; 4h &#8211; PC XEULC \u00c9crit Chi A &#8211; 4h &#8211; PC XEULC \u00c9crit Chi B &#8211; 6h &#8211; PC U \u00c9crit Phy A &#8211; 4h &#8211; <a href=\"https:\/\/banques-ecoles.fr\/cms\/filiere-pc\/annales-de-la-banque-pc\/session-2015\/\">[Lire la suite]<\/a><\/p>\n","protected":false},"author":5,"featured_media":0,"parent":968,"menu_order":0,"comment_status":"closed","ping_status":"open","template":"","meta":{"footnotes":""},"class_list":["post-4016","page","type-page","status-publish","hentry"],"_links":{"self":[{"href":"https:\/\/banques-ecoles.fr\/cms\/wp-json\/wp\/v2\/pages\/4016","targetHints":{"allow":["GET"]}}],"collection":[{"href":"https:\/\/banques-ecoles.fr\/cms\/wp-json\/wp\/v2\/pages"}],"about":[{"href":"https:\/\/banques-ecoles.fr\/cms\/wp-json\/wp\/v2\/types\/page"}],"author":[{"embeddable":true,"href":"https:\/\/banques-ecoles.fr\/cms\/wp-json\/wp\/v2\/users\/5"}],"replies":[{"embeddable":true,"href":"https:\/\/banques-ecoles.fr\/cms\/wp-json\/wp\/v2\/comments?post=4016"}],"version-history":[{"count":15,"href":"https:\/\/banques-ecoles.fr\/cms\/wp-json\/wp\/v2\/pages\/4016\/revisions"}],"predecessor-version":[{"id":4461,"href":"https:\/\/banques-ecoles.fr\/cms\/wp-json\/wp\/v2\/pages\/4016\/revisions\/4461"}],"up":[{"embeddable":true,"href":"https:\/\/banques-ecoles.fr\/cms\/wp-json\/wp\/v2\/pages\/968"}],"wp:attachment":[{"href":"https:\/\/banques-ecoles.fr\/cms\/wp-json\/wp\/v2\/media?parent=4016"}],"curies":[{"name":"wp","href":"https:\/\/api.w.org\/{rel}","templated":true}]}}