{"id":4251,"date":"2015-07-27T16:59:23","date_gmt":"2015-07-27T14:59:23","guid":{"rendered":"https:\/\/banques-ecoles.fr\/cms\/?page_id=4251"},"modified":"2015-12-08T10:38:33","modified_gmt":"2015-12-08T08:38:33","slug":"session-2015","status":"publish","type":"page","link":"https:\/\/banques-ecoles.fr\/cms\/filiere-bcpst\/rapports-des-jurys-de-la-banque-bcpst\/session-2015\/","title":{"rendered":"Session 2015"},"content":{"rendered":"<p>Rapports des \u00e9preuves de la banque BCPST 2015.<\/p>\n<p>&nbsp;<\/p>\n<p><a href=\"https:\/\/banques-ecoles.fr\/cms\/wp-content\/uploads\/2015\/12\/15_bcpst_rap_ebio.pdf\">\u00c9preuve \u00e9crite de biologie<\/a><\/p>\n<p><a href=\"https:\/\/banques-ecoles.fr\/cms\/wp-content\/uploads\/2015\/07\/15_bcpst_rap_est.pdf\">\u00c9preuve \u00e9crite de sciences de la Terre<\/a><\/p>\n<p><a href=\"https:\/\/banques-ecoles.fr\/cms\/wp-content\/uploads\/2015\/10\/15_bcpst_rap_echi.pdf\">\u00c9preuve \u00e9crite\u00a0de chimie<\/a><\/p>\n<p><a href=\"https:\/\/banques-ecoles.fr\/cms\/wp-content\/uploads\/2015\/10\/15_bcpst_rap_ephy.pdf\">\u00c9preuve \u00e9crite de physique<\/a><\/p>\n<p>\u00c9preuve \u00e9crite de math\u00e9matiques<\/p>\n<p><a href=\"https:\/\/banques-ecoles.fr\/cms\/wp-content\/uploads\/2015\/10\/15_bcpst_rap_efr.pdf\">\u00c9preuve \u00e9crite de fran\u00e7ais<\/a><\/p>\n<p>\u00c9preuve \u00e9crite de LV :<\/p>\n<ul>\n<li><a href=\"https:\/\/banques-ecoles.fr\/cms\/wp-content\/uploads\/2015\/07\/15_bcpst_rap_elvall.pdf\">allemand<\/a><\/li>\n<li><a href=\"https:\/\/banques-ecoles.fr\/cms\/wp-content\/uploads\/2015\/09\/15_bcpst_rap_elv_ang.pdf\">anglais<\/a><\/li>\n<li><a href=\"https:\/\/banques-ecoles.fr\/cms\/wp-content\/uploads\/2015\/07\/15_bcpst_rap_elvesp.pdf\">espagnol<\/a><\/li>\n<\/ul>\n<p><a href=\"https:\/\/banques-ecoles.fr\/cms\/wp-content\/uploads\/2015\/07\/15_bcpst_rap_obioc.pdf\">\u00c9preuve orale de biologie Cachan<\/a><\/p>\n<p><a href=\"https:\/\/banques-ecoles.fr\/cms\/wp-content\/uploads\/2015\/09\/15_bcpst_rap_obiol.pdf\">\u00c9preuve orale de biologie Lyon<\/a><\/p>\n<p><a href=\"https:\/\/banques-ecoles.fr\/cms\/wp-content\/uploads\/2015\/09\/15_bcpst_rap_obiou.pdf\">\u00c9preuve orale de biologie Ulm<\/a><\/p>\n<p><a href=\"https:\/\/banques-ecoles.fr\/cms\/wp-content\/uploads\/2015\/07\/15_bcpst_rap_ost.pdf\">\u00c9preuve orale de sciences de la Terre<\/a><\/p>\n<p><a href=\"https:\/\/banques-ecoles.fr\/cms\/wp-content\/uploads\/2015\/07\/15_bcpst_rap_ochi.pdf\">\u00c9preuve orale de chimie<\/a><\/p>\n<p><a href=\"https:\/\/banques-ecoles.fr\/cms\/wp-content\/uploads\/2015\/07\/15_bcpst_rap_ophy.pdf\">\u00c9preuve orale de physique<\/a><\/p>\n<p><a href=\"https:\/\/banques-ecoles.fr\/cms\/wp-content\/uploads\/2015\/07\/15_bcpst_rap_otpbiochi.pdf\">\u00c9preuve de travaux pratiques de biologie et de chimie<\/a><\/p>\n<p><a href=\"https:\/\/banques-ecoles.fr\/cms\/wp-content\/uploads\/2015\/10\/15_bcpst_rap_tipe.pdf\">\u00c9preuve de travaux d\u2019initiative personnelle encadr\u00e9s<\/a><\/p>\n<p>\u00c9preuve orale\u00a0de math\u00e9matiques ENPC<\/p>\n<p>\u00c9preuve orale de LV :<\/p>\n<ul>\n<li><a href=\"https:\/\/banques-ecoles.fr\/cms\/wp-content\/uploads\/2015\/07\/15_bcpst_rap_olvall.pdf\">allemand<\/a><\/li>\n<li><a href=\"https:\/\/banques-ecoles.fr\/cms\/wp-content\/uploads\/2015\/09\/15_bcpst_rap_olv_ang.pdf\">anglais<\/a><\/li>\n<li><a href=\"https:\/\/banques-ecoles.fr\/cms\/wp-content\/uploads\/2015\/10\/15_bcpst_rap_olvesp.pdf\">espagnol<\/a><\/li>\n<\/ul>\n","protected":false},"excerpt":{"rendered":"<p>Rapports des \u00e9preuves de la banque BCPST 2015. &nbsp; \u00c9preuve \u00e9crite de biologie \u00c9preuve \u00e9crite de sciences de la Terre \u00c9preuve \u00e9crite\u00a0de chimie \u00c9preuve \u00e9crite de physique \u00c9preuve \u00e9crite de math\u00e9matiques \u00c9preuve \u00e9crite de fran\u00e7ais \u00c9preuve \u00e9crite de LV : <a href=\"https:\/\/banques-ecoles.fr\/cms\/filiere-bcpst\/rapports-des-jurys-de-la-banque-bcpst\/session-2015\/\">[Lire la suite]<\/a><\/p>\n","protected":false},"author":5,"featured_media":0,"parent":33,"menu_order":0,"comment_status":"closed","ping_status":"open","template":"","meta":{"footnotes":""},"class_list":["post-4251","page","type-page","status-publish","hentry"],"_links":{"self":[{"href":"https:\/\/banques-ecoles.fr\/cms\/wp-json\/wp\/v2\/pages\/4251","targetHints":{"allow":["GET"]}}],"collection":[{"href":"https:\/\/banques-ecoles.fr\/cms\/wp-json\/wp\/v2\/pages"}],"about":[{"href":"https:\/\/banques-ecoles.fr\/cms\/wp-json\/wp\/v2\/types\/page"}],"author":[{"embeddable":true,"href":"https:\/\/banques-ecoles.fr\/cms\/wp-json\/wp\/v2\/users\/5"}],"replies":[{"embeddable":true,"href":"https:\/\/banques-ecoles.fr\/cms\/wp-json\/wp\/v2\/comments?post=4251"}],"version-history":[{"count":24,"href":"https:\/\/banques-ecoles.fr\/cms\/wp-json\/wp\/v2\/pages\/4251\/revisions"}],"predecessor-version":[{"id":4598,"href":"https:\/\/banques-ecoles.fr\/cms\/wp-json\/wp\/v2\/pages\/4251\/revisions\/4598"}],"up":[{"embeddable":true,"href":"https:\/\/banques-ecoles.fr\/cms\/wp-json\/wp\/v2\/pages\/33"}],"wp:attachment":[{"href":"https:\/\/banques-ecoles.fr\/cms\/wp-json\/wp\/v2\/media?parent=4251"}],"curies":[{"name":"wp","href":"https:\/\/api.w.org\/{rel}","templated":true}]}}