{"id":4255,"date":"2015-07-27T17:06:16","date_gmt":"2015-07-27T15:06:16","guid":{"rendered":"https:\/\/banques-ecoles.fr\/cms\/?page_id=4255"},"modified":"2016-05-23T17:14:34","modified_gmt":"2016-05-23T15:14:34","slug":"session-2015","status":"publish","type":"page","link":"https:\/\/banques-ecoles.fr\/cms\/filiere-mp\/rapports-des-jurys-de-la-banque-i\/session-2015\/","title":{"rendered":"Session 2015"},"content":{"rendered":"<div>\n<p>Rapports de jury de la banque M\/Info 2015.<\/p>\n<p>&nbsp;<\/p>\n<p><a href=\"https:\/\/banques-ecoles.fr\/cms\/wp-content\/uploads\/2015\/09\/15_mp_rap_emathc.pdf\">\u00c9preuve \u00e9crite de Math C \u2013 ULCR<\/a><\/p>\n<p><a href=\"https:\/\/banques-ecoles.fr\/cms\/wp-content\/uploads\/2016\/01\/15_mp_rap_ephy.pdf\">\u00c9preuve \u00e9crite\u00a0de physique \u2013 XULCR<\/a><\/p>\n<p><a href=\"https:\/\/banques-ecoles.fr\/cms\/wp-content\/uploads\/2016\/01\/15_mp_i_rap_einfoa.pdf\">\u00c9preuve \u00e9crite\u00a0de Info A 4h \u2013 XULCR<\/a><\/p>\n<p>\u00c9preuve \u00e9crite d&rsquo;Info-Math 4h &#8211; ULCR<\/p>\n<p><a href=\"https:\/\/banques-ecoles.fr\/cms\/wp-content\/uploads\/2016\/01\/15_mp_pc_rap_efr.pdf\">\u00c9preuve \u00e9crite\u00a0de fran\u00e7ais &#8211; 4h &#8211; XULCR<\/a><\/p>\n<p>\u00c9preuve \u00e9crite\u00a0\u00e9crite de LV &#8211; 4h &#8211; XULCR<\/p>\n<ul>\n<li>anglais<\/li>\n<li><a href=\"https:\/\/banques-ecoles.fr\/cms\/wp-content\/uploads\/2016\/01\/15_mp_pc_rap_elvall.pdf\">allemand<\/a><\/li>\n<li>arabe<\/li>\n<li>chinois<\/li>\n<li>espagnol<\/li>\n<\/ul>\n<p>\u00c9preuve orale de math\u00e9matiques \u2013 ULCR<\/p>\n<p><a href=\"https:\/\/banques-ecoles.fr\/cms\/wp-content\/uploads\/2015\/09\/15_mp_rap_ophy_lcr.pdf\">\u00c9preuve orale\u00a0de physique \u2013 LCR<\/a><\/p>\n<p>\u00c9preuve orale d\u2019informatique fondamentale \u2013 LCR<\/p>\n<p><a href=\"https:\/\/banques-ecoles.fr\/cms\/wp-content\/uploads\/2015\/11\/15_mp_i_rap_oinfou.pdf\">\u00c9preuve orale d\u2019informatique &#8211; U<\/a><\/p>\n<p><a href=\"https:\/\/banques-ecoles.fr\/cms\/wp-content\/uploads\/2016\/01\/15_mp_i_rap_tpalgo.pdf\">\u00c9preuve de TP d\u2019algorithmique et programmation \u2013 ULCR<\/a><\/p>\n<p>\u00c9preuve de TIPE &#8211; ULCR<\/p>\n<ul>\n<li><a href=\"https:\/\/banques-ecoles.fr\/cms\/wp-content\/uploads\/2016\/05\/15_mp_rap_tipeinfo.pdf\">informatique<\/a><\/li>\n<li><a href=\"https:\/\/banques-ecoles.fr\/cms\/wp-content\/uploads\/2016\/05\/15_mp_rap_tipemath.pdf\">math\u00e9matiques<\/a><\/li>\n<li>physique<\/li>\n<\/ul>\n<p>\u00c9preuve orale\u00a0de LV &#8211; 4h &#8211; XULCR<\/p>\n<ul>\n<li><a href=\"https:\/\/banques-ecoles.fr\/cms\/wp-content\/uploads\/2016\/01\/15_mp_pc_rap_olvang.pdf\">anglais<\/a><\/li>\n<li><a href=\"https:\/\/banques-ecoles.fr\/cms\/wp-content\/uploads\/2016\/01\/15_mp_pc_rap_olvall.pdf\">allemand<\/a><\/li>\n<li>arabe<\/li>\n<li><a href=\"https:\/\/banques-ecoles.fr\/cms\/wp-content\/uploads\/2016\/01\/15_mp_pc_rap_olvchi.pdf\">chinois<\/a><\/li>\n<li>espagnol<\/li>\n<\/ul>\n<p><strong>-&gt; Se reporter aux rapports des jurys de la banque M\/MP\/MPI<\/strong><\/p>\n<\/div>\n<div><\/div>\n","protected":false},"excerpt":{"rendered":"<p>Rapports de jury de la banque M\/Info 2015. &nbsp; \u00c9preuve \u00e9crite de Math C \u2013 ULCR \u00c9preuve \u00e9crite\u00a0de physique \u2013 XULCR \u00c9preuve \u00e9crite\u00a0de Info A 4h \u2013 XULCR \u00c9preuve \u00e9crite d&rsquo;Info-Math 4h &#8211; ULCR \u00c9preuve \u00e9crite\u00a0de fran\u00e7ais &#8211; 4h &#8211; <a href=\"https:\/\/banques-ecoles.fr\/cms\/filiere-mp\/rapports-des-jurys-de-la-banque-i\/session-2015\/\">[Lire la suite]<\/a><\/p>\n","protected":false},"author":5,"featured_media":0,"parent":729,"menu_order":0,"comment_status":"closed","ping_status":"open","template":"","meta":{"footnotes":""},"class_list":["post-4255","page","type-page","status-publish","hentry"],"_links":{"self":[{"href":"https:\/\/banques-ecoles.fr\/cms\/wp-json\/wp\/v2\/pages\/4255","targetHints":{"allow":["GET"]}}],"collection":[{"href":"https:\/\/banques-ecoles.fr\/cms\/wp-json\/wp\/v2\/pages"}],"about":[{"href":"https:\/\/banques-ecoles.fr\/cms\/wp-json\/wp\/v2\/types\/page"}],"author":[{"embeddable":true,"href":"https:\/\/banques-ecoles.fr\/cms\/wp-json\/wp\/v2\/users\/5"}],"replies":[{"embeddable":true,"href":"https:\/\/banques-ecoles.fr\/cms\/wp-json\/wp\/v2\/comments?post=4255"}],"version-history":[{"count":14,"href":"https:\/\/banques-ecoles.fr\/cms\/wp-json\/wp\/v2\/pages\/4255\/revisions"}],"predecessor-version":[{"id":4984,"href":"https:\/\/banques-ecoles.fr\/cms\/wp-json\/wp\/v2\/pages\/4255\/revisions\/4984"}],"up":[{"embeddable":true,"href":"https:\/\/banques-ecoles.fr\/cms\/wp-json\/wp\/v2\/pages\/729"}],"wp:attachment":[{"href":"https:\/\/banques-ecoles.fr\/cms\/wp-json\/wp\/v2\/media?parent=4255"}],"curies":[{"name":"wp","href":"https:\/\/api.w.org\/{rel}","templated":true}]}}