{"id":4263,"date":"2015-07-27T17:18:54","date_gmt":"2015-07-27T15:18:54","guid":{"rendered":"https:\/\/banques-ecoles.fr\/cms\/?page_id=4263"},"modified":"2016-01-15T16:25:02","modified_gmt":"2016-01-15T14:25:02","slug":"session-2015","status":"publish","type":"page","link":"https:\/\/banques-ecoles.fr\/cms\/filiere-pc\/rapports-des-jurys-de-la-banque-pc\/session-2015\/","title":{"rendered":"Session 2015"},"content":{"rendered":"<p>Rapports sur les \u00e9preuves de la banque PC2015.<\/p>\n<p>&nbsp;<\/p>\n<p>\u00c9preuve \u00e9crite de physique A \u2013 XE<\/p>\n<p><a href=\"https:\/\/banques-ecoles.fr\/cms\/wp-content\/uploads\/2016\/01\/15_pc_rap_ephyb.pdf\">\u00c9preuve\u00a0\u00e9crite de physique B \u2013 XEULC<\/a><\/p>\n<p><a href=\"https:\/\/banques-ecoles.fr\/cms\/wp-content\/uploads\/2015\/07\/15_pc_rap_ephyc.pdf\">\u00c9preuve \u00e9crite de physique C \u2013 U<\/a><\/p>\n<p>\u00c9preuve\u00a0\u00e9crite de physique-chimie \u2013 L<\/p>\n<p><a href=\"https:\/\/banques-ecoles.fr\/cms\/wp-content\/uploads\/2015\/12\/15_pc_rap_echia.pdf\">\u00c9preuve\u00a0\u00e9crite de chimie A &#8211; XEULC<\/a><\/p>\n<p><a href=\"https:\/\/banques-ecoles.fr\/cms\/wp-content\/uploads\/2015\/07\/15_pc_rap_echib.pdf\">\u00c9preuve \u00e9crite de chimie B \u2013 U<\/a><\/p>\n<p><a href=\"https:\/\/banques-ecoles.fr\/cms\/wp-content\/uploads\/2016\/01\/15_pc_rap_emath.pdf\">\u00c9preuve\u00a0\u00e9crite de math\u00e9matiques \u2013 XEULC<\/a><\/p>\n<p><a href=\"https:\/\/banques-ecoles.fr\/cms\/wp-content\/uploads\/2016\/01\/15_pc_rap_einfob.pdf\">\u00c9preuve\u00a0\u00e9crite de d\u2019informatique 2h \u2013 XEC<\/a><\/p>\n<p><a href=\"https:\/\/banques-ecoles.fr\/cms\/wp-content\/uploads\/2016\/01\/15_mp_pc_rap_efr.pdf\">\u00c9preuve\u00a0\u00e9crite de fran\u00e7ais &#8211; 4h &#8211; XEULC<\/a><\/p>\n<p>\u00c9preuve \u00e9crite\u00a0\u00e9crite de LV &#8211; 4h &#8211; XEULC<\/p>\n<ul>\n<li>anglais<\/li>\n<li><a href=\"https:\/\/banques-ecoles.fr\/cms\/wp-content\/uploads\/2016\/01\/15_mp_pc_rap_elvall.pdf\">allemand<\/a><\/li>\n<li>arabe<\/li>\n<li>chinois<\/li>\n<li>espagnol<\/li>\n<\/ul>\n<p><a href=\"https:\/\/banques-ecoles.fr\/cms\/wp-content\/uploads\/2015\/08\/15_pc_rap_oral_phy_lc_20150807.pdf\">\u00c9preuve orale de physique \u2013 LC<\/a><\/p>\n<p><a href=\"https:\/\/banques-ecoles.fr\/cms\/wp-content\/uploads\/2015\/07\/15_pc_rap_ophyu.pdf\">\u00c9preuve orale de physique \u2013 U<\/a><\/p>\n<p><a href=\"https:\/\/banques-ecoles.fr\/cms\/wp-content\/uploads\/2015\/07\/15_pc_rap_ochi_lc.pdf\">\u00c9preuve orale de chimie \u2013 LC<\/a><\/p>\n<p><a href=\"https:\/\/banques-ecoles.fr\/cms\/wp-content\/uploads\/2015\/07\/15_pc_rap_ochiu.pdf\">\u00c9preuve orale de chimie \u2013 U<\/a><\/p>\n<p>\u00c9preuve orale de math\u00e9matiques \u2013 UL<\/p>\n<p><a href=\"https:\/\/banques-ecoles.fr\/cms\/wp-content\/uploads\/2015\/08\/15_pc_rap_otpchi.pdf\">\u00c9preuve de TP de chimie &#8211; ULC<\/a><\/p>\n<p><a href=\"https:\/\/banques-ecoles.fr\/cms\/wp-content\/uploads\/2015\/07\/15_pc_rap_otpphy.pdf\">\u00c9preuve de TP de physique &#8211; ULC<\/a><\/p>\n<p><a href=\"https:\/\/banques-ecoles.fr\/cms\/wp-content\/uploads\/2015\/12\/15_pc_rap_tipe.pdf\">\u00c9preuve de TIPE physique-chimie &#8211; ULC<\/a><\/p>\n<p>\u00c9preuve orale de LV &#8211;\u00a0XEULC<\/p>\n<ul>\n<li><a href=\"https:\/\/banques-ecoles.fr\/cms\/wp-content\/uploads\/2016\/01\/15_mp_pc_rap_olvall.pdf\">allemand<\/a><\/li>\n<li><a href=\"https:\/\/banques-ecoles.fr\/cms\/wp-content\/uploads\/2016\/01\/15_mp_pc_rap_olvang.pdf\">anglais<\/a><\/li>\n<li>arabe<\/li>\n<li><a href=\"https:\/\/banques-ecoles.fr\/cms\/wp-content\/uploads\/2016\/01\/15_mp_pc_rap_olvchi.pdf\">chinois<\/a><\/li>\n<li>espagnol<\/li>\n<\/ul>\n","protected":false},"excerpt":{"rendered":"<p>Rapports sur les \u00e9preuves de la banque PC2015. &nbsp; \u00c9preuve \u00e9crite de physique A \u2013 XE \u00c9preuve\u00a0\u00e9crite de physique B \u2013 XEULC \u00c9preuve \u00e9crite de physique C \u2013 U \u00c9preuve\u00a0\u00e9crite de physique-chimie \u2013 L \u00c9preuve\u00a0\u00e9crite de chimie A &#8211; XEULC <a href=\"https:\/\/banques-ecoles.fr\/cms\/filiere-pc\/rapports-des-jurys-de-la-banque-pc\/session-2015\/\">[Lire la suite]<\/a><\/p>\n","protected":false},"author":5,"featured_media":0,"parent":969,"menu_order":0,"comment_status":"closed","ping_status":"open","template":"","meta":{"footnotes":""},"class_list":["post-4263","page","type-page","status-publish","hentry"],"_links":{"self":[{"href":"https:\/\/banques-ecoles.fr\/cms\/wp-json\/wp\/v2\/pages\/4263","targetHints":{"allow":["GET"]}}],"collection":[{"href":"https:\/\/banques-ecoles.fr\/cms\/wp-json\/wp\/v2\/pages"}],"about":[{"href":"https:\/\/banques-ecoles.fr\/cms\/wp-json\/wp\/v2\/types\/page"}],"author":[{"embeddable":true,"href":"https:\/\/banques-ecoles.fr\/cms\/wp-json\/wp\/v2\/users\/5"}],"replies":[{"embeddable":true,"href":"https:\/\/banques-ecoles.fr\/cms\/wp-json\/wp\/v2\/comments?post=4263"}],"version-history":[{"count":20,"href":"https:\/\/banques-ecoles.fr\/cms\/wp-json\/wp\/v2\/pages\/4263\/revisions"}],"predecessor-version":[{"id":4680,"href":"https:\/\/banques-ecoles.fr\/cms\/wp-json\/wp\/v2\/pages\/4263\/revisions\/4680"}],"up":[{"embeddable":true,"href":"https:\/\/banques-ecoles.fr\/cms\/wp-json\/wp\/v2\/pages\/969"}],"wp:attachment":[{"href":"https:\/\/banques-ecoles.fr\/cms\/wp-json\/wp\/v2\/media?parent=4263"}],"curies":[{"name":"wp","href":"https:\/\/api.w.org\/{rel}","templated":true}]}}