{"id":4811,"date":"2016-04-11T12:08:06","date_gmt":"2016-04-11T10:08:06","guid":{"rendered":"https:\/\/banques-ecoles.fr\/cms\/?page_id=4811"},"modified":"2018-02-05T12:12:13","modified_gmt":"2018-02-05T10:12:13","slug":"session-2016-2","status":"publish","type":"page","link":"https:\/\/banques-ecoles.fr\/cms\/session-2016-2\/","title":{"rendered":"Session 2016"},"content":{"rendered":"<p><strong>Banque d&rsquo;\u00c9preuves Litt\u00e9raires &#8211; Session 2016<\/strong><\/p>\n<p><a href=\"https:\/\/banques-ecoles.fr\/cms\/wp-content\/uploads\/2016\/04\/liste-des-centres-d-ecrit-bel-2016.pdf\">Liste des centres d&rsquo;\u00e9crit de la BEL<\/a><\/p>\n<p><a href=\"https:\/\/banques-ecoles.fr\/cms\/wp-content\/uploads\/2016\/03\/Plan-dacc%C3%A8s-Espace-Jean-Monnet-Rungis.pdf\" rel=\"\">Plan d&rsquo;acc\u00e8s Espace Jean Monnet Rungis<\/a><\/p>\n<p><a href=\"https:\/\/banques-ecoles.fr\/cms\/wp-content\/uploads\/2016\/03\/Liste-des-dictionnaires-pour-l\u00e9preuve-de-commentaire-Article-2-de-larr\u00eat\u00e9-du-22-octobre-2015.pdf\">Liste des dictionnaires pour l&rsquo;\u00e9preuve de commentaire et traduction<\/a><\/p>\n<p>&nbsp;<\/p>\n<p><span style=\"text-decoration: underline;\">Sujets des \u00e9preuves \u00e9crites :<\/span><\/p>\n<h4>\u00c9preuves communes<\/h4>\n<ul>\n<li><a href=\"https:\/\/banques-ecoles.fr\/cms\/wp-content\/uploads\/2016\/04\/16_BEL_Composition-dhistoire.pdf\">Composition d&rsquo;histoire<\/a><\/li>\n<li><a href=\"https:\/\/banques-ecoles.fr\/cms\/wp-content\/uploads\/2016\/04\/16_BEL_Composition-fran\u00e7aise.pdf\">Composition fran\u00e7aise<\/a><\/li>\n<li><a href=\"https:\/\/banques-ecoles.fr\/cms\/wp-content\/uploads\/2016\/04\/16_BEL_Composition-de-philosophie.pdf\">Composition de philosophie<\/a><\/li>\n<li><a href=\"https:\/\/banques-ecoles.fr\/cms\/wp-content\/uploads\/2016\/04\/16_BEL_Commentaire-en-LVE-et-traduction.pdf\">Commentaire d&rsquo;un texte en LVE et traduction<\/a><\/li>\n<li><a href=\"https:\/\/banques-ecoles.fr\/cms\/wp-content\/uploads\/2016\/04\/16_BEL_Epreuves-en-arts.pdf\">\u00c9preuves d&rsquo;options artistiques<\/a><\/li>\n<\/ul>\n<h4>\u00c9preuves sp\u00e9cifiques ENS de Lyon<\/h4>\n<ul>\n<li><a href=\"https:\/\/banques-ecoles.fr\/cms\/wp-content\/uploads\/2016\/04\/16_BEL_Composition-de-g\u00e9ographie-Lyon.pdf\">Composition de g\u00e9ographie<\/a><\/li>\n<li><a href=\"https:\/\/banques-ecoles.fr\/cms\/wp-content\/uploads\/2016\/04\/16_BEL_Epreuve_de_sp\u00e9cialit\u00e9_Lyon.pdf\">Epreuve de sp\u00e9cialit\u00e9<\/a><\/li>\n<li><a href=\"https:\/\/banques-ecoles.fr\/cms\/wp-content\/uploads\/2016\/04\/16_BEL_Epreuve-de-sp\u00e9cialit\u00e9-version-grecque.pdf\">Epreuve de sp\u00e9cialit\u00e9 version grecque<\/a><\/li>\n<li><a href=\"https:\/\/banques-ecoles.fr\/cms\/wp-content\/uploads\/2016\/04\/16_BEL_Commentaire-de-carte-g\u00e9ographique.pdf\">Commentaire de carte g\u00e9ographique<\/a><\/li>\n<\/ul>\n<h4>\u00c9preuves sp\u00e9cifiques ENS de Paris<\/h4>\n<ul>\n<li>langue et culture anciennes<\/li>\n<li>\u00e9preuve \u00e0 option<\/li>\n<\/ul>\n","protected":false},"excerpt":{"rendered":"<p>Banque d&rsquo;\u00c9preuves Litt\u00e9raires &#8211; Session 2016 Liste des centres d&rsquo;\u00e9crit de la BEL Plan d&rsquo;acc\u00e8s Espace Jean Monnet Rungis Liste des dictionnaires pour l&rsquo;\u00e9preuve de commentaire et traduction &nbsp; Sujets des \u00e9preuves \u00e9crites : \u00c9preuves communes Composition d&rsquo;histoire Composition fran\u00e7aise <a href=\"https:\/\/banques-ecoles.fr\/cms\/session-2016-2\/\">[Lire la suite]<\/a><\/p>\n","protected":false},"author":1,"featured_media":0,"parent":0,"menu_order":0,"comment_status":"closed","ping_status":"closed","template":"","meta":{"footnotes":""},"class_list":["post-4811","page","type-page","status-publish","hentry"],"_links":{"self":[{"href":"https:\/\/banques-ecoles.fr\/cms\/wp-json\/wp\/v2\/pages\/4811","targetHints":{"allow":["GET"]}}],"collection":[{"href":"https:\/\/banques-ecoles.fr\/cms\/wp-json\/wp\/v2\/pages"}],"about":[{"href":"https:\/\/banques-ecoles.fr\/cms\/wp-json\/wp\/v2\/types\/page"}],"author":[{"embeddable":true,"href":"https:\/\/banques-ecoles.fr\/cms\/wp-json\/wp\/v2\/users\/1"}],"replies":[{"embeddable":true,"href":"https:\/\/banques-ecoles.fr\/cms\/wp-json\/wp\/v2\/comments?post=4811"}],"version-history":[{"count":18,"href":"https:\/\/banques-ecoles.fr\/cms\/wp-json\/wp\/v2\/pages\/4811\/revisions"}],"predecessor-version":[{"id":5728,"href":"https:\/\/banques-ecoles.fr\/cms\/wp-json\/wp\/v2\/pages\/4811\/revisions\/5728"}],"wp:attachment":[{"href":"https:\/\/banques-ecoles.fr\/cms\/wp-json\/wp\/v2\/media?parent=4811"}],"curies":[{"name":"wp","href":"https:\/\/api.w.org\/{rel}","templated":true}]}}