{"id":4857,"date":"2016-04-22T17:31:21","date_gmt":"2016-04-22T15:31:21","guid":{"rendered":"https:\/\/banques-ecoles.fr\/cms\/?page_id=4857"},"modified":"2017-03-25T11:00:40","modified_gmt":"2017-03-25T09:00:40","slug":"session-2016-3","status":"publish","type":"page","link":"https:\/\/banques-ecoles.fr\/cms\/filiere-mp\/annales-de-la-banque-i\/session-2016-3\/","title":{"rendered":"Session 2016"},"content":{"rendered":"<p><strong>Sujets des \u00e9preuves \u00e9crites de la banque MP\/Info 2016 :<\/strong><\/p>\n<p>&nbsp;<\/p>\n<p>&nbsp;<\/p>\n<p><a href=\"https:\/\/banques-ecoles.fr\/cms\/wp-content\/uploads\/2016\/05\/16_mpi_sujet_mathc.pdf\">\u00c9preuve \u00e9crite de Math C &#8211; 4h &#8211; MP ULCR<\/a><\/p>\n<p><a href=\"https:\/\/banques-ecoles.fr\/cms\/wp-content\/uploads\/2016\/05\/16_mp_sujet_Info_a.pdf\" target=\"_blank\">\u00c9preuve \u00e9crite de Info A &#8211; 4h &#8211; MP XULCR<\/a><\/p>\n<p><a href=\"https:\/\/banques-ecoles.fr\/cms\/wp-content\/uploads\/2016\/05\/16_mppc_sujet_Info_2h.pdf\" target=\"_blank\">\u00c9preuve \u00e9crite de Info B &#8211; 2h &#8211; MP-PC XELCR<\/a><\/p>\n<p><a href=\"https:\/\/banques-ecoles.fr\/cms\/wp-content\/uploads\/2016\/05\/16_mp_sujet_phys_xulcr.pdf\" target=\"_blank\">\u00c9preuve \u00e9crite de Physique &#8211; 4h &#8211; MP XULCR<\/a><\/p>\n<p><a href=\"https:\/\/banques-ecoles.fr\/cms\/wp-content\/uploads\/2016\/05\/16_mpi_sujet_infomath.pdf\">\u00c9preuve \u00e9crite de Info-Math &#8211; 4h &#8211; MP ULCR<\/a><\/p>\n<p><a href=\"https:\/\/banques-ecoles.fr\/cms\/wp-content\/uploads\/2016\/05\/16_mppc_sujet_franc.pdf\">\u00c9preuve \u00e9crite de fran\u00e7ais &#8211; 4h &#8211; MP-PC XEULCR<\/a><\/p>\n<p>&nbsp;<\/p>\n<p><span style=\"text-decoration: underline;\"><em>\u00c9preuve \u00e9crite\u00a0de LV &#8211; 4h &#8211; MP-PC XEULCR :<\/em><\/span><\/p>\n<ul>\n<li><a href=\"https:\/\/banques-ecoles.fr\/cms\/wp-content\/uploads\/2017\/03\/16_MP-PC_sujet_Eall.pdf\" target=\"_blank\">allemand<\/a><\/li>\n<li><a href=\"https:\/\/banques-ecoles.fr\/cms\/wp-content\/uploads\/2017\/03\/16_MP-PC_sujet_Eang.pdf\" target=\"_blank\">anglais<\/a><\/li>\n<li><a href=\"https:\/\/banques-ecoles.fr\/cms\/wp-content\/uploads\/2017\/03\/16_MP-PC_sujet_Earabe.pdf\" target=\"_blank\">arabe<\/a><\/li>\n<li><a href=\"https:\/\/banques-ecoles.fr\/cms\/wp-content\/uploads\/2017\/03\/16_MP-PC_sujet_Echin.pdf\" target=\"_blank\">chinois<\/a><\/li>\n<li><a href=\"https:\/\/banques-ecoles.fr\/cms\/wp-content\/uploads\/2017\/03\/16_MP-PC_sujet_Eesp.pdf\" target=\"_blank\">espagnol<\/a><\/li>\n<\/ul>\n","protected":false},"excerpt":{"rendered":"<p>Sujets des \u00e9preuves \u00e9crites de la banque MP\/Info 2016 : &nbsp; &nbsp; \u00c9preuve \u00e9crite de Math C &#8211; 4h &#8211; MP ULCR \u00c9preuve \u00e9crite de Info A &#8211; 4h &#8211; MP XULCR \u00c9preuve \u00e9crite de Info B &#8211; 2h &#8211; <a href=\"https:\/\/banques-ecoles.fr\/cms\/filiere-mp\/annales-de-la-banque-i\/session-2016-3\/\">[Lire la suite]<\/a><\/p>\n","protected":false},"author":5,"featured_media":0,"parent":727,"menu_order":0,"comment_status":"closed","ping_status":"closed","template":"","meta":{"footnotes":""},"class_list":["post-4857","page","type-page","status-publish","hentry"],"_links":{"self":[{"href":"https:\/\/banques-ecoles.fr\/cms\/wp-json\/wp\/v2\/pages\/4857","targetHints":{"allow":["GET"]}}],"collection":[{"href":"https:\/\/banques-ecoles.fr\/cms\/wp-json\/wp\/v2\/pages"}],"about":[{"href":"https:\/\/banques-ecoles.fr\/cms\/wp-json\/wp\/v2\/types\/page"}],"author":[{"embeddable":true,"href":"https:\/\/banques-ecoles.fr\/cms\/wp-json\/wp\/v2\/users\/5"}],"replies":[{"embeddable":true,"href":"https:\/\/banques-ecoles.fr\/cms\/wp-json\/wp\/v2\/comments?post=4857"}],"version-history":[{"count":23,"href":"https:\/\/banques-ecoles.fr\/cms\/wp-json\/wp\/v2\/pages\/4857\/revisions"}],"predecessor-version":[{"id":5634,"href":"https:\/\/banques-ecoles.fr\/cms\/wp-json\/wp\/v2\/pages\/4857\/revisions\/5634"}],"up":[{"embeddable":true,"href":"https:\/\/banques-ecoles.fr\/cms\/wp-json\/wp\/v2\/pages\/727"}],"wp:attachment":[{"href":"https:\/\/banques-ecoles.fr\/cms\/wp-json\/wp\/v2\/media?parent=4857"}],"curies":[{"name":"wp","href":"https:\/\/api.w.org\/{rel}","templated":true}]}}