{"id":4861,"date":"2016-04-22T17:36:39","date_gmt":"2016-04-22T15:36:39","guid":{"rendered":"https:\/\/banques-ecoles.fr\/cms\/?page_id=4861"},"modified":"2017-03-25T10:59:48","modified_gmt":"2017-03-25T08:59:48","slug":"session-2016-3","status":"publish","type":"page","link":"https:\/\/banques-ecoles.fr\/cms\/filiere-mp\/annales-de-la-banque-mmpmpi\/session-2016-3\/","title":{"rendered":"Session 2016"},"content":{"rendered":"<p><strong>Sujets des \u00e9preuves \u00e9crites de la banque M\/MP-M\/MPI 2016 :<\/strong><\/p>\n<p>&nbsp;<\/p>\n<p><a href=\"https:\/\/banques-ecoles.fr\/cms\/wp-content\/uploads\/2016\/05\/16_mp_sujet_maths_a.pdf\" target=\"_blank\">\u00c9preuve \u00e9crite de Math A &#8211; 4h &#8211; MP XLCR<\/a><\/p>\n<p>(<a href=\"https:\/\/banques-ecoles.fr\/cms\/wp-content\/uploads\/2016\/05\/16_mp_sujets_maths_b.pdf\" target=\"_blank\">\u00c9preuve \u00e9crite de Math B &#8211; 4h &#8211; MP X<\/a>)<\/p>\n<p><a href=\"https:\/\/banques-ecoles.fr\/cms\/wp-content\/uploads\/2016\/05\/16_mpi_sujet_mathc.pdf\">\u00c9preuve \u00e9crite de Math C &#8211; 4h &#8211; MP ULCR<\/a><\/p>\n<p><a href=\"https:\/\/banques-ecoles.fr\/cms\/wp-content\/uploads\/2016\/05\/16_mpi_sujet_mathd.pdf\">\u00c9preuve \u00e9crite de Math D &#8211; 6h &#8211; MP U<\/a><\/p>\n<p><a href=\"https:\/\/banques-ecoles.fr\/cms\/wp-content\/uploads\/2016\/05\/16_mp_sujet_Info_a.pdf\" target=\"_blank\">\u00c9preuve \u00e9crite de Info A &#8211; 4h &#8211; MP XULCR<\/a><\/p>\n<p><a href=\"https:\/\/banques-ecoles.fr\/cms\/wp-content\/uploads\/2016\/05\/16_mppc_sujet_Info_2h.pdf\" target=\"_blank\">\u00c9preuve \u00e9crite de Info B &#8211; 2h &#8211; MP-PC XELCR<\/a><\/p>\n<p><a href=\"https:\/\/banques-ecoles.fr\/cms\/wp-content\/uploads\/2016\/05\/16_mp_sujet_phys_xulcr.pdf\" target=\"_blank\">\u00c9preuve \u00e9crite de Physique &#8211; 4h &#8211; MP XULCR<\/a><\/p>\n<p><a href=\"https:\/\/banques-ecoles.fr\/cms\/wp-content\/uploads\/2017\/03\/16_MP_sujet_Einfomath.pdf\" target=\"_blank\">\u00c9preuve \u00e9crite de Info-Math &#8211; 4h &#8211; MP ULCR<\/a><\/p>\n<p>(<a href=\"https:\/\/banques-ecoles.fr\/cms\/wp-content\/uploads\/2016\/05\/16_mp_sujet_physSI.pdf\" target=\"_blank\">\u00c9preuve \u00e9crite de P&amp;SI &#8211; 4h &#8211; MP X<\/a>)<\/p>\n<p><a href=\"https:\/\/banques-ecoles.fr\/cms\/wp-content\/uploads\/2016\/05\/16_mppc_sujet_franc.pdf\">\u00c9preuve \u00e9crite de fran\u00e7ais &#8211; 4h &#8211; MP-PC XEULCR<\/a><\/p>\n<p>&nbsp;<\/p>\n<p><span style=\"text-decoration: underline;\"><em>\u00c9preuve \u00e9crite de LV &#8211; 4h &#8211; MP-PC XEULCR :<\/em><\/span><\/p>\n<ul>\n<li><a href=\"https:\/\/banques-ecoles.fr\/cms\/wp-content\/uploads\/2016\/06\/16_mp_pc__LV_Allemand_XEULC.pdf\" target=\"_blank\">allemand<\/a><\/li>\n<li><a href=\"https:\/\/banques-ecoles.fr\/cms\/wp-content\/uploads\/2016\/06\/16_mp_pc_LV_Anglais_XEULCR.pdf\" target=\"_blank\">anglais<\/a><\/li>\n<li><a href=\"https:\/\/banques-ecoles.fr\/cms\/wp-content\/uploads\/2016\/06\/16_mp_pc_sujet_-Arabe-XEULCR.pdf\" target=\"_blank\">arabe<\/a><\/li>\n<li><a href=\"https:\/\/banques-ecoles.fr\/cms\/wp-content\/uploads\/2016\/06\/2016_mp_pc_sujet_-chinoisXEULCR.pdf\" target=\"_blank\">chinois<\/a><\/li>\n<li><a href=\"https:\/\/banques-ecoles.fr\/cms\/wp-content\/uploads\/2016\/06\/16_mp_pc_LV_Espagnol_XEULCR.pdf\" target=\"_blank\">espagnol<\/a><\/li>\n<\/ul>\n","protected":false},"excerpt":{"rendered":"<p>Sujets des \u00e9preuves \u00e9crites de la banque M\/MP-M\/MPI 2016 : &nbsp; \u00c9preuve \u00e9crite de Math A &#8211; 4h &#8211; MP XLCR (\u00c9preuve \u00e9crite de Math B &#8211; 4h &#8211; MP X) \u00c9preuve \u00e9crite de Math C &#8211; 4h &#8211; MP <a href=\"https:\/\/banques-ecoles.fr\/cms\/filiere-mp\/annales-de-la-banque-mmpmpi\/session-2016-3\/\">[Lire la suite]<\/a><\/p>\n","protected":false},"author":5,"featured_media":0,"parent":728,"menu_order":0,"comment_status":"closed","ping_status":"closed","template":"","meta":{"footnotes":""},"class_list":["post-4861","page","type-page","status-publish","hentry"],"_links":{"self":[{"href":"https:\/\/banques-ecoles.fr\/cms\/wp-json\/wp\/v2\/pages\/4861","targetHints":{"allow":["GET"]}}],"collection":[{"href":"https:\/\/banques-ecoles.fr\/cms\/wp-json\/wp\/v2\/pages"}],"about":[{"href":"https:\/\/banques-ecoles.fr\/cms\/wp-json\/wp\/v2\/types\/page"}],"author":[{"embeddable":true,"href":"https:\/\/banques-ecoles.fr\/cms\/wp-json\/wp\/v2\/users\/5"}],"replies":[{"embeddable":true,"href":"https:\/\/banques-ecoles.fr\/cms\/wp-json\/wp\/v2\/comments?post=4861"}],"version-history":[{"count":19,"href":"https:\/\/banques-ecoles.fr\/cms\/wp-json\/wp\/v2\/pages\/4861\/revisions"}],"predecessor-version":[{"id":5633,"href":"https:\/\/banques-ecoles.fr\/cms\/wp-json\/wp\/v2\/pages\/4861\/revisions\/5633"}],"up":[{"embeddable":true,"href":"https:\/\/banques-ecoles.fr\/cms\/wp-json\/wp\/v2\/pages\/728"}],"wp:attachment":[{"href":"https:\/\/banques-ecoles.fr\/cms\/wp-json\/wp\/v2\/media?parent=4861"}],"curies":[{"name":"wp","href":"https:\/\/api.w.org\/{rel}","templated":true}]}}