{"id":4865,"date":"2016-04-22T17:41:53","date_gmt":"2016-04-22T15:41:53","guid":{"rendered":"https:\/\/banques-ecoles.fr\/cms\/?page_id=4865"},"modified":"2017-05-01T20:38:38","modified_gmt":"2017-05-01T18:38:38","slug":"session-2016","status":"publish","type":"page","link":"https:\/\/banques-ecoles.fr\/cms\/filiere-mp\/rapports-des-jurys-de-la-banque-i\/session-2016\/","title":{"rendered":"Session 2016"},"content":{"rendered":"<div>\n<p><strong>Rapports de jury de la banque MP\/Info 2016 :<\/strong><\/p>\n<p>&nbsp;<\/p>\n<p><a href=\"https:\/\/banques-ecoles.fr\/cms\/wp-content\/uploads\/2016\/06\/16_mp_rap_math_c.pdf\">\u00c9preuve \u00e9crite de Math C \u2013 ULCR<\/a><\/p>\n<p><a href=\"https:\/\/banques-ecoles.fr\/cms\/wp-content\/uploads\/2016\/11\/16_mp_rap_ephy.pdf\">\u00c9preuve \u00e9crite de physique \u2013 XULCR<\/a><\/p>\n<p><a href=\"https:\/\/banques-ecoles.fr\/cms\/wp-content\/uploads\/2016\/11\/16_mp_rap_einfo_a.pdf\">\u00c9preuve \u00e9crite de Info A 4h \u2013 XULCR<\/a><\/p>\n<p><a href=\"https:\/\/banques-ecoles.fr\/cms\/wp-content\/uploads\/2016\/07\/16_info_rap_einfomath.pdf\">\u00c9preuve \u00e9crite d&rsquo;Info-Math 4h &#8211; ULCR<\/a><\/p>\n<p><a href=\"https:\/\/banques-ecoles.fr\/cms\/wp-content\/uploads\/2017\/03\/16_MP-PC_rap_Efra.pdf\" target=\"_blank\">\u00c9preuve \u00e9crite\u00a0de fran\u00e7ais &#8211; 4h &#8211; XULCR<\/a><\/p>\n<p>&nbsp;<\/p>\n<p><span style=\"text-decoration: underline;\"><em>\u00c9preuve \u00e9crite\u00a0\u00e9crite de LV &#8211; 4h &#8211; XULCR :<\/em><\/span><\/p>\n<ul>\n<li><a href=\"https:\/\/banques-ecoles.fr\/cms\/wp-content\/uploads\/2017\/03\/16_MP-PC_rap_Eang.pdf\" target=\"_blank\">anglais<\/a><\/li>\n<li><a href=\"https:\/\/banques-ecoles.fr\/cms\/wp-content\/uploads\/2017\/03\/16_MP-PC_rap_Eall.pdf\" target=\"_blank\">allemand<\/a><\/li>\n<li><a href=\"https:\/\/banques-ecoles.fr\/cms\/wp-content\/uploads\/2017\/03\/16_MP-PC_rap_Earabe.pdf\" target=\"_blank\">arabe<\/a><\/li>\n<li><a href=\"https:\/\/banques-ecoles.fr\/cms\/wp-content\/uploads\/2017\/03\/16_MP-PC_rap_Echin.pdf\" target=\"_blank\">chinois<\/a><\/li>\n<li><a href=\"https:\/\/banques-ecoles.fr\/cms\/wp-content\/uploads\/2017\/03\/16_MP-PC_rap_Eesp.pdf\" target=\"_blank\">espagnol<\/a><\/li>\n<\/ul>\n<p><a href=\"https:\/\/banques-ecoles.fr\/cms\/wp-content\/uploads\/2016\/10\/16_mp_rap_omath_ulcr.pdf\">\u00c9preuve orale de math\u00e9matiques \u2013 ULCR<\/a><\/p>\n<p><a href=\"https:\/\/banques-ecoles.fr\/cms\/wp-content\/uploads\/2017\/04\/16_mp_rap_ophy_clr.pdf\" target=\"_blank\">\u00c9preuve orale\u00a0de physique \u2013 LCR<\/a><\/p>\n<p><a href=\"https:\/\/banques-ecoles.fr\/cms\/wp-content\/uploads\/2017\/03\/16_MP_rap_OinfoFond.pdf\" target=\"_blank\">\u00c9preuve orale d\u2019informatique fondamentale \u2013 LCR<\/a><\/p>\n<p><a href=\"https:\/\/banques-ecoles.fr\/cms\/wp-content\/uploads\/2016\/11\/16_mp_rap_oinfo_u.pdf\">\u00c9preuve orale d\u2019informatique &#8211; U<\/a><\/p>\n<p><a href=\"https:\/\/banques-ecoles.fr\/cms\/wp-content\/uploads\/2017\/02\/16_info_rap_TPalgo.pdf\" target=\"_blank\">\u00c9preuve de TP d\u2019algorithmique et programmation \u2013 ULCR<\/a><\/p>\n<p>&nbsp;<\/p>\n<p><span style=\"text-decoration: underline;\"><em>\u00c9preuve de TIPE &#8211; ULCR :<\/em><\/span><\/p>\n<ul>\n<li><a href=\"https:\/\/banques-ecoles.fr\/cms\/wp-content\/uploads\/2017\/04\/16_MP_rap_TIPEinfo.pdf\" target=\"_blank\">informatique<\/a><\/li>\n<li><a href=\"https:\/\/banques-ecoles.fr\/cms\/wp-content\/uploads\/2016\/10\/16_mp_rap_tipemath.pdf\">math\u00e9matiques<\/a><\/li>\n<li><a href=\"https:\/\/banques-ecoles.fr\/cms\/wp-content\/uploads\/2016\/09\/16_mp_rap_tipe_phy.pdf\">physique<\/a><\/li>\n<\/ul>\n<p><span style=\"text-decoration: underline;\"><em>\u00c9preuve orale\u00a0de LV &#8211; 4h &#8211; XULCR :<\/em><\/span><\/p>\n<ul>\n<li><a href=\"https:\/\/banques-ecoles.fr\/cms\/wp-content\/uploads\/2017\/03\/16_MP-PC_rap_Oang.pdf\" target=\"_blank\">anglais<\/a><\/li>\n<li><a href=\"https:\/\/banques-ecoles.fr\/cms\/wp-content\/uploads\/2017\/03\/16_MP-PC_rap_Oall.pdf\" target=\"_blank\">allemand<\/a><\/li>\n<li><a href=\"https:\/\/banques-ecoles.fr\/cms\/wp-content\/uploads\/2017\/03\/16_MP-PC_rap_Oarabe.pdf\" target=\"_blank\">arabe<\/a><\/li>\n<li><a href=\"https:\/\/banques-ecoles.fr\/cms\/wp-content\/uploads\/2017\/03\/16_MP-PC_rap_Ochin.pdf\" target=\"_blank\">chinois<\/a><\/li>\n<li><a href=\"https:\/\/banques-ecoles.fr\/cms\/wp-content\/uploads\/2017\/03\/16_MP-PC_rap_Oesp.pdf\" target=\"_blank\">espagnol<\/a><\/li>\n<\/ul>\n<\/div>\n<div><\/div>\n","protected":false},"excerpt":{"rendered":"<p>Rapports de jury de la banque MP\/Info 2016 : &nbsp; \u00c9preuve \u00e9crite de Math C \u2013 ULCR \u00c9preuve \u00e9crite de physique \u2013 XULCR \u00c9preuve \u00e9crite de Info A 4h \u2013 XULCR \u00c9preuve \u00e9crite d&rsquo;Info-Math 4h &#8211; ULCR \u00c9preuve \u00e9crite\u00a0de fran\u00e7ais <a href=\"https:\/\/banques-ecoles.fr\/cms\/filiere-mp\/rapports-des-jurys-de-la-banque-i\/session-2016\/\">[Lire la suite]<\/a><\/p>\n","protected":false},"author":5,"featured_media":0,"parent":729,"menu_order":0,"comment_status":"closed","ping_status":"closed","template":"","meta":{"footnotes":""},"class_list":["post-4865","page","type-page","status-publish","hentry"],"_links":{"self":[{"href":"https:\/\/banques-ecoles.fr\/cms\/wp-json\/wp\/v2\/pages\/4865","targetHints":{"allow":["GET"]}}],"collection":[{"href":"https:\/\/banques-ecoles.fr\/cms\/wp-json\/wp\/v2\/pages"}],"about":[{"href":"https:\/\/banques-ecoles.fr\/cms\/wp-json\/wp\/v2\/types\/page"}],"author":[{"embeddable":true,"href":"https:\/\/banques-ecoles.fr\/cms\/wp-json\/wp\/v2\/users\/5"}],"replies":[{"embeddable":true,"href":"https:\/\/banques-ecoles.fr\/cms\/wp-json\/wp\/v2\/comments?post=4865"}],"version-history":[{"count":26,"href":"https:\/\/banques-ecoles.fr\/cms\/wp-json\/wp\/v2\/pages\/4865\/revisions"}],"predecessor-version":[{"id":5765,"href":"https:\/\/banques-ecoles.fr\/cms\/wp-json\/wp\/v2\/pages\/4865\/revisions\/5765"}],"up":[{"embeddable":true,"href":"https:\/\/banques-ecoles.fr\/cms\/wp-json\/wp\/v2\/pages\/729"}],"wp:attachment":[{"href":"https:\/\/banques-ecoles.fr\/cms\/wp-json\/wp\/v2\/media?parent=4865"}],"curies":[{"name":"wp","href":"https:\/\/api.w.org\/{rel}","templated":true}]}}