{"id":4877,"date":"2016-04-22T17:58:53","date_gmt":"2016-04-22T15:58:53","guid":{"rendered":"https:\/\/banques-ecoles.fr\/cms\/?page_id=4877"},"modified":"2018-02-12T23:53:26","modified_gmt":"2018-02-12T21:53:26","slug":"session-2016","status":"publish","type":"page","link":"https:\/\/banques-ecoles.fr\/cms\/filiere-pc\/rapports-des-jurys-de-la-banque-pc\/session-2016\/","title":{"rendered":"Session 2016"},"content":{"rendered":"<p><strong>Rapports sur les \u00e9preuves de la banque PC 2016 :<\/strong><\/p>\n<p>&nbsp;<\/p>\n<p><a href=\"https:\/\/banques-ecoles.fr\/cms\/wp-content\/uploads\/2018\/02\/16_PC_rapport_EphyA.pdf\" target=\"_blank\" rel=\"noopener\">\u00c9preuve \u00e9crite de physique A \u2013 XE<\/a><\/p>\n<p><a href=\"https:\/\/banques-ecoles.fr\/cms\/wp-content\/uploads\/2016\/11\/16_pc_rap_ephyb.pdf\">\u00c9preuve \u00e9crite de physique B \u2013 XEULC<\/a><\/p>\n<p><a href=\"https:\/\/banques-ecoles.fr\/cms\/wp-content\/uploads\/2016\/09\/16_pc_rap_ephyc.pdf\">\u00c9preuve \u00e9crite de physique C \u2013 U<\/a><\/p>\n<p><a href=\"https:\/\/banques-ecoles.fr\/cms\/wp-content\/uploads\/2016\/10\/16_pc_rap_phychi_lyon.pdf\">\u00c9preuve \u00e9crite de physique-chimie \u2013 L<\/a><\/p>\n<p><a href=\"https:\/\/banques-ecoles.fr\/cms\/wp-content\/uploads\/2016\/11\/16_pc_rap_echia.pdf\">\u00c9preuve \u00e9crite de chimie A &#8211; XEULC<\/a><\/p>\n<p><a href=\"https:\/\/banques-ecoles.fr\/cms\/wp-content\/uploads\/2016\/10\/16_pc_rap_echib.pdf\">\u00c9preuve \u00e9crite de chimie B \u2013 U<\/a><\/p>\n<p><a href=\"https:\/\/banques-ecoles.fr\/cms\/wp-content\/uploads\/2016\/11\/16_pc_rap_emath.pdf\">\u00c9preuve \u00e9crite de math\u00e9matiques \u2013 XEULC<\/a><\/p>\n<p><a href=\"https:\/\/banques-ecoles.fr\/cms\/wp-content\/uploads\/2017\/03\/16_PC_rap_EinfoB.pdf\" target=\"_blank\" rel=\"noopener\">\u00c9preuve\u00a0\u00e9crite de d\u2019informatique 2h \u2013 XEC<\/a><\/p>\n<p><a href=\"https:\/\/banques-ecoles.fr\/cms\/wp-content\/uploads\/2017\/03\/16_MP-PC_rap_Efra.pdf\" target=\"_blank\" rel=\"noopener\">\u00c9preuve\u00a0\u00e9crite de fran\u00e7ais &#8211; 4h &#8211; XEULC<\/a><\/p>\n<p>&nbsp;<\/p>\n<p><span style=\"text-decoration: underline;\"><em>\u00c9preuve \u00e9crite\u00a0\u00e9crite de LV &#8211; 4h &#8211; XEULC :<\/em><\/span><\/p>\n<ul>\n<li><a href=\"https:\/\/banques-ecoles.fr\/cms\/wp-content\/uploads\/2017\/03\/16_MP-PC_rap_Eang.pdf\" target=\"_blank\" rel=\"noopener\">anglais<\/a><\/li>\n<li><a href=\"https:\/\/banques-ecoles.fr\/cms\/wp-content\/uploads\/2017\/03\/16_MP-PC_rap_Eall.pdf\" target=\"_blank\" rel=\"noopener\">allemand<\/a><\/li>\n<li><a href=\"https:\/\/banques-ecoles.fr\/cms\/wp-content\/uploads\/2017\/03\/16_MP-PC_rap_Earabe.pdf\" target=\"_blank\" rel=\"noopener\">arabe<\/a><\/li>\n<li><a href=\"https:\/\/banques-ecoles.fr\/cms\/wp-content\/uploads\/2017\/03\/16_MP-PC_rap_Echin.pdf\" target=\"_blank\" rel=\"noopener\">chinois<\/a><\/li>\n<li><a href=\"https:\/\/banques-ecoles.fr\/cms\/wp-content\/uploads\/2017\/03\/16_MP-PC_rap_Eesp.pdf\" target=\"_blank\" rel=\"noopener\">espagnol<\/a><\/li>\n<\/ul>\n<p><a href=\"https:\/\/banques-ecoles.fr\/cms\/wp-content\/uploads\/2016\/09\/16_pc_rap_ophy_lc.pdf\">\u00c9preuve orale de physique \u2013 LC<\/a><\/p>\n<p><a href=\"https:\/\/banques-ecoles.fr\/cms\/wp-content\/uploads\/2016\/09\/16_pc_rap_ophyu.pdf\">\u00c9preuve orale de physique \u2013 U<\/a><\/p>\n<p><a href=\"https:\/\/banques-ecoles.fr\/cms\/wp-content\/uploads\/2016\/07\/16_pc_rap_ochi_lc.pdf\">\u00c9preuve orale de chimie \u2013 LC<\/a><\/p>\n<p><a href=\"https:\/\/banques-ecoles.fr\/cms\/wp-content\/uploads\/2016\/10\/16_pc_rap_ochiu.pdf\">\u00c9preuve orale de chimie \u2013 U<\/a><\/p>\n<p><a href=\"https:\/\/banques-ecoles.fr\/cms\/wp-content\/uploads\/2017\/03\/16_PC_rap_Omath.pdf\" target=\"_blank\" rel=\"noopener\">\u00c9preuve orale de math\u00e9matiques \u2013 UL<\/a><\/p>\n<p><a href=\"https:\/\/banques-ecoles.fr\/cms\/wp-content\/uploads\/2016\/07\/16_pc_rap_otpchi.pdf\">\u00c9preuve de TP de chimie &#8211; ULC<\/a><\/p>\n<p><a href=\"https:\/\/banques-ecoles.fr\/cms\/wp-content\/uploads\/2016\/09\/16_pc_rap_tp_phy.pdf\">\u00c9preuve de TP de physique &#8211; ULC<\/a><\/p>\n<p><a href=\"https:\/\/banques-ecoles.fr\/cms\/wp-content\/uploads\/2016\/10\/16_pc_rap_tipe.pdf\">\u00c9preuve de TIPE physique-chimie &#8211; ULC<\/a><\/p>\n<p>&nbsp;<\/p>\n<p><span style=\"text-decoration: underline;\"><em>\u00c9preuve orale de LV &#8211;\u00a0XEULC :<\/em><\/span><\/p>\n<ul>\n<li><a href=\"https:\/\/banques-ecoles.fr\/cms\/wp-content\/uploads\/2017\/03\/16_MP-PC_rap_Oall.pdf\" target=\"_blank\" rel=\"noopener\">allemand<\/a><\/li>\n<li><a href=\"https:\/\/banques-ecoles.fr\/cms\/wp-content\/uploads\/2017\/03\/16_MP-PC_rap_Oang.pdf\" target=\"_blank\" rel=\"noopener\">anglais<\/a><\/li>\n<li><a href=\"https:\/\/banques-ecoles.fr\/cms\/wp-content\/uploads\/2017\/03\/16_MP-PC_rap_Oarabe.pdf\" target=\"_blank\" rel=\"noopener\">arabe<\/a><\/li>\n<li><a href=\"https:\/\/banques-ecoles.fr\/cms\/wp-content\/uploads\/2017\/03\/16_MP-PC_rap_Ochin.pdf\" target=\"_blank\" rel=\"noopener\">chinois<\/a><\/li>\n<li><a href=\"https:\/\/banques-ecoles.fr\/cms\/wp-content\/uploads\/2017\/03\/16_MP-PC_rap_Oesp.pdf\" target=\"_blank\" rel=\"noopener\">espagnol<\/a><\/li>\n<\/ul>\n","protected":false},"excerpt":{"rendered":"<p>Rapports sur les \u00e9preuves de la banque PC 2016 : &nbsp; \u00c9preuve \u00e9crite de physique A \u2013 XE \u00c9preuve \u00e9crite de physique B \u2013 XEULC \u00c9preuve \u00e9crite de physique C \u2013 U \u00c9preuve \u00e9crite de physique-chimie \u2013 L \u00c9preuve \u00e9crite <a href=\"https:\/\/banques-ecoles.fr\/cms\/filiere-pc\/rapports-des-jurys-de-la-banque-pc\/session-2016\/\">[Lire la suite]<\/a><\/p>\n","protected":false},"author":5,"featured_media":0,"parent":969,"menu_order":0,"comment_status":"closed","ping_status":"closed","template":"","meta":{"footnotes":""},"class_list":["post-4877","page","type-page","status-publish","hentry"],"_links":{"self":[{"href":"https:\/\/banques-ecoles.fr\/cms\/wp-json\/wp\/v2\/pages\/4877","targetHints":{"allow":["GET"]}}],"collection":[{"href":"https:\/\/banques-ecoles.fr\/cms\/wp-json\/wp\/v2\/pages"}],"about":[{"href":"https:\/\/banques-ecoles.fr\/cms\/wp-json\/wp\/v2\/types\/page"}],"author":[{"embeddable":true,"href":"https:\/\/banques-ecoles.fr\/cms\/wp-json\/wp\/v2\/users\/5"}],"replies":[{"embeddable":true,"href":"https:\/\/banques-ecoles.fr\/cms\/wp-json\/wp\/v2\/comments?post=4877"}],"version-history":[{"count":37,"href":"https:\/\/banques-ecoles.fr\/cms\/wp-json\/wp\/v2\/pages\/4877\/revisions"}],"predecessor-version":[{"id":6540,"href":"https:\/\/banques-ecoles.fr\/cms\/wp-json\/wp\/v2\/pages\/4877\/revisions\/6540"}],"up":[{"embeddable":true,"href":"https:\/\/banques-ecoles.fr\/cms\/wp-json\/wp\/v2\/pages\/969"}],"wp:attachment":[{"href":"https:\/\/banques-ecoles.fr\/cms\/wp-json\/wp\/v2\/media?parent=4877"}],"curies":[{"name":"wp","href":"https:\/\/api.w.org\/{rel}","templated":true}]}}