{"id":4881,"date":"2016-04-22T18:07:25","date_gmt":"2016-04-22T16:07:25","guid":{"rendered":"https:\/\/banques-ecoles.fr\/cms\/?page_id=4881"},"modified":"2016-06-15T16:31:57","modified_gmt":"2016-06-15T14:31:57","slug":"session-2016","status":"publish","type":"page","link":"https:\/\/banques-ecoles.fr\/cms\/filieres-universitaires-second-concours-scientifique\/annales-du-second-concours-de-lens-de-lyon\/session-2016\/","title":{"rendered":"Session 2016"},"content":{"rendered":"<p>Sujets des \u00e9preuves \u00e9crites du concours des fili\u00e8res universitaires de l&rsquo;ENS de Lyon, session 2016.<\/p>\n<p>&nbsp;<\/p>\n<p><a href=\"https:\/\/banques-ecoles.fr\/cms\/wp-content\/uploads\/2016\/06\/16_2c_biologie.pdf\" target=\"_blank\">Sujet de l&rsquo;\u00e9crit de Biologie-Biochimie<\/a><\/p>\n<p><a href=\"https:\/\/banques-ecoles.fr\/cms\/wp-content\/uploads\/2016\/06\/16_2c_chimie.pdf\" target=\"_blank\">Sujet de l&rsquo;\u00e9crit de Chimie<\/a><\/p>\n<p><a href=\"https:\/\/banques-ecoles.fr\/cms\/wp-content\/uploads\/2016\/06\/16_2c_Geologie.pdf\" target=\"_blank\">Sujet de l&rsquo;\u00e9crit des G\u00e9osciences<\/a><\/p>\n<p><a href=\"https:\/\/banques-ecoles.fr\/cms\/wp-content\/uploads\/2016\/06\/16_2c_physique.pdf\" target=\"_blank\">Sujet de l&rsquo;\u00e9crit de la Physique<\/a><\/p>\n<p><a href=\"https:\/\/banques-ecoles.fr\/cms\/wp-content\/uploads\/2016\/04\/16_2c_math.pdf\" target=\"_blank\">Sujet de l&rsquo;\u00e9crit des Math\u00e9matiques<\/a><\/p>\n<p><a href=\"https:\/\/banques-ecoles.fr\/cms\/wp-content\/uploads\/2016\/04\/16_2c_informatique.pdf\" target=\"_blank\">Sujet de l&rsquo;\u00e9crit de l&rsquo;Informatique<\/a><\/p>\n","protected":false},"excerpt":{"rendered":"<p>Sujets des \u00e9preuves \u00e9crites du concours des fili\u00e8res universitaires de l&rsquo;ENS de Lyon, session 2016. &nbsp; Sujet de l&rsquo;\u00e9crit de Biologie-Biochimie Sujet de l&rsquo;\u00e9crit de Chimie Sujet de l&rsquo;\u00e9crit des G\u00e9osciences Sujet de l&rsquo;\u00e9crit de la Physique Sujet de l&rsquo;\u00e9crit <a href=\"https:\/\/banques-ecoles.fr\/cms\/filieres-universitaires-second-concours-scientifique\/annales-du-second-concours-de-lens-de-lyon\/session-2016\/\">[Lire la suite]<\/a><\/p>\n","protected":false},"author":5,"featured_media":0,"parent":1184,"menu_order":0,"comment_status":"closed","ping_status":"closed","template":"","meta":{"footnotes":""},"class_list":["post-4881","page","type-page","status-publish","hentry"],"_links":{"self":[{"href":"https:\/\/banques-ecoles.fr\/cms\/wp-json\/wp\/v2\/pages\/4881","targetHints":{"allow":["GET"]}}],"collection":[{"href":"https:\/\/banques-ecoles.fr\/cms\/wp-json\/wp\/v2\/pages"}],"about":[{"href":"https:\/\/banques-ecoles.fr\/cms\/wp-json\/wp\/v2\/types\/page"}],"author":[{"embeddable":true,"href":"https:\/\/banques-ecoles.fr\/cms\/wp-json\/wp\/v2\/users\/5"}],"replies":[{"embeddable":true,"href":"https:\/\/banques-ecoles.fr\/cms\/wp-json\/wp\/v2\/comments?post=4881"}],"version-history":[{"count":11,"href":"https:\/\/banques-ecoles.fr\/cms\/wp-json\/wp\/v2\/pages\/4881\/revisions"}],"predecessor-version":[{"id":5179,"href":"https:\/\/banques-ecoles.fr\/cms\/wp-json\/wp\/v2\/pages\/4881\/revisions\/5179"}],"up":[{"embeddable":true,"href":"https:\/\/banques-ecoles.fr\/cms\/wp-json\/wp\/v2\/pages\/1184"}],"wp:attachment":[{"href":"https:\/\/banques-ecoles.fr\/cms\/wp-json\/wp\/v2\/media?parent=4881"}],"curies":[{"name":"wp","href":"https:\/\/api.w.org\/{rel}","templated":true}]}}