{"id":4889,"date":"2016-04-22T18:28:30","date_gmt":"2016-04-22T16:28:30","guid":{"rendered":"https:\/\/banques-ecoles.fr\/cms\/?page_id=4889"},"modified":"2017-05-16T08:57:07","modified_gmt":"2017-05-16T06:57:07","slug":"session-2016","status":"publish","type":"page","link":"https:\/\/banques-ecoles.fr\/cms\/filieres-universitaires-second-concours-scientifique\/rapports-des-jurys-du-second-concours-de-lens-de-lyon\/session-2016\/","title":{"rendered":"Session 2016"},"content":{"rendered":"<p>Rapports sur les \u00e9preuves du concours ouvert aux fili\u00e8res universitaires de l&rsquo;ENS de Lyon &#8211; Session 2016.<\/p>\n<p>&nbsp;<\/p>\n<p><a href=\"https:\/\/banques-ecoles.fr\/cms\/wp-content\/uploads\/2016\/10\/16_2c_rap_general.pdf\" target=\"_blank\">Rapport g\u00e9n\u00e9ral<\/a><\/p>\n<p>&nbsp;<\/p>\n<p><a href=\"https:\/\/banques-ecoles.fr\/cms\/wp-content\/uploads\/2017\/05\/16_2c_rap_eBio.pdf\" target=\"_blank\">\u00c9preuve \u00e9crite de biologie-biochimie<\/a><\/p>\n<p><a href=\"https:\/\/banques-ecoles.fr\/cms\/wp-content\/uploads\/2016\/10\/16_2c_rap_eST.pdf\" target=\"_blank\">\u00c9preuve \u00e9crite de g\u00e9osciences<\/a><\/p>\n<p><a href=\"https:\/\/banques-ecoles.fr\/cms\/wp-content\/uploads\/2016\/11\/16_2c_rap_eChimie.pdf\" target=\"_blank\">\u00c9preuve \u00e9crite de chimie<\/a><\/p>\n<p><a href=\"https:\/\/banques-ecoles.fr\/cms\/wp-content\/uploads\/2016\/10\/16_2c_rap_ePhy.pdf\" target=\"_blank\">\u00c9preuve \u00e9crite de physique<\/a><\/p>\n<p><a href=\"https:\/\/banques-ecoles.fr\/cms\/wp-content\/uploads\/2016\/09\/16_2c_rap_eMath.pdf\" target=\"_blank\">\u00c9preuve \u00e9crite de math\u00e9matiques<\/a><\/p>\n<p><a href=\"https:\/\/banques-ecoles.fr\/cms\/wp-content\/uploads\/2016\/09\/16_2c_rap_eInfo.pdf\" target=\"_blank\">\u00c9preuve \u00e9crite d\u2019informatique<\/a><\/p>\n<p>&nbsp;<\/p>\n<p><a href=\"https:\/\/banques-ecoles.fr\/cms\/wp-content\/uploads\/2016\/10\/16_2c_rap_oBio.pdf\" target=\"_blank\">\u00c9preuve orale de biologie-biochimie<\/a><\/p>\n<p><a href=\"https:\/\/banques-ecoles.fr\/cms\/wp-content\/uploads\/2016\/10\/16_2c_rap_oST.pdf\" target=\"_blank\">\u00c9preuve orale de g\u00e9osciences<\/a><\/p>\n<p><a href=\"https:\/\/banques-ecoles.fr\/cms\/wp-content\/uploads\/2016\/11\/16_2c_rap_oChimie.pdf\" target=\"_blank\">\u00c9preuve orale de chimie<\/a><\/p>\n<p><a href=\"https:\/\/banques-ecoles.fr\/cms\/wp-content\/uploads\/2016\/09\/16_2c_rap_oPhy.pdf\" target=\"_blank\">\u00c9preuve orale de physique<\/a><\/p>\n<p><a href=\"https:\/\/banques-ecoles.fr\/cms\/wp-content\/uploads\/2016\/09\/16_2c_rap_oMath.pdf\" target=\"_blank\">\u00c9preuve orale de math\u00e9matiques<\/a><\/p>\n<p><a href=\"https:\/\/banques-ecoles.fr\/cms\/wp-content\/uploads\/2016\/10\/16_2c_rap_oInfo.pdf\" target=\"_blank\">\u00c9preuve orale\u00a0d\u2019informatique<\/a><\/p>\n<p>&nbsp;<\/p>\n<p><a href=\"https:\/\/banques-ecoles.fr\/cms\/wp-content\/uploads\/2016\/07\/16_2c_rap_oLV.pdf\" target=\"_blank\">\u00c9preuve orale de langue vivante<\/a><\/p>\n<p><a href=\"https:\/\/banques-ecoles.fr\/cms\/wp-content\/uploads\/2016\/10\/16_2c_rap_oProjet.pdf\" target=\"_blank\">\u00c9preuve (orale) de projet personnel<\/a><\/p>\n","protected":false},"excerpt":{"rendered":"<p>Rapports sur les \u00e9preuves du concours ouvert aux fili\u00e8res universitaires de l&rsquo;ENS de Lyon &#8211; Session 2016. &nbsp; Rapport g\u00e9n\u00e9ral &nbsp; \u00c9preuve \u00e9crite de biologie-biochimie \u00c9preuve \u00e9crite de g\u00e9osciences \u00c9preuve \u00e9crite de chimie \u00c9preuve \u00e9crite de physique \u00c9preuve \u00e9crite de <a href=\"https:\/\/banques-ecoles.fr\/cms\/filieres-universitaires-second-concours-scientifique\/rapports-des-jurys-du-second-concours-de-lens-de-lyon\/session-2016\/\">[Lire la suite]<\/a><\/p>\n","protected":false},"author":5,"featured_media":0,"parent":1187,"menu_order":0,"comment_status":"closed","ping_status":"closed","template":"","meta":{"footnotes":""},"class_list":["post-4889","page","type-page","status-publish","hentry"],"_links":{"self":[{"href":"https:\/\/banques-ecoles.fr\/cms\/wp-json\/wp\/v2\/pages\/4889","targetHints":{"allow":["GET"]}}],"collection":[{"href":"https:\/\/banques-ecoles.fr\/cms\/wp-json\/wp\/v2\/pages"}],"about":[{"href":"https:\/\/banques-ecoles.fr\/cms\/wp-json\/wp\/v2\/types\/page"}],"author":[{"embeddable":true,"href":"https:\/\/banques-ecoles.fr\/cms\/wp-json\/wp\/v2\/users\/5"}],"replies":[{"embeddable":true,"href":"https:\/\/banques-ecoles.fr\/cms\/wp-json\/wp\/v2\/comments?post=4889"}],"version-history":[{"count":16,"href":"https:\/\/banques-ecoles.fr\/cms\/wp-json\/wp\/v2\/pages\/4889\/revisions"}],"predecessor-version":[{"id":5832,"href":"https:\/\/banques-ecoles.fr\/cms\/wp-json\/wp\/v2\/pages\/4889\/revisions\/5832"}],"up":[{"embeddable":true,"href":"https:\/\/banques-ecoles.fr\/cms\/wp-json\/wp\/v2\/pages\/1187"}],"wp:attachment":[{"href":"https:\/\/banques-ecoles.fr\/cms\/wp-json\/wp\/v2\/media?parent=4889"}],"curies":[{"name":"wp","href":"https:\/\/api.w.org\/{rel}","templated":true}]}}