{"id":4895,"date":"2016-04-22T18:33:59","date_gmt":"2016-04-22T16:33:59","guid":{"rendered":"https:\/\/banques-ecoles.fr\/cms\/?page_id=4895"},"modified":"2016-04-22T18:34:11","modified_gmt":"2016-04-22T16:34:11","slug":"session-2016","status":"publish","type":"page","link":"https:\/\/banques-ecoles.fr\/cms\/filieres-universitaires-second-concours-scientifique\/rapports-des-jurys-du-second-concours-de-lens-paris\/session-2016\/","title":{"rendered":"Session 2016"},"content":{"rendered":"<p>Rapports des jurys des \u00e9preuves \u00e9crites et orales du second concours de l&rsquo;ENS (Paris) de la session 2016.<\/p>\n<p>&nbsp;<\/p>\n<p>Rapport de l&rsquo;\u00e9crit de biologie-biochimie<\/p>\n<p>Rapport de l&rsquo;\u00e9crit de physique-math\u00e9matiques<\/p>\n<p>Rapport de l&rsquo;\u00e9crit de chimie-physique<\/p>\n<p>&nbsp;<\/p>\n<p>Rapport de l&rsquo;oral de chimie<\/p>\n<p>Rapport de l&rsquo;oral de physique<\/p>\n<p>Rapport de l&rsquo;oral de biologie-biochimie<\/p>\n<p>Rapport de l&rsquo;\u00e9preuve orale d&rsquo;anglais<\/p>\n","protected":false},"excerpt":{"rendered":"<p>Rapports des jurys des \u00e9preuves \u00e9crites et orales du second concours de l&rsquo;ENS (Paris) de la session 2016. &nbsp; Rapport de l&rsquo;\u00e9crit de biologie-biochimie Rapport de l&rsquo;\u00e9crit de physique-math\u00e9matiques Rapport de l&rsquo;\u00e9crit de chimie-physique &nbsp; Rapport de l&rsquo;oral de chimie <a href=\"https:\/\/banques-ecoles.fr\/cms\/filieres-universitaires-second-concours-scientifique\/rapports-des-jurys-du-second-concours-de-lens-paris\/session-2016\/\">[Lire la suite]<\/a><\/p>\n","protected":false},"author":5,"featured_media":0,"parent":1188,"menu_order":0,"comment_status":"closed","ping_status":"closed","template":"","meta":{"footnotes":""},"class_list":["post-4895","page","type-page","status-publish","hentry"],"_links":{"self":[{"href":"https:\/\/banques-ecoles.fr\/cms\/wp-json\/wp\/v2\/pages\/4895","targetHints":{"allow":["GET"]}}],"collection":[{"href":"https:\/\/banques-ecoles.fr\/cms\/wp-json\/wp\/v2\/pages"}],"about":[{"href":"https:\/\/banques-ecoles.fr\/cms\/wp-json\/wp\/v2\/types\/page"}],"author":[{"embeddable":true,"href":"https:\/\/banques-ecoles.fr\/cms\/wp-json\/wp\/v2\/users\/5"}],"replies":[{"embeddable":true,"href":"https:\/\/banques-ecoles.fr\/cms\/wp-json\/wp\/v2\/comments?post=4895"}],"version-history":[{"count":1,"href":"https:\/\/banques-ecoles.fr\/cms\/wp-json\/wp\/v2\/pages\/4895\/revisions"}],"predecessor-version":[{"id":4896,"href":"https:\/\/banques-ecoles.fr\/cms\/wp-json\/wp\/v2\/pages\/4895\/revisions\/4896"}],"up":[{"embeddable":true,"href":"https:\/\/banques-ecoles.fr\/cms\/wp-json\/wp\/v2\/pages\/1188"}],"wp:attachment":[{"href":"https:\/\/banques-ecoles.fr\/cms\/wp-json\/wp\/v2\/media?parent=4895"}],"curies":[{"name":"wp","href":"https:\/\/api.w.org\/{rel}","templated":true}]}}