{"id":51,"date":"2012-11-29T13:35:41","date_gmt":"2012-11-29T12:35:41","guid":{"rendered":"http:\/\/127.0.0.1\/wordpress342\/?page_id=51"},"modified":"2014-05-13T09:31:45","modified_gmt":"2014-05-13T07:31:45","slug":"ecole-normale-superieure","status":"publish","type":"page","link":"https:\/\/banques-ecoles.fr\/cms\/ecoles-partenaires\/ecole-normale-superieure\/","title":{"rendered":"\u00c9cole normale sup\u00e9rieure"},"content":{"rendered":"<p>Coordonn\u00e9es postales, t\u00e9l\u00e9phoniques et \u00e9lectroniques du service des admissions et des \u00e9tudes de l&rsquo;ENS (Paris).<\/p>\n<p>&nbsp;<\/p>\n<ul>\n<ul>\n<li>Adresse postale :<\/li>\n<\/ul>\n<\/ul>\n<p>\u00c9cole normale sup\u00e9rieure<br \/>\nService des admissions et des \u00e9tudes<br \/>\n45 rue d&rsquo;Ulm<br \/>\n75 230 PARIS Cedex 05<\/p>\n<p>&nbsp;<\/p>\n<ul>\n<li>T\u00e9l\u00e9phone : 01 44 32 28 05<\/li>\n<\/ul>\n<ul>\n<li>T\u00e9l\u00e9copie : 01 44 32 28 08<\/li>\n<\/ul>\n<ul>\n<li>Courriel : <em>concours&lt;<\/em>at&gt;<em>ens.fr<\/em><\/li>\n<\/ul>\n<p>&nbsp;<\/p>\n<ul>\n<li><a href=\"http:\/\/www.ens.fr\/a-propos\/l-ecole\/article\/contacts-et-plans\" target=\"_blank\">Plan de l&rsquo;ENS de Paris<\/a><\/li>\n<\/ul>\n<ul>\n<li><a href=\"http:\/\/www.ens.fr\/\" target=\"_blank\">Site de l&rsquo;ENS de Paris<\/a><\/li>\n<\/ul>\n<p>&nbsp;<\/p>\n","protected":false},"excerpt":{"rendered":"<p>Coordonn\u00e9es postales, t\u00e9l\u00e9phoniques et \u00e9lectroniques du service des admissions et des \u00e9tudes de l&rsquo;ENS (Paris). &nbsp; Adresse postale : \u00c9cole normale sup\u00e9rieure Service des admissions et des \u00e9tudes 45 rue d&rsquo;Ulm 75 230 PARIS Cedex 05 &nbsp; T\u00e9l\u00e9phone : 01 <a href=\"https:\/\/banques-ecoles.fr\/cms\/ecoles-partenaires\/ecole-normale-superieure\/\">[Lire la suite]<\/a><\/p>\n","protected":false},"author":1,"featured_media":0,"parent":127,"menu_order":0,"comment_status":"closed","ping_status":"closed","template":"","meta":{"footnotes":""},"class_list":["post-51","page","type-page","status-publish","hentry"],"_links":{"self":[{"href":"https:\/\/banques-ecoles.fr\/cms\/wp-json\/wp\/v2\/pages\/51","targetHints":{"allow":["GET"]}}],"collection":[{"href":"https:\/\/banques-ecoles.fr\/cms\/wp-json\/wp\/v2\/pages"}],"about":[{"href":"https:\/\/banques-ecoles.fr\/cms\/wp-json\/wp\/v2\/types\/page"}],"author":[{"embeddable":true,"href":"https:\/\/banques-ecoles.fr\/cms\/wp-json\/wp\/v2\/users\/1"}],"replies":[{"embeddable":true,"href":"https:\/\/banques-ecoles.fr\/cms\/wp-json\/wp\/v2\/comments?post=51"}],"version-history":[{"count":14,"href":"https:\/\/banques-ecoles.fr\/cms\/wp-json\/wp\/v2\/pages\/51\/revisions"}],"predecessor-version":[{"id":3122,"href":"https:\/\/banques-ecoles.fr\/cms\/wp-json\/wp\/v2\/pages\/51\/revisions\/3122"}],"up":[{"embeddable":true,"href":"https:\/\/banques-ecoles.fr\/cms\/wp-json\/wp\/v2\/pages\/127"}],"wp:attachment":[{"href":"https:\/\/banques-ecoles.fr\/cms\/wp-json\/wp\/v2\/media?parent=51"}],"curies":[{"name":"wp","href":"https:\/\/api.w.org\/{rel}","templated":true}]}}