{"id":53,"date":"2012-11-29T13:36:04","date_gmt":"2012-11-29T12:36:04","guid":{"rendered":"http:\/\/127.0.0.1\/wordpress342\/?page_id=53"},"modified":"2020-12-10T12:03:55","modified_gmt":"2020-12-10T10:03:55","slug":"ecole-normale-superieure-paris-saclay","status":"publish","type":"page","link":"https:\/\/banques-ecoles.fr\/cms\/ecoles-partenaires\/ecole-normale-superieure-paris-saclay\/","title":{"rendered":"\u00c9cole normale sup\u00e9rieure Paris-Saclay"},"content":{"rendered":"<p>Coordonn\u00e9es postales, t\u00e9l\u00e9phoniques et \u00e9lectroniques du service concours de l&rsquo;ENS Paris-Saclay.<\/p>\n<p><\/p>\n<ul>\n<li>Adresse postale :<br>\u00c9cole normale sup\u00e9rieure Paris-Saclay<br>Service concours<br>4 avenue des sciences<br>91190 GIF-SUR-YVETTE<\/li>\n<\/ul>\n<ul>\n<li>T\u00e9l\u00e9phone : 01 81 87 49 29<\/li>\n<\/ul>\n<ul>\n<li>Courriel : <em>concours&lt;<\/em>at&gt;<em>ens-paris-saclay.fr<\/em><\/li>\n<\/ul>\n<ul>\n<li><a href=\"https:\/\/ens-paris-saclay.fr\/lecole\/venir-lecole\">Plan de l&rsquo;ENS Paris-Saclay<\/a><\/li>\n<\/ul>\n<ul>\n<li><a href=\"https:\/\/ens-paris-saclay.fr\">Site de l&rsquo;ENS Paris-Saclay<\/a><\/li>\n<\/ul>\n\n","protected":false},"excerpt":{"rendered":"<p>Coordonn\u00e9es postales, t\u00e9l\u00e9phoniques et \u00e9lectroniques du service concours de l&rsquo;ENS Paris-Saclay. Adresse postale :\u00c9cole normale sup\u00e9rieure Paris-SaclayService concours4 avenue des sciences91190 GIF-SUR-YVETTE T\u00e9l\u00e9phone : 01 81 87 49 29 Courriel : concours&lt;at&gt;ens-paris-saclay.fr Plan de l&rsquo;ENS Paris-Saclay Site de l&rsquo;ENS Paris-Saclay<\/p>\n","protected":false},"author":1,"featured_media":0,"parent":127,"menu_order":3,"comment_status":"closed","ping_status":"closed","template":"","meta":{"footnotes":""},"class_list":["post-53","page","type-page","status-publish","hentry"],"_links":{"self":[{"href":"https:\/\/banques-ecoles.fr\/cms\/wp-json\/wp\/v2\/pages\/53","targetHints":{"allow":["GET"]}}],"collection":[{"href":"https:\/\/banques-ecoles.fr\/cms\/wp-json\/wp\/v2\/pages"}],"about":[{"href":"https:\/\/banques-ecoles.fr\/cms\/wp-json\/wp\/v2\/types\/page"}],"author":[{"embeddable":true,"href":"https:\/\/banques-ecoles.fr\/cms\/wp-json\/wp\/v2\/users\/1"}],"replies":[{"embeddable":true,"href":"https:\/\/banques-ecoles.fr\/cms\/wp-json\/wp\/v2\/comments?post=53"}],"version-history":[{"count":21,"href":"https:\/\/banques-ecoles.fr\/cms\/wp-json\/wp\/v2\/pages\/53\/revisions"}],"predecessor-version":[{"id":8973,"href":"https:\/\/banques-ecoles.fr\/cms\/wp-json\/wp\/v2\/pages\/53\/revisions\/8973"}],"up":[{"embeddable":true,"href":"https:\/\/banques-ecoles.fr\/cms\/wp-json\/wp\/v2\/pages\/127"}],"wp:attachment":[{"href":"https:\/\/banques-ecoles.fr\/cms\/wp-json\/wp\/v2\/media?parent=53"}],"curies":[{"name":"wp","href":"https:\/\/api.w.org\/{rel}","templated":true}]}}