{"id":534,"date":"2013-02-04T13:55:45","date_gmt":"2013-02-04T12:55:45","guid":{"rendered":"http:\/\/preprod.banques-ecoles.fr\/cms\/?page_id=534"},"modified":"2016-06-08T09:41:39","modified_gmt":"2016-06-08T07:41:39","slug":"information-hebergement-a-lyon","status":"publish","type":"page","link":"https:\/\/banques-ecoles.fr\/cms\/information-hebergement-a-lyon\/","title":{"rendered":"Information h\u00e9bergement \u00e0 Lyon"},"content":{"rendered":"<p><strong>\u00c0 LA RESIDENCE DEBOURG <\/strong><a href=\"http:\/\/www.ens-lyon.eu\/informations-pratiques\/acces-a-l-ens-de-lyon--81546.kjsp?RH=ENS-LYON-FR-CAMPUS\"><strong>site Monod<\/strong><\/a><strong>\u00a0: 45 all\u00e9e d\u2019Italie, Lyon 7<sup>\u00e8me<\/sup><\/strong><\/p>\n<p>&nbsp;<\/p>\n<p>Elle est g\u00e9r\u00e9e par l\u2019ENS de Lyon, en chambre double (2 candidats par chambre).<\/p>\n<p>Les candidats aux \u00e9preuves orales des concours scientifiques (BCPST, PC et 2e concours) peuvent \u00eatre log\u00e9s dans la limite des places disponibles.<\/p>\n<p>&nbsp;<\/p>\n<p><strong>Information et r\u00e9servation :<\/strong><\/p>\n<p>Ecrire \u00e0 l\u2019adresse suivante\u00a0: <a href=\"mailto:hebergementconcours.scientifique@ens-lyon.fr\">hebergementconcours.scientifique@ens-lyon.fr<\/a><\/p>\n<p><strong>\u00e0 partir du\u00a08 juin<\/strong> et apr\u00e8s r\u00e9ception de votre convocation d\u00e9finitive. Le traitement des r\u00e9servations commencera le 8 juin 2016.<\/p>\n<p>Il est rappel\u00e9 que seuls les candidats sont h\u00e9berg\u00e9s.<\/p>\n<p>&nbsp;<\/p>\n<p><strong>Tarif : <\/strong><\/p>\n<p>Si une chambre vous est r\u00e9serv\u00e9e<strong> pr\u00e9voir 2 ch\u00e8ques<\/strong> :<\/p>\n<ul>\n<li>pour le r\u00e8glement de votre chambre soit 30 euros la nuit\u00e9e ;<\/li>\n<li>pour la remise d\u2019un badge et d\u2019une cl\u00e9 vous devez d\u00e9poser un ch\u00e8que<br \/>\nde caution de 28 euros, qui vous permettra l\u2019acc\u00e8s \u00e0 la r\u00e9sidence des \u00e9l\u00e8ves.<\/li>\n<\/ul>\n<p>Le ch\u00e8que de caution vous sera rendu \u00e0 votre d\u00e9part contre la remise du badge et de la cl\u00e9.<\/p>\n<p>La perte ou vol du badge et\/ou de la cl\u00e9 doit \u00eatre signal\u00e9 sans d\u00e9lai aupr\u00e8s du secr\u00e9tariat d\u2019accueil des admissibles.<\/p>\n<p>&nbsp;<\/p>\n<p><strong>L\u2019accueil <\/strong>des candidats sera indiqu\u00e9 depuis l\u2019entr\u00e9e principale du site Monod de l\u2019ENS de Lyon, 45 all\u00e9e d\u2019Italie Lyon 7\u00e8me (m\u00e9tro ligne B, direction Stade de Gerland jusqu\u2019\u00e0 la station Debourg).<\/p>\n<p>Cet accueil est ouvert\u00a0:<\/p>\n<ul>\n<li>de 19h00 \u00e0 22h00 pour les arriv\u00e9es,<\/li>\n<li>de 7h00 \u00e0 11h00 pour les d\u00e9parts.<\/li>\n<\/ul>\n<p>Un kit de draps jetables vous sera remis \u00e0 votre arriv\u00e9e (linge de toilette et couverture non fournis).<\/p>\n<p>&nbsp;<\/p>\n<p>&nbsp;<\/p>\n<p><strong>AUTRES POSSIBILITES D&rsquo;HEBERGEMENT <\/strong><strong>:<\/strong> <a href=\"https:\/\/banques-ecoles.fr\/cms\/wp-content\/uploads\/2015\/05\/15_liste_hotels_Lyon.pdf\" target=\"_blank\">liste des h\u00f4tels<\/a> \u00e0 proximit\u00e9 de l\u2019ENS de Lyon<\/p>\n<p>&nbsp;<\/p>\n<p style=\"text-align: center;\">*******************************************************<\/p>\n<p>&nbsp;<\/p>\n<p><strong>REPAS\u00a0:<\/strong><\/p>\n<p>&nbsp;<\/p>\n<p><strong>Le restaurant du CROUS<\/strong> peut\u00a0accueillir les candidats admissibles pour le repas de midi pendant la dur\u00e9e des \u00e9preuves orales. Le tarif du passage au self est de 3.25 \u20ac (hors boisson) pour les candidats sur pr\u00e9sentation de leur convocation.<\/p>\n<p>Paiement par carte Mon\u00e9o ou en esp\u00e8ces, avec l\u2019appoint de pr\u00e9f\u00e9rence.<\/p>\n<p>&nbsp;<\/p>\n<p><strong>Le soir, le BDE de l\u2019ENS de Lyon<\/strong> propose des repas gratuits aux candidats, pour plus d\u2019information consultez le <a href=\"http:\/\/bde.ens-lyon.fr\/accueil-admissibles\/\">site internet du BDE<\/a>.<\/p>\n<p>&nbsp;<\/p>\n","protected":false},"excerpt":{"rendered":"<p>\u00c0 LA RESIDENCE DEBOURG site Monod\u00a0: 45 all\u00e9e d\u2019Italie, Lyon 7\u00e8me &nbsp; Elle est g\u00e9r\u00e9e par l\u2019ENS de Lyon, en chambre double (2 candidats par chambre). Les candidats aux \u00e9preuves orales des concours scientifiques (BCPST, PC et 2e concours) peuvent <a href=\"https:\/\/banques-ecoles.fr\/cms\/information-hebergement-a-lyon\/\">[Lire la suite]<\/a><\/p>\n","protected":false},"author":1,"featured_media":0,"parent":0,"menu_order":16,"comment_status":"closed","ping_status":"open","template":"","meta":{"footnotes":""},"class_list":["post-534","page","type-page","status-publish","hentry"],"_links":{"self":[{"href":"https:\/\/banques-ecoles.fr\/cms\/wp-json\/wp\/v2\/pages\/534","targetHints":{"allow":["GET"]}}],"collection":[{"href":"https:\/\/banques-ecoles.fr\/cms\/wp-json\/wp\/v2\/pages"}],"about":[{"href":"https:\/\/banques-ecoles.fr\/cms\/wp-json\/wp\/v2\/types\/page"}],"author":[{"embeddable":true,"href":"https:\/\/banques-ecoles.fr\/cms\/wp-json\/wp\/v2\/users\/1"}],"replies":[{"embeddable":true,"href":"https:\/\/banques-ecoles.fr\/cms\/wp-json\/wp\/v2\/comments?post=534"}],"version-history":[{"count":48,"href":"https:\/\/banques-ecoles.fr\/cms\/wp-json\/wp\/v2\/pages\/534\/revisions"}],"predecessor-version":[{"id":5907,"href":"https:\/\/banques-ecoles.fr\/cms\/wp-json\/wp\/v2\/pages\/534\/revisions\/5907"}],"wp:attachment":[{"href":"https:\/\/banques-ecoles.fr\/cms\/wp-json\/wp\/v2\/media?parent=534"}],"curies":[{"name":"wp","href":"https:\/\/api.w.org\/{rel}","templated":true}]}}