{"id":5471,"date":"2017-02-15T16:30:14","date_gmt":"2017-02-15T14:30:14","guid":{"rendered":"https:\/\/banques-ecoles.fr\/cms\/?page_id=5471"},"modified":"2018-02-05T12:14:47","modified_gmt":"2018-02-05T10:14:47","slug":"session-2017","status":"publish","type":"page","link":"https:\/\/banques-ecoles.fr\/cms\/session-2017\/","title":{"rendered":"Session 2017"},"content":{"rendered":"<p><strong>Banque d\u2019\u00c9preuves Litt\u00e9raires \u2013 Session 2017<\/strong><\/p>\n<p><a href=\"https:\/\/banques-ecoles.fr\/cms\/wp-content\/uploads\/2017\/03\/Liste-des-centres-d\u00e9crit-BEL-2017.pdf\">Liste des centres d&rsquo;\u00e9crit BEL 2017<\/a><\/p>\n<p><a href=\"https:\/\/banques-ecoles.fr\/cms\/wp-content\/uploads\/2016\/03\/Plan-dacc%C3%A8s-Espace-Jean-Monnet-Rungis.pdf\" rel=\"\">Plan d\u2019acc\u00e8s Espace Jean Monnet Rungis<\/a><\/p>\n<p><a href=\"https:\/\/banques-ecoles.fr\/cms\/wp-content\/uploads\/2017\/02\/Liste-des-dictionnaires-autoris\u00e9s-.-extrait-du-BO-N\u00b033-du-15-septembre-2016.pdf\">Liste des dictionnaires autoris\u00e9s<\/a><\/p>\n<p>&nbsp;<\/p>\n<p>Sujets des \u00e9preuves \u00e9crites :<\/p>\n<h4>\u00c9preuves communes<\/h4>\n<ul>\n<li><a href=\"https:\/\/banques-ecoles.fr\/cms\/wp-content\/uploads\/2017\/02\/17-BEL-Composition-dhistoire.pdf\">Composition d&rsquo;histoire<\/a><\/li>\n<li><a href=\"https:\/\/banques-ecoles.fr\/cms\/wp-content\/uploads\/2017\/02\/17_BEL_Composition-fran\u00e7aise.pdf\">Composition fran\u00e7aise<\/a><\/li>\n<li><a href=\"https:\/\/banques-ecoles.fr\/cms\/wp-content\/uploads\/2017\/02\/17-BEL-Composition-philo.pdf\">Composition de philosophie<\/a><\/li>\n<li><a href=\"https:\/\/banques-ecoles.fr\/cms\/wp-content\/uploads\/2017\/04\/17-BEL-commentaire-et-traduction-LVE.pdf\">Commentaire et traduction LVE<\/a><\/li>\n<li><a href=\"https:\/\/banques-ecoles.fr\/cms\/wp-content\/uploads\/2017\/02\/17-BEL-Epreuves-en-arts.pdf\">Epreuves en arts<\/a><\/li>\n<\/ul>\n<h4>\u00c9preuves sp\u00e9cifiques ENS de Lyon<\/h4>\n<ul>\n<li><a href=\"https:\/\/banques-ecoles.fr\/cms\/wp-content\/uploads\/2017\/02\/17-BEL-Composition-de-g\u00e9ographie-Lyon.pdf\">Composition de g\u00e9ographie<\/a><\/li>\n<li><a href=\"https:\/\/banques-ecoles.fr\/cms\/wp-content\/uploads\/2017\/02\/17-BEL-Epreuves-de-sp\u00e9cailit\u00e9-Lyon.pdf\">Epreuve de sp\u00e9cialit\u00e9 Lyon<\/a><\/li>\n<li><a href=\"https:\/\/banques-ecoles.fr\/cms\/wp-content\/uploads\/2017\/02\/17-BEL-Epreuve-de-sp\u00e9cialit\u00e9-version-grecque.pdf\">Epreuve de sp\u00e9cialit\u00e9 version grecque<\/a><\/li>\n<li><a href=\"https:\/\/banques-ecoles.fr\/cms\/wp-content\/uploads\/2017\/02\/17-BEL-Epreuve-de-sp\u00e9cialit\u00e9-g\u00e9ographie.pdf\">Commentaire de carte g\u00e9ographique<\/a><\/li>\n<\/ul>\n<h4>\u00c9preuves sp\u00e9cifiques ENS de Paris<\/h4>\n<ul>\n<li>langue et culture anciennes\n<ul>\n<li><a href=\"https:\/\/banques-ecoles.fr\/cms\/wp-content\/uploads\/2017\/05\/17_AL_sujet_Trad-comm-text-latin.pdf\">traduction et commentaire d&rsquo;un texte latin<\/a><\/li>\n<li><a href=\"https:\/\/banques-ecoles.fr\/cms\/wp-content\/uploads\/2017\/05\/17_AL_sujet_Trad-comm-text-grec.pdf\">traduction et commentaire d&rsquo;un texte grec<\/a><\/li>\n<li><a href=\"https:\/\/banques-ecoles.fr\/cms\/wp-content\/uploads\/2017\/05\/17_AL_sujet_Version-latine.pdf\">version latine<\/a><\/li>\n<li><a href=\"https:\/\/banques-ecoles.fr\/cms\/wp-content\/uploads\/2017\/05\/17_AL_sujet_Version-grecque.pdf\">version grecque<\/a><\/li>\n<\/ul>\n<\/li>\n<li>\u00e9preuve \u00e0 option\n<ul>\n<li><a href=\"https:\/\/banques-ecoles.fr\/cms\/wp-content\/uploads\/2017\/05\/17_AL_sujet_Version-latine-court-th\u00e8me.pdf\">version latine et court th\u00e8me<\/a><\/li>\n<li><a href=\"https:\/\/banques-ecoles.fr\/cms\/wp-content\/uploads\/2017\/05\/17_AL_sujet_commentaire-texte-philosophique.pdf\">commentaire d&rsquo;un texte philosophique<\/a><\/li>\n<li><a href=\"https:\/\/banques-ecoles.fr\/cms\/wp-content\/uploads\/2017\/05\/17_AL_sujet_commentaire-texte-fran\u00e7ais.pdf\">commentaire d&rsquo;un texte litt\u00e9raire fran\u00e7ais<\/a><\/li>\n<li><a href=\"https:\/\/banques-ecoles.fr\/cms\/wp-content\/uploads\/2017\/05\/17_AL_sujet_composition-g\u00e9ographie.pdf\">composition de g\u00e9ographie<\/a><\/li>\n<li>commentaire compos\u00e9 et court th\u00e8me\n<ul>\n<li><a href=\"https:\/\/banques-ecoles.fr\/cms\/wp-content\/uploads\/2017\/05\/17_AL_sujet_commentaire-compos\u00e9-court-th\u00e8me_allemand.pdf\">allemand<\/a><\/li>\n<li><a href=\"https:\/\/banques-ecoles.fr\/cms\/wp-content\/uploads\/2017\/05\/17_AL_sujet_commentaire-compos\u00e9-court-th\u00e8me_anglais.pdf\">anglais<\/a><\/li>\n<li><a href=\"https:\/\/banques-ecoles.fr\/cms\/wp-content\/uploads\/2017\/05\/17_AL_sujet_commentaire-compos\u00e9-court-th\u00e8me_espagnol.pdf\">espagnol<\/a><\/li>\n<li><a href=\"https:\/\/banques-ecoles.fr\/cms\/wp-content\/uploads\/2017\/05\/17_AL_sujet_commentaire-compos\u00e9-court-th\u00e8me_italien.pdf\">italien<\/a><\/li>\n<li><a href=\"https:\/\/banques-ecoles.fr\/cms\/wp-content\/uploads\/2017\/05\/17_AL_sujet_commentaire-compos\u00e9-court-th\u00e8me_russe.pdf\">russe<\/a><\/li>\n<\/ul>\n<\/li>\n<li>version et th\u00e8me\n<ul>\n<li><a href=\"https:\/\/banques-ecoles.fr\/cms\/wp-content\/uploads\/2017\/05\/17_AL_sujet_Version-th\u00e8me_allemand.pdf\">allemand<\/a><\/li>\n<li><a href=\"https:\/\/banques-ecoles.fr\/cms\/wp-content\/uploads\/2017\/05\/17_AL_sujet_Version-th\u00e8me_anglais.pdf\">anglais<\/a><\/li>\n<li><a href=\"https:\/\/banques-ecoles.fr\/cms\/wp-content\/uploads\/2017\/05\/17_AL_sujet_Version-th\u00e8me_chinois.pdf\">chinois<\/a><\/li>\n<li><a href=\"https:\/\/banques-ecoles.fr\/cms\/wp-content\/uploads\/2017\/05\/17_AL_sujet_Version-th\u00e8me_espagnol.pdf\">espagnol<\/a><\/li>\n<li><a href=\"https:\/\/banques-ecoles.fr\/cms\/wp-content\/uploads\/2017\/05\/17_AL_sujet_Version-th\u00e8me_italien.pdf\">italien<\/a><\/li>\n<li><a href=\"https:\/\/banques-ecoles.fr\/cms\/wp-content\/uploads\/2017\/05\/17_AL_sujet_Version-th\u00e8me_portugais.pdf\">portugais<\/a><\/li>\n<\/ul>\n<\/li>\n<\/ul>\n<\/li>\n<\/ul>\n","protected":false},"excerpt":{"rendered":"<p>Banque d\u2019\u00c9preuves Litt\u00e9raires \u2013 Session 2017 Liste des centres d&rsquo;\u00e9crit BEL 2017 Plan d\u2019acc\u00e8s Espace Jean Monnet Rungis Liste des dictionnaires autoris\u00e9s &nbsp; Sujets des \u00e9preuves \u00e9crites : \u00c9preuves communes Composition d&rsquo;histoire Composition fran\u00e7aise Composition de philosophie Commentaire et traduction <a href=\"https:\/\/banques-ecoles.fr\/cms\/session-2017\/\">[Lire la suite]<\/a><\/p>\n","protected":false},"author":1,"featured_media":0,"parent":0,"menu_order":0,"comment_status":"closed","ping_status":"closed","template":"","meta":{"footnotes":""},"class_list":["post-5471","page","type-page","status-publish","hentry"],"_links":{"self":[{"href":"https:\/\/banques-ecoles.fr\/cms\/wp-json\/wp\/v2\/pages\/5471","targetHints":{"allow":["GET"]}}],"collection":[{"href":"https:\/\/banques-ecoles.fr\/cms\/wp-json\/wp\/v2\/pages"}],"about":[{"href":"https:\/\/banques-ecoles.fr\/cms\/wp-json\/wp\/v2\/types\/page"}],"author":[{"embeddable":true,"href":"https:\/\/banques-ecoles.fr\/cms\/wp-json\/wp\/v2\/users\/1"}],"replies":[{"embeddable":true,"href":"https:\/\/banques-ecoles.fr\/cms\/wp-json\/wp\/v2\/comments?post=5471"}],"version-history":[{"count":37,"href":"https:\/\/banques-ecoles.fr\/cms\/wp-json\/wp\/v2\/pages\/5471\/revisions"}],"predecessor-version":[{"id":5825,"href":"https:\/\/banques-ecoles.fr\/cms\/wp-json\/wp\/v2\/pages\/5471\/revisions\/5825"}],"wp:attachment":[{"href":"https:\/\/banques-ecoles.fr\/cms\/wp-json\/wp\/v2\/media?parent=5471"}],"curies":[{"name":"wp","href":"https:\/\/api.w.org\/{rel}","templated":true}]}}