{"id":55,"date":"2012-11-29T13:36:24","date_gmt":"2012-11-29T12:36:24","guid":{"rendered":"http:\/\/127.0.0.1\/wordpress342\/?page_id=55"},"modified":"2014-05-13T09:30:30","modified_gmt":"2014-05-13T07:30:30","slug":"ecole-normale-superieure-de-lyon","status":"publish","type":"page","link":"https:\/\/banques-ecoles.fr\/cms\/ecoles-partenaires\/ecole-normale-superieure-de-lyon\/","title":{"rendered":"\u00c9cole normale sup\u00e9rieure de Lyon"},"content":{"rendered":"<p>Coordonn\u00e9es postales, t\u00e9l\u00e9phoniques et \u00e9lectroniques du service concours de l&rsquo;ENS de Lyon.<\/p>\n<p>&nbsp;<\/p>\n<div id=\"parent-fieldname-text\">\n<ul>\n<li>Adresse<\/li>\n<\/ul>\n<address>\u00c9cole normale sup\u00e9rieure de Lyon<br \/>\nService Admission et concours<br \/>\n15 parvis Ren\u00e9 Descartes<br \/>\nB.P. 7000<br \/>\n69342 LYON Cedex 07<\/address>\n<ul>\n<li>T\u00e9l\u00e9phones :<\/li>\n<\/ul>\n<address>04 37 37 61 74 pour les concours en lettres et sciences humaines<br \/>\n04 37 37 60 82 pour les concours en sciences exactes et exp\u00e9rimentales<\/address>\n<ul>\n<li>\u00a0T\u00e9l\u00e9copie : 04 37 37 60 64<\/li>\n<\/ul>\n<ul>\n<li>Courriel : <em>admission.concours&lt;<\/em><strong>at&gt;<\/strong><em>ens-lyon.fr<\/em><em><br \/>\n<\/em><\/li>\n<\/ul>\n<ul>\n<li><a href=\"http:\/\/www.ens-lyon.eu\/informations-pratiques\/acces-a-l-ens-de-lyon--81546.kjsp?RH=ENS-LYON-FR-CAMPUS\" target=\"_blank\">Plan de l&rsquo;ENS de Lyon<\/a><\/li>\n<\/ul>\n<ul>\n<li><a href=\"http:\/\/www.ens-lyon.eu\/\">Site de l&rsquo;ENS de Lyon<\/a><\/li>\n<\/ul>\n<\/div>\n","protected":false},"excerpt":{"rendered":"<p>Coordonn\u00e9es postales, t\u00e9l\u00e9phoniques et \u00e9lectroniques du service concours de l&rsquo;ENS de Lyon. &nbsp; Adresse \u00c9cole normale sup\u00e9rieure de Lyon Service Admission et concours 15 parvis Ren\u00e9 Descartes B.P. 7000 69342 LYON Cedex 07 T\u00e9l\u00e9phones : 04 37 37 61 74 <a href=\"https:\/\/banques-ecoles.fr\/cms\/ecoles-partenaires\/ecole-normale-superieure-de-lyon\/\">[Lire la suite]<\/a><\/p>\n","protected":false},"author":1,"featured_media":0,"parent":127,"menu_order":1,"comment_status":"closed","ping_status":"closed","template":"","meta":{"footnotes":""},"class_list":["post-55","page","type-page","status-publish","hentry"],"_links":{"self":[{"href":"https:\/\/banques-ecoles.fr\/cms\/wp-json\/wp\/v2\/pages\/55","targetHints":{"allow":["GET"]}}],"collection":[{"href":"https:\/\/banques-ecoles.fr\/cms\/wp-json\/wp\/v2\/pages"}],"about":[{"href":"https:\/\/banques-ecoles.fr\/cms\/wp-json\/wp\/v2\/types\/page"}],"author":[{"embeddable":true,"href":"https:\/\/banques-ecoles.fr\/cms\/wp-json\/wp\/v2\/users\/1"}],"replies":[{"embeddable":true,"href":"https:\/\/banques-ecoles.fr\/cms\/wp-json\/wp\/v2\/comments?post=55"}],"version-history":[{"count":12,"href":"https:\/\/banques-ecoles.fr\/cms\/wp-json\/wp\/v2\/pages\/55\/revisions"}],"predecessor-version":[{"id":3120,"href":"https:\/\/banques-ecoles.fr\/cms\/wp-json\/wp\/v2\/pages\/55\/revisions\/3120"}],"up":[{"embeddable":true,"href":"https:\/\/banques-ecoles.fr\/cms\/wp-json\/wp\/v2\/pages\/127"}],"wp:attachment":[{"href":"https:\/\/banques-ecoles.fr\/cms\/wp-json\/wp\/v2\/media?parent=55"}],"curies":[{"name":"wp","href":"https:\/\/api.w.org\/{rel}","templated":true}]}}