{"id":5744,"date":"2017-04-26T19:25:20","date_gmt":"2017-04-26T17:25:20","guid":{"rendered":"https:\/\/banques-ecoles.fr\/cms\/?page_id=5744"},"modified":"2017-11-24T22:44:35","modified_gmt":"2017-11-24T20:44:35","slug":"session-2017","status":"publish","type":"page","link":"https:\/\/banques-ecoles.fr\/cms\/filiere-mp\/annales-de-la-banque-i\/session-2017\/","title":{"rendered":"Session 2017"},"content":{"rendered":"<p><strong>Sujets des \u00e9preuves \u00e9crites de la banque MP\/Info 2017 :<\/strong><\/p>\n<p><a href=\"https:\/\/banques-ecoles.fr\/cms\/wp-content\/uploads\/2017\/05\/17_mp_sujet_mathC.pdf\" target=\"_blank\">\u00c9preuve \u00e9crite de Math C &#8211; 4h &#8211; MP ULCR<\/a><\/p>\n<p><a href=\"https:\/\/banques-ecoles.fr\/cms\/wp-content\/uploads\/2017\/07\/2017_Info_sujet_infoA.pdf\" target=\"_blank\">\u00c9preuve \u00e9crite de Info A &#8211; 4h &#8211; MP XULCR<\/a><\/p>\n<p><a href=\"https:\/\/banques-ecoles.fr\/cms\/wp-content\/uploads\/2017\/07\/2017_MPPC_sujet_infoB.pdf\" target=\"_blank\">\u00c9preuve \u00e9crite de Info B &#8211; 2h &#8211; MP-PC XELCR<\/a><\/p>\n<p><a href=\"https:\/\/banques-ecoles.fr\/cms\/wp-content\/uploads\/2017\/07\/2017_MP_sujet_Phy.pdf\" target=\"_blank\">\u00c9preuve \u00e9crite de Physique &#8211; 4h &#8211; MP XULCR<\/a><\/p>\n<p><a href=\"https:\/\/banques-ecoles.fr\/cms\/wp-content\/uploads\/2017\/05\/17_mpi_sujet_info-math.pdf\">\u00c9preuve \u00e9crite de Info-Math &#8211; 4h &#8211; MP ULCR<\/a><\/p>\n<p><a href=\"https:\/\/banques-ecoles.fr\/cms\/wp-content\/uploads\/2017\/11\/2017_MPPC_sujet_eFr.pdf\" target=\"_blank\">\u00c9preuve \u00e9crite de fran\u00e7ais &#8211; 4h &#8211; MP-PC XEULCR<\/a><\/p>\n<p>&nbsp;<\/p>\n<p><span style=\"text-decoration: underline;\"><em>\u00c9preuve \u00e9crite\u00a0de LV &#8211; 4h &#8211; MP-PC XEULCR :<\/em><\/span><\/p>\n<ul>\n<li><a href=\"https:\/\/banques-ecoles.fr\/cms\/wp-content\/uploads\/2017\/11\/2017_MPPC_sujet_eAll.pdf\" target=\"_blank\">allemand<\/a><\/li>\n<li><a href=\"https:\/\/banques-ecoles.fr\/cms\/wp-content\/uploads\/2017\/07\/2017_MPPC_sujet_eAnglais.pdf\" target=\"_blank\">anglais<\/a><\/li>\n<li><a href=\"https:\/\/banques-ecoles.fr\/cms\/wp-content\/uploads\/2017\/11\/2017_MPPC_sujet_eArabe.pdf\" target=\"_blank\">arabe<\/a><\/li>\n<li><a href=\"https:\/\/banques-ecoles.fr\/cms\/wp-content\/uploads\/2017\/11\/2017_MPPC_sujet_eChinois.pdf\" target=\"_blank\">chinois<\/a><\/li>\n<li><a href=\"https:\/\/banques-ecoles.fr\/cms\/wp-content\/uploads\/2017\/11\/2017_MPPC_sujet_eEsp.pdf\" target=\"_blank\">espagnol<\/a><\/li>\n<\/ul>\n","protected":false},"excerpt":{"rendered":"<p>Sujets des \u00e9preuves \u00e9crites de la banque MP\/Info 2017 : \u00c9preuve \u00e9crite de Math C &#8211; 4h &#8211; MP ULCR \u00c9preuve \u00e9crite de Info A &#8211; 4h &#8211; MP XULCR \u00c9preuve \u00e9crite de Info B &#8211; 2h &#8211; MP-PC XELCR <a href=\"https:\/\/banques-ecoles.fr\/cms\/filiere-mp\/annales-de-la-banque-i\/session-2017\/\">[Lire la suite]<\/a><\/p>\n","protected":false},"author":5,"featured_media":0,"parent":727,"menu_order":0,"comment_status":"closed","ping_status":"closed","template":"","meta":{"footnotes":""},"class_list":["post-5744","page","type-page","status-publish","hentry"],"_links":{"self":[{"href":"https:\/\/banques-ecoles.fr\/cms\/wp-json\/wp\/v2\/pages\/5744","targetHints":{"allow":["GET"]}}],"collection":[{"href":"https:\/\/banques-ecoles.fr\/cms\/wp-json\/wp\/v2\/pages"}],"about":[{"href":"https:\/\/banques-ecoles.fr\/cms\/wp-json\/wp\/v2\/types\/page"}],"author":[{"embeddable":true,"href":"https:\/\/banques-ecoles.fr\/cms\/wp-json\/wp\/v2\/users\/5"}],"replies":[{"embeddable":true,"href":"https:\/\/banques-ecoles.fr\/cms\/wp-json\/wp\/v2\/comments?post=5744"}],"version-history":[{"count":13,"href":"https:\/\/banques-ecoles.fr\/cms\/wp-json\/wp\/v2\/pages\/5744\/revisions"}],"predecessor-version":[{"id":6368,"href":"https:\/\/banques-ecoles.fr\/cms\/wp-json\/wp\/v2\/pages\/5744\/revisions\/6368"}],"up":[{"embeddable":true,"href":"https:\/\/banques-ecoles.fr\/cms\/wp-json\/wp\/v2\/pages\/727"}],"wp:attachment":[{"href":"https:\/\/banques-ecoles.fr\/cms\/wp-json\/wp\/v2\/media?parent=5744"}],"curies":[{"name":"wp","href":"https:\/\/api.w.org\/{rel}","templated":true}]}}