{"id":583,"date":"2013-02-07T14:04:50","date_gmt":"2013-02-07T13:04:50","guid":{"rendered":"http:\/\/bas.banques-ecoles.fr\/cms\/?page_id=583"},"modified":"2013-04-20T14:33:06","modified_gmt":"2013-04-20T13:33:06","slug":"session-2012","status":"publish","type":"page","link":"https:\/\/banques-ecoles.fr\/cms\/filiere-bcpst\/rapports-des-jurys-de-la-banque-bcpst\/session-2012\/","title":{"rendered":"Session 2012"},"content":{"rendered":"<p>Rapports de jury des \u00e9preuves \u00e9crites, pratiques et orales de la banque BCPST 2012.<\/p>\n<p>&nbsp;<\/p>\n<p><a href=\"\/cms\/wp-content\/data\/filiere-bcpst\/rapports-des-jurys-de-la-banque-bcpst\/session-2012\/rap_bcpst2012_ecrit_bio.pdf\">Rapport de l&rsquo;\u00e9crit de biologie<\/a><\/p>\n<p><a href=\"\/cms\/wp-content\/data\/filiere-bcpst\/rapports-des-jurys-de-la-banque-bcpst\/session-2012\/rap_bcpst2012_e_st.pdf\">Rapport de l&rsquo;\u00e9crit de sciences de la terre<\/a><\/p>\n<p><a href=\"\/cms\/wp-content\/data\/filiere-bcpst\/rapports-des-jurys-de-la-banque-bcpst\/session-2012\/rap_bcpst2012_ecrit_chi.pdf\">Rapport de l&rsquo;\u00e9crit de chimie<\/a><\/p>\n<p><a href=\"\/cms\/wp-content\/data\/filiere-bcpst\/rapports-des-jurys-de-la-banque-bcpst\/session-2012\/rap_bcpst2012_ecrit_phy.pdf\">Rapport de l&rsquo;\u00e9crit de physique<\/a><\/p>\n<p><a href=\"\/cms\/wp-content\/data\/filiere-bcpst\/rapports-des-jurys-de-la-banque-bcpst\/session-2012\/rap_bcpst2012_ecrit_math.pdf\">Rapport de l&rsquo;\u00e9crit de math\u00e9matiques<\/a><\/p>\n<p><a href=\"\/cms\/wp-content\/data\/filiere-bcpst\/rapports-des-jurys-de-la-banque-bcpst\/session-2012\/rap_bcpst2012_ecrit_fr.pdf\">Rapport de l&rsquo;\u00e9crit de fran\u00e7ais<\/a><\/p>\n<p><a href=\"\/cms\/wp-content\/data\/filiere-bcpst\/rapports-des-jurys-de-la-banque-bcpst\/session-2012\/rap_bcpst2012_ecrit_lv_all.pdf\">Rapport de l&rsquo;\u00e9crit d&rsquo;allemand<\/a><\/p>\n<p><a href=\"\/cms\/wp-content\/data\/filiere-bcpst\/rapports-des-jurys-de-la-banque-bcpst\/session-2012\/rap_bcpst2012_ecrit_lv_ang.pdf\">Rapport de l&rsquo;\u00e9crit d&rsquo;anglais<\/a><\/p>\n<p><a href=\"\/cms\/wp-content\/data\/filiere-bcpst\/rapports-des-jurys-de-la-banque-bcpst\/session-2012\/rap_bcpst2012_o_bio_c.pdf\">Rapport de l&rsquo;oral de biologie Cachan<\/a><\/p>\n<p><a href=\"\/cms\/wp-content\/data\/filiere-bcpst\/rapports-des-jurys-de-la-banque-bcpst\/session-2012\/rap_bcpst2012_o_bio_lyon.pdf\">Rapport de l&rsquo;oral de biologie Lyon<\/a><\/p>\n<p><a href=\"\/cms\/wp-content\/data\/filiere-bcpst\/rapports-des-jurys-de-la-banque-bcpst\/session-2012\/rap_bcpst2012_oral_biop.pdf\">Rapport de l&rsquo;oral de biologie Ulm<\/a><\/p>\n<p><a href=\"\/cms\/wp-content\/data\/filiere-bcpst\/rapports-des-jurys-de-la-banque-bcpst\/session-2012\/rap_bcpst2012_oral_st.pdf\">Rapport de l&rsquo;oral de sciences de la Terre<\/a><\/p>\n<p><a href=\"\/cms\/wp-content\/data\/filiere-bcpst\/rapports-des-jurys-de-la-banque-bcpst\/session-2012\/rap_bcpst2012_oral_chi.pdf\">Rapport de l&rsquo;oral de chimie<\/a><\/p>\n<p><a href=\"\/cms\/wp-content\/data\/filiere-bcpst\/rapports-des-jurys-de-la-banque-bcpst\/session-2012\/rap_bcpst2012_oral_phy.pdf\">Rapport de l&rsquo;oral de physique<\/a><\/p>\n<p><a href=\"\/cms\/wp-content\/data\/filiere-bcpst\/rapports-des-jurys-de-la-banque-bcpst\/session-2012\/rap_bcpst2012_tpbio.pdf\">Rapport des TP de biologie<\/a><\/p>\n<p><a href=\"\/cms\/wp-content\/data\/filiere-bcpst\/rapports-des-jurys-de-la-banque-bcpst\/session-2012\/rap_bcpst2012_tpchi.pdf\"> Rapport des TP de chimie<\/a><\/p>\n<p><a href=\"\/cms\/wp-content\/data\/filiere-bcpst\/rapports-des-jurys-de-la-banque-bcpst\/session-2012\/rap_bcpst2012_oral_tipe.pdf\">Rapport des travaux d&rsquo;initiative personnelle encadr\u00e9s<\/a><\/p>\n<p><a href=\"\/cms\/wp-content\/data\/filiere-bcpst\/rapports-des-jurys-de-la-banque-bcpst\/session-2012\/rap_bcpst2012_oral_lv_all.pdf\">Rapport de l&rsquo;oral d&rsquo;allemand<\/a><\/p>\n<p><a href=\"\/cms\/wp-content\/data\/filiere-bcpst\/rapports-des-jurys-de-la-banque-bcpst\/session-2012\/rap_bcpst2012_o_lv_ang.pdf\">Rapport de l&rsquo;oral d&rsquo;anglais<\/a><\/p>\n","protected":false},"excerpt":{"rendered":"<p>Rapports de jury des \u00e9preuves \u00e9crites, pratiques et orales de la banque BCPST 2012. &nbsp; Rapport de l&rsquo;\u00e9crit de biologie Rapport de l&rsquo;\u00e9crit de sciences de la terre Rapport de l&rsquo;\u00e9crit de chimie Rapport de l&rsquo;\u00e9crit de physique Rapport de <a href=\"https:\/\/banques-ecoles.fr\/cms\/filiere-bcpst\/rapports-des-jurys-de-la-banque-bcpst\/session-2012\/\">[Lire la suite]<\/a><\/p>\n","protected":false},"author":1,"featured_media":0,"parent":33,"menu_order":8,"comment_status":"closed","ping_status":"open","template":"","meta":{"footnotes":""},"class_list":["post-583","page","type-page","status-publish","hentry"],"_links":{"self":[{"href":"https:\/\/banques-ecoles.fr\/cms\/wp-json\/wp\/v2\/pages\/583","targetHints":{"allow":["GET"]}}],"collection":[{"href":"https:\/\/banques-ecoles.fr\/cms\/wp-json\/wp\/v2\/pages"}],"about":[{"href":"https:\/\/banques-ecoles.fr\/cms\/wp-json\/wp\/v2\/types\/page"}],"author":[{"embeddable":true,"href":"https:\/\/banques-ecoles.fr\/cms\/wp-json\/wp\/v2\/users\/1"}],"replies":[{"embeddable":true,"href":"https:\/\/banques-ecoles.fr\/cms\/wp-json\/wp\/v2\/comments?post=583"}],"version-history":[{"count":7,"href":"https:\/\/banques-ecoles.fr\/cms\/wp-json\/wp\/v2\/pages\/583\/revisions"}],"predecessor-version":[{"id":1910,"href":"https:\/\/banques-ecoles.fr\/cms\/wp-json\/wp\/v2\/pages\/583\/revisions\/1910"}],"up":[{"embeddable":true,"href":"https:\/\/banques-ecoles.fr\/cms\/wp-json\/wp\/v2\/pages\/33"}],"wp:attachment":[{"href":"https:\/\/banques-ecoles.fr\/cms\/wp-json\/wp\/v2\/media?parent=583"}],"curies":[{"name":"wp","href":"https:\/\/api.w.org\/{rel}","templated":true}]}}