{"id":5977,"date":"2017-07-18T21:30:36","date_gmt":"2017-07-18T19:30:36","guid":{"rendered":"https:\/\/banques-ecoles.fr\/cms\/?page_id=5977"},"modified":"2017-12-22T23:45:24","modified_gmt":"2017-12-22T21:45:24","slug":"session-2017-2","status":"publish","type":"page","link":"https:\/\/banques-ecoles.fr\/cms\/filiere-bcpst\/rapports-des-jurys-de-la-banque-bcpst\/session-2017-2\/","title":{"rendered":"Session 2017"},"content":{"rendered":"<p>Rapports des \u00e9preuves de la banque BCPST 2017.<\/p>\n<p>&nbsp;<\/p>\n<p><a href=\"https:\/\/banques-ecoles.fr\/cms\/wp-content\/uploads\/2017\/10\/17_bcpst_rap_eBio.pdf\" target=\"_blank\">\u00c9preuve \u00e9crite de biologie<\/a><\/p>\n<p><a href=\"https:\/\/banques-ecoles.fr\/cms\/wp-content\/uploads\/2017\/07\/17_bcpst_rap_eST.pdf\" target=\"_blank\">\u00c9preuve \u00e9crite de sciences de la Terre<\/a><\/p>\n<p><em><a href=\"https:\/\/banques-ecoles.fr\/cms\/wp-content\/uploads\/2017\/12\/17_bcpst_rap_eST_compl_corr.pdf\" target=\"_blank\">(\u00c9l\u00e9ments de correction pour l&rsquo;\u00e9preuve \u00e9crite de sciences de la Terre)<\/a><\/em><\/p>\n<p><a href=\"https:\/\/banques-ecoles.fr\/cms\/wp-content\/uploads\/2017\/10\/17_bcpst_rap_eChi.pdf\" target=\"_blank\">\u00c9preuve \u00e9crite de chimie<\/a><\/p>\n<p><a href=\"https:\/\/banques-ecoles.fr\/cms\/wp-content\/uploads\/2017\/11\/17_bcpst_rap_ePhy.pdf\" target=\"_blank\">\u00c9preuve \u00e9crite de physique<\/a><\/p>\n<p><a href=\"https:\/\/banques-ecoles.fr\/cms\/wp-content\/uploads\/2017\/09\/17_bcpst_rap_eMath.pdf\" target=\"_blank\">\u00c9preuve \u00e9crite de math\u00e9matiques<\/a><\/p>\n<p><a href=\"https:\/\/banques-ecoles.fr\/cms\/wp-content\/uploads\/2017\/07\/17_bcpst_rap_eFr.pdf\" target=\"_blank\">\u00c9preuve \u00e9crite de fran\u00e7ais<\/a><\/p>\n<p>&nbsp;<\/p>\n<p><em>\u00c9preuve \u00e9crite de LV :<\/em><\/p>\n<ul>\n<li><a href=\"https:\/\/banques-ecoles.fr\/cms\/wp-content\/uploads\/2017\/09\/17_bcpst_rap_eall.pdf\" target=\"_blank\">allemand<\/a><\/li>\n<li><a href=\"https:\/\/banques-ecoles.fr\/cms\/wp-content\/uploads\/2017\/07\/17_bcpst_rap_eAnglais.pdf\" target=\"_blank\">anglais<\/a><\/li>\n<li><a href=\"https:\/\/banques-ecoles.fr\/cms\/wp-content\/uploads\/2017\/09\/17_bcpst_rap_eoEsp.pdf\" target=\"_blank\">espagnol<\/a><\/li>\n<\/ul>\n<p><a href=\"https:\/\/banques-ecoles.fr\/cms\/wp-content\/uploads\/2017\/10\/17_bcpst_rap_oBioC.pdf\" target=\"_blank\">\u00c9preuve orale de biologie Cachan<\/a><\/p>\n<p><a href=\"https:\/\/banques-ecoles.fr\/cms\/wp-content\/uploads\/2017\/09\/17_bcpst_rap_oBioL.pdf\" target=\"_blank\">\u00c9preuve orale de biologie Lyon<\/a><\/p>\n<p><a href=\"https:\/\/banques-ecoles.fr\/cms\/wp-content\/uploads\/2017\/10\/17_bcpst_rap_oBioU.pdf\" target=\"_blank\">\u00c9preuve orale de biologie Ulm<\/a><\/p>\n<p><a href=\"https:\/\/banques-ecoles.fr\/cms\/wp-content\/uploads\/2017\/09\/17_bcpst_rap_oST_L.pdf\" target=\"_blank\">\u00c9preuve orale de sciences de la Terre Lyon\/ENPC<\/a><\/p>\n<p><a href=\"https:\/\/banques-ecoles.fr\/cms\/wp-content\/uploads\/2017\/11\/17_bcpst_rap_oSTU.pdf\" target=\"_blank\">\u00c9preuve orale de sciences de la Terre\u00a0Ulm<\/a><\/p>\n<p><a href=\"https:\/\/banques-ecoles.fr\/cms\/wp-content\/uploads\/2017\/09\/17_bcpst_rap_oChi.pdf\" target=\"_blank\">\u00c9preuve orale de chimie<\/a><\/p>\n<p><a href=\"https:\/\/banques-ecoles.fr\/cms\/wp-content\/uploads\/2017\/07\/17_bcpst_rap_oPhy.pdf\" target=\"_blank\">\u00c9preuve orale de physique<\/a><\/p>\n<p><a href=\"https:\/\/banques-ecoles.fr\/cms\/wp-content\/uploads\/2017\/10\/17_bcpst_rap_TP.pdf\" target=\"_blank\">\u00c9preuve de travaux pratiques de biologie et de chimie<\/a><\/p>\n<p><a href=\"https:\/\/banques-ecoles.fr\/cms\/wp-content\/uploads\/2017\/09\/17_bcpst_rap_tipe.pdf\" target=\"_blank\">\u00c9preuve de TIPE<\/a><\/p>\n<p><a href=\"https:\/\/banques-ecoles.fr\/cms\/wp-content\/uploads\/2017\/11\/17_bcpst_rap_oMath.pdf\" target=\"_blank\">\u00c9preuve orale\u00a0de math\u00e9matiques ENPC<\/a><\/p>\n<p>&nbsp;<\/p>\n<p><em>\u00c9preuve orale de LV :<\/em><\/p>\n<ul>\n<li><a href=\"https:\/\/banques-ecoles.fr\/cms\/wp-content\/uploads\/2017\/09\/17_bcpst_rap_oall.pdf\" target=\"_blank\">allemand<\/a><\/li>\n<li><a href=\"https:\/\/banques-ecoles.fr\/cms\/wp-content\/uploads\/2017\/07\/17_bcpst_rap_oAnglais.pdf\" target=\"_blank\">anglais<\/a><\/li>\n<li><a href=\"https:\/\/banques-ecoles.fr\/cms\/wp-content\/uploads\/2017\/09\/17_bcpst_rap_eoEsp.pdf\" target=\"_blank\">espagnol<\/a><\/li>\n<\/ul>\n","protected":false},"excerpt":{"rendered":"<p>Rapports des \u00e9preuves de la banque BCPST 2017. &nbsp; \u00c9preuve \u00e9crite de biologie \u00c9preuve \u00e9crite de sciences de la Terre (\u00c9l\u00e9ments de correction pour l&rsquo;\u00e9preuve \u00e9crite de sciences de la Terre) \u00c9preuve \u00e9crite de chimie \u00c9preuve \u00e9crite de physique \u00c9preuve <a href=\"https:\/\/banques-ecoles.fr\/cms\/filiere-bcpst\/rapports-des-jurys-de-la-banque-bcpst\/session-2017-2\/\">[Lire la suite]<\/a><\/p>\n","protected":false},"author":16,"featured_media":0,"parent":33,"menu_order":0,"comment_status":"closed","ping_status":"closed","template":"","meta":{"footnotes":""},"class_list":["post-5977","page","type-page","status-publish","hentry"],"_links":{"self":[{"href":"https:\/\/banques-ecoles.fr\/cms\/wp-json\/wp\/v2\/pages\/5977","targetHints":{"allow":["GET"]}}],"collection":[{"href":"https:\/\/banques-ecoles.fr\/cms\/wp-json\/wp\/v2\/pages"}],"about":[{"href":"https:\/\/banques-ecoles.fr\/cms\/wp-json\/wp\/v2\/types\/page"}],"author":[{"embeddable":true,"href":"https:\/\/banques-ecoles.fr\/cms\/wp-json\/wp\/v2\/users\/16"}],"replies":[{"embeddable":true,"href":"https:\/\/banques-ecoles.fr\/cms\/wp-json\/wp\/v2\/comments?post=5977"}],"version-history":[{"count":29,"href":"https:\/\/banques-ecoles.fr\/cms\/wp-json\/wp\/v2\/pages\/5977\/revisions"}],"predecessor-version":[{"id":6530,"href":"https:\/\/banques-ecoles.fr\/cms\/wp-json\/wp\/v2\/pages\/5977\/revisions\/6530"}],"up":[{"embeddable":true,"href":"https:\/\/banques-ecoles.fr\/cms\/wp-json\/wp\/v2\/pages\/33"}],"wp:attachment":[{"href":"https:\/\/banques-ecoles.fr\/cms\/wp-json\/wp\/v2\/media?parent=5977"}],"curies":[{"name":"wp","href":"https:\/\/api.w.org\/{rel}","templated":true}]}}