{"id":6035,"date":"2017-07-20T21:56:52","date_gmt":"2017-07-20T19:56:52","guid":{"rendered":"https:\/\/banques-ecoles.fr\/cms\/?page_id=6035"},"modified":"2018-05-30T11:45:19","modified_gmt":"2018-05-30T09:45:19","slug":"session-2017-3","status":"publish","type":"page","link":"https:\/\/banques-ecoles.fr\/cms\/filiere-mp\/rapports-des-jurys-de-la-banque-mmpmpi\/session-2017-3\/","title":{"rendered":"Session 2017"},"content":{"rendered":"<p><strong>Rapports de jury de la banque MP\/Info 2017 :<\/strong><\/p>\n<p>&nbsp;<\/p>\n<p><a href=\"https:\/\/banques-ecoles.fr\/cms\/wp-content\/uploads\/2017\/11\/17_MP_rap_eMathC.pdf\" target=\"_blank\" rel=\"noopener\">\u00c9preuve \u00e9crite de Math C \u2013 ULCR<\/a><\/p>\n<p><a href=\"https:\/\/banques-ecoles.fr\/cms\/wp-content\/uploads\/2017\/12\/17_MP_rap_eMathD.pdf\" target=\"_blank\" rel=\"noopener\">\u00c9preuve \u00e9crite de Math D &#8211; U<\/a><\/p>\n<p><a href=\"https:\/\/banques-ecoles.fr\/cms\/wp-content\/uploads\/2017\/11\/17_MP_rap_ePhy.pdf\" target=\"_blank\" rel=\"noopener\">\u00c9preuve \u00e9crite de physique \u2013 XULCR<\/a><\/p>\n<p><a href=\"https:\/\/banques-ecoles.fr\/cms\/wp-content\/uploads\/2017\/10\/17_info_rap_eInfoA.pdf\" target=\"_blank\" rel=\"noopener\">\u00c9preuve \u00e9crite de Info A 4h \u2013 XULCR<\/a><\/p>\n<p><a href=\"https:\/\/banques-ecoles.fr\/cms\/wp-content\/uploads\/2017\/12\/17_MP_rap_eInfoMath.pdf\" target=\"_blank\" rel=\"noopener\">\u00c9preuve \u00e9crite d\u2019Info-Math 4h \u2013 ULCR<\/a><\/p>\n<p><a href=\"https:\/\/banques-ecoles.fr\/cms\/wp-content\/uploads\/2017\/11\/17_MP-PC_rap_eFr.pdf\" target=\"_blank\" rel=\"noopener\">\u00c9preuve \u00e9crite\u00a0de fran\u00e7ais \u2013 4h \u2013 XULCR<\/a><\/p>\n<p>&nbsp;<\/p>\n<p><em>\u00c9preuve \u00e9crite\u00a0\u00e9crite de LV \u2013 4h \u2013 XULCR :<\/em><\/p>\n<ul>\n<li><a href=\"https:\/\/banques-ecoles.fr\/cms\/wp-content\/uploads\/2017\/11\/17_MP-PC_rap_eAng.pdf\" target=\"_blank\" rel=\"noopener\">anglais<\/a><\/li>\n<li><a href=\"https:\/\/banques-ecoles.fr\/cms\/wp-content\/uploads\/2017\/11\/17_MP-PC_rap_eAll.pdf\" target=\"_blank\" rel=\"noopener\">allemand<\/a><\/li>\n<li><a href=\"https:\/\/banques-ecoles.fr\/cms\/wp-content\/uploads\/2017\/11\/17_MP-PC_rap_eAr.pdf\" target=\"_blank\" rel=\"noopener\">arabe<\/a><\/li>\n<li><a href=\"https:\/\/banques-ecoles.fr\/cms\/wp-content\/uploads\/2017\/11\/17_MP-PC_rap_eChinois.pdf\" target=\"_blank\" rel=\"noopener\">chinois<\/a><\/li>\n<li><a href=\"https:\/\/banques-ecoles.fr\/cms\/wp-content\/uploads\/2017\/11\/17_MP-PC_rap_eEsp.pdf\" target=\"_blank\" rel=\"noopener\">espagnol<\/a><\/li>\n<\/ul>\n<p><a href=\"https:\/\/banques-ecoles.fr\/cms\/wp-content\/uploads\/2017\/11\/17_MP_rap_oMathULCR.pdf\" target=\"_blank\" rel=\"noopener\">\u00c9preuve orale de math\u00e9matiques \u2013 ULCR<\/a><\/p>\n<p><a href=\"https:\/\/banques-ecoles.fr\/cms\/wp-content\/uploads\/2017\/12\/17_MP_rap_oMathU.pdf\" target=\"_blank\" rel=\"noopener\">\u00c9preuve orale de math\u00e9matiques &#8211; U<\/a><\/p>\n<p><a href=\"https:\/\/banques-ecoles.fr\/cms\/wp-content\/uploads\/2017\/10\/17_mp_rap_ophy_clr.pdf\" target=\"_blank\" rel=\"noopener\">\u00c9preuve orale\u00a0de physique \u2013 LCR<\/a><\/p>\n<p><a href=\"https:\/\/banques-ecoles.fr\/cms\/wp-content\/uploads\/2017\/12\/17_MP_rap_oPhyU.pdf\" target=\"_blank\" rel=\"noopener\">\u00c9preuve orale de physique &#8211; U<\/a><\/p>\n<p><a href=\"https:\/\/banques-ecoles.fr\/cms\/wp-content\/uploads\/2017\/11\/17_info_rap_oInfoFond.pdf\" target=\"_blank\" rel=\"noopener\">\u00c9preuve orale d\u2019informatique fondamentale \u2013 LCR<\/a><\/p>\n<p><a href=\"https:\/\/banques-ecoles.fr\/cms\/wp-content\/uploads\/2017\/12\/17_MP_rap_oInfoU.pdf\" target=\"_blank\" rel=\"noopener\">\u00c9preuve orale d\u2019informatique \u2013 U<\/a><\/p>\n<p><a href=\"https:\/\/banques-ecoles.fr\/cms\/wp-content\/uploads\/2017\/11\/17_info_rap_TPalgo.pdf\" target=\"_blank\" rel=\"noopener\">\u00c9preuve de TP d\u2019algorithmique et programmation \u2013 ULCR<\/a><\/p>\n<p>&nbsp;<\/p>\n<p><em>\u00c9preuve de TIPE \u2013 ULCR :<\/em><\/p>\n<ul>\n<li><a href=\"https:\/\/banques-ecoles.fr\/cms\/wp-content\/uploads\/2017\/11\/17_MP_rap_TIPEinfo.pdf\" target=\"_blank\" rel=\"noopener\">informatique<\/a><\/li>\n<li><a href=\"https:\/\/banques-ecoles.fr\/cms\/wp-content\/uploads\/2017\/11\/17_MP_rap_TIPEmath.pdf\" target=\"_blank\" rel=\"noopener\">math\u00e9matiques<\/a><\/li>\n<li><a href=\"https:\/\/banques-ecoles.fr\/cms\/wp-content\/uploads\/2017\/11\/17_MP_rap_TIPEphy.pdf\" target=\"_blank\" rel=\"noopener\">physique<\/a><\/li>\n<\/ul>\n<p><em>\u00c9preuve orale\u00a0de LV \u2013 4h \u2013 XULCR :<\/em><\/p>\n<ul>\n<li><a href=\"https:\/\/banques-ecoles.fr\/cms\/wp-content\/uploads\/2017\/12\/17_MP-PC_rap_oAng.pdf\" target=\"_blank\" rel=\"noopener\">anglais<\/a><\/li>\n<li><a href=\"https:\/\/banques-ecoles.fr\/cms\/wp-content\/uploads\/2017\/12\/17_MP-PC_rap_oAll.pdf\" target=\"_blank\" rel=\"noopener\">allemand<\/a><\/li>\n<li>arabe<\/li>\n<li><a href=\"https:\/\/banques-ecoles.fr\/cms\/wp-content\/uploads\/2017\/12\/17_MP-PC_rap_oChinois.pdf\" target=\"_blank\" rel=\"noopener\">chinois<\/a><\/li>\n<li><a href=\"https:\/\/banques-ecoles.fr\/cms\/wp-content\/uploads\/2017\/12\/17_MP-PC_rap_oEsp.pdf\" target=\"_blank\" rel=\"noopener\">espagnol<\/a><\/li>\n<\/ul>\n","protected":false},"excerpt":{"rendered":"<p>Rapports de jury de la banque MP\/Info 2017 : &nbsp; \u00c9preuve \u00e9crite de Math C \u2013 ULCR \u00c9preuve \u00e9crite de Math D &#8211; U \u00c9preuve \u00e9crite de physique \u2013 XULCR \u00c9preuve \u00e9crite de Info A 4h \u2013 XULCR \u00c9preuve \u00e9crite <a href=\"https:\/\/banques-ecoles.fr\/cms\/filiere-mp\/rapports-des-jurys-de-la-banque-mmpmpi\/session-2017-3\/\">[Lire la suite]<\/a><\/p>\n","protected":false},"author":16,"featured_media":0,"parent":730,"menu_order":0,"comment_status":"closed","ping_status":"closed","template":"","meta":{"footnotes":""},"class_list":["post-6035","page","type-page","status-publish","hentry"],"_links":{"self":[{"href":"https:\/\/banques-ecoles.fr\/cms\/wp-json\/wp\/v2\/pages\/6035","targetHints":{"allow":["GET"]}}],"collection":[{"href":"https:\/\/banques-ecoles.fr\/cms\/wp-json\/wp\/v2\/pages"}],"about":[{"href":"https:\/\/banques-ecoles.fr\/cms\/wp-json\/wp\/v2\/types\/page"}],"author":[{"embeddable":true,"href":"https:\/\/banques-ecoles.fr\/cms\/wp-json\/wp\/v2\/users\/16"}],"replies":[{"embeddable":true,"href":"https:\/\/banques-ecoles.fr\/cms\/wp-json\/wp\/v2\/comments?post=6035"}],"version-history":[{"count":30,"href":"https:\/\/banques-ecoles.fr\/cms\/wp-json\/wp\/v2\/pages\/6035\/revisions"}],"predecessor-version":[{"id":6724,"href":"https:\/\/banques-ecoles.fr\/cms\/wp-json\/wp\/v2\/pages\/6035\/revisions\/6724"}],"up":[{"embeddable":true,"href":"https:\/\/banques-ecoles.fr\/cms\/wp-json\/wp\/v2\/pages\/730"}],"wp:attachment":[{"href":"https:\/\/banques-ecoles.fr\/cms\/wp-json\/wp\/v2\/media?parent=6035"}],"curies":[{"name":"wp","href":"https:\/\/api.w.org\/{rel}","templated":true}]}}